{"id":134,"date":"2020-08-25T01:31:50","date_gmt":"2020-08-24T22:31:50","guid":{"rendered":"http:\/\/selfie-ptk.eu\/about-us\/"},"modified":"2022-01-14T12:33:22","modified_gmt":"2022-01-14T10:33:22","slug":"about","status":"publish","type":"page","link":"https:\/\/selfie-ptk.eu\/et\/about\/","title":{"rendered":"About"},"content":{"rendered":"<div data-elementor-type=\"wp-page\" data-elementor-id=\"134\" class=\"elementor elementor-134\" data-elementor-post-type=\"page\">\n\t\t\t\t\t\t<section class=\"elementor-section elementor-top-section elementor-element elementor-element-c74c8d4 elementor-section-height-min-height elementor-section-content-middle elementor-section-boxed elementor-section-height-default elementor-section-items-middle\" data-id=\"c74c8d4\" data-element_type=\"section\" data-e-type=\"section\" data-settings=\"{&quot;background_background&quot;:&quot;classic&quot;,&quot;jet_parallax_layout_list&quot;:[{&quot;jet_parallax_layout_image&quot;:{&quot;url&quot;:&quot;&quot;,&quot;id&quot;:&quot;&quot;,&quot;size&quot;:&quot;&quot;},&quot;_id&quot;:&quot;b02d9d9&quot;,&quot;jet_parallax_layout_image_tablet&quot;:{&quot;url&quot;:&quot;&quot;,&quot;id&quot;:&quot;&quot;,&quot;size&quot;:&quot;&quot;},&quot;jet_parallax_layout_image_mobile&quot;:{&quot;url&quot;:&quot;&quot;,&quot;id&quot;:&quot;&quot;,&quot;size&quot;:&quot;&quot;},&quot;jet_parallax_layout_speed&quot;:{&quot;unit&quot;:&quot;%&quot;,&quot;size&quot;:50,&quot;sizes&quot;:[]},&quot;jet_parallax_layout_type&quot;:&quot;scroll&quot;,&quot;jet_parallax_layout_direction&quot;:&quot;1&quot;,&quot;jet_parallax_layout_fx_direction&quot;:null,&quot;jet_parallax_layout_z_index&quot;:&quot;&quot;,&quot;jet_parallax_layout_bg_x&quot;:50,&quot;jet_parallax_layout_bg_x_tablet&quot;:&quot;&quot;,&quot;jet_parallax_layout_bg_x_mobile&quot;:&quot;&quot;,&quot;jet_parallax_layout_bg_y&quot;:50,&quot;jet_parallax_layout_bg_y_tablet&quot;:&quot;&quot;,&quot;jet_parallax_layout_bg_y_mobile&quot;:&quot;&quot;,&quot;jet_parallax_layout_bg_size&quot;:&quot;auto&quot;,&quot;jet_parallax_layout_bg_size_tablet&quot;:&quot;&quot;,&quot;jet_parallax_layout_bg_size_mobile&quot;:&quot;&quot;,&quot;jet_parallax_layout_animation_prop&quot;:&quot;transform&quot;,&quot;jet_parallax_layout_on&quot;:[&quot;desktop&quot;,&quot;tablet&quot;]}]}\">\n\t\t\t\t\t\t\t<div class=\"elementor-background-overlay\"><\/div>\n\t\t\t\t\t\t\t<div class=\"elementor-container elementor-column-gap-no\">\n\t\t\t\t\t<div class=\"elementor-column elementor-col-100 elementor-top-column elementor-element elementor-element-428d588\" data-id=\"428d588\" data-element_type=\"column\" data-e-type=\"column\">\n\t\t\t<div class=\"elementor-widget-wrap elementor-element-populated\">\n\t\t\t\t\t\t<div class=\"elementor-element elementor-element-dc15db4 elementor-widget elementor-widget-heading\" data-id=\"dc15db4\" data-element_type=\"widget\" data-e-type=\"widget\" data-widget_type=\"heading.default\">\n\t\t\t\t<div class=\"elementor-widget-container\">\n\t\t\t\t\t<h1 class=\"elementor-heading-title elementor-size-default\">About <\/h1>\t\t\t\t<\/div>\n\t\t\t\t<\/div>\n\t\t\t\t\t<\/div>\n\t\t<\/div>\n\t\t\t\t\t<\/div>\n\t\t<\/section>\n\t\t\t\t<section class=\"elementor-section elementor-top-section elementor-element elementor-element-19b9dc3 elementor-section-content-bottom elementor-section-boxed elementor-section-height-default elementor-section-height-default\" data-id=\"19b9dc3\" data-element_type=\"section\" data-e-type=\"section\" data-settings=\"{&quot;jet_parallax_layout_list&quot;:[{&quot;jet_parallax_layout_image&quot;:{&quot;url&quot;:&quot;&quot;,&quot;id&quot;:&quot;&quot;,&quot;size&quot;:&quot;&quot;},&quot;_id&quot;:&quot;5e465fa&quot;,&quot;jet_parallax_layout_image_tablet&quot;:{&quot;url&quot;:&quot;&quot;,&quot;id&quot;:&quot;&quot;,&quot;size&quot;:&quot;&quot;},&quot;jet_parallax_layout_image_mobile&quot;:{&quot;url&quot;:&quot;&quot;,&quot;id&quot;:&quot;&quot;,&quot;size&quot;:&quot;&quot;},&quot;jet_parallax_layout_speed&quot;:{&quot;unit&quot;:&quot;%&quot;,&quot;size&quot;:50,&quot;sizes&quot;:[]},&quot;jet_parallax_layout_type&quot;:&quot;scroll&quot;,&quot;jet_parallax_layout_direction&quot;:&quot;1&quot;,&quot;jet_parallax_layout_fx_direction&quot;:null,&quot;jet_parallax_layout_z_index&quot;:&quot;&quot;,&quot;jet_parallax_layout_bg_x&quot;:50,&quot;jet_parallax_layout_bg_x_tablet&quot;:&quot;&quot;,&quot;jet_parallax_layout_bg_x_mobile&quot;:&quot;&quot;,&quot;jet_parallax_layout_bg_y&quot;:50,&quot;jet_parallax_layout_bg_y_tablet&quot;:&quot;&quot;,&quot;jet_parallax_layout_bg_y_mobile&quot;:&quot;&quot;,&quot;jet_parallax_layout_bg_size&quot;:&quot;auto&quot;,&quot;jet_parallax_layout_bg_size_tablet&quot;:&quot;&quot;,&quot;jet_parallax_layout_bg_size_mobile&quot;:&quot;&quot;,&quot;jet_parallax_layout_animation_prop&quot;:&quot;transform&quot;,&quot;jet_parallax_layout_on&quot;:[&quot;desktop&quot;,&quot;tablet&quot;]}],&quot;background_background&quot;:&quot;classic&quot;}\">\n\t\t\t\t\t\t<div class=\"elementor-container elementor-column-gap-no\">\n\t\t\t\t\t<div class=\"elementor-column elementor-col-50 elementor-top-column elementor-element elementor-element-06fbe25\" data-id=\"06fbe25\" data-element_type=\"column\" data-e-type=\"column\" data-settings=\"{&quot;background_background&quot;:&quot;classic&quot;}\">\n\t\t\t<div class=\"elementor-widget-wrap elementor-element-populated\">\n\t\t\t\t\t\t<div class=\"elementor-element elementor-element-d3fa440 elementor-nav-menu__align-justify elementor-nav-menu--dropdown-none elementor-widget elementor-widget-global elementor-global-952 elementor-widget-nav-menu\" data-id=\"d3fa440\" data-element_type=\"widget\" data-e-type=\"widget\" id=\"about-menu\" data-settings=\"{&quot;layout&quot;:&quot;vertical&quot;,&quot;submenu_icon&quot;:{&quot;value&quot;:&quot;fas fa-caret-down&quot;,&quot;library&quot;:&quot;fa-solid&quot;}}\" data-widget_type=\"nav-menu.default\">\n\t\t\t\t<div class=\"elementor-widget-container\">\n\t\t\t\t\t\t\t\t<nav aria-label=\"Menu\" class=\"elementor-nav-menu--main elementor-nav-menu__container elementor-nav-menu--layout-vertical e--pointer-none\">\n\t\t\t\t<ul id=\"menu-1-d3fa440\" class=\"elementor-nav-menu sm-vertical\"><li class=\"menu-item menu-item-type-post_type menu-item-object-page menu-item-2972\"><a href=\"https:\/\/selfie-ptk.eu\/et\/about\/\" class=\"elementor-item menu-link\">SELFIE PTK<\/a><\/li>\n<li class=\"menu-item menu-item-type-post_type menu-item-object-page menu-item-912\"><a href=\"https:\/\/selfie-ptk.eu\/et\/about\/what-is-the-selfie-ptk-for\/\" class=\"elementor-item menu-link\">Milleks on SELFIE PTK m\u00f5eldud?<\/a><\/li>\n<li class=\"menu-item menu-item-type-post_type menu-item-object-page menu-item-911\"><a href=\"https:\/\/selfie-ptk.eu\/et\/about\/who-is-the-selfie-ptk-for\/\" class=\"elementor-item menu-link\">Kellele on SELFIE PTK m\u00f5eldud?<\/a><\/li>\n<li class=\"menu-item menu-item-type-post_type menu-item-object-page menu-item-910\"><a href=\"https:\/\/selfie-ptk.eu\/et\/about\/who-has-produced-the-selfie-ptk\/\" class=\"elementor-item menu-link\">Kes on SELFIE PTK autorid?<\/a><\/li>\n<li class=\"menu-item menu-item-type-post_type menu-item-object-page menu-item-909\"><a href=\"https:\/\/selfie-ptk.eu\/et\/about\/how-does-the-selfie-ptk-work\/\" class=\"elementor-item menu-link\">Kuidas SELFIE PTK t\u00f6\u00f6tab?<\/a><\/li>\n<li class=\"menu-item menu-item-type-post_type menu-item-object-page menu-item-908\"><a href=\"https:\/\/selfie-ptk.eu\/et\/about\/what-is-a-selfie-based-action-plan\/\" class=\"elementor-item menu-link\">Mis on SELFIE-p\u00f5hine tegevuskava?<\/a><\/li>\n<li class=\"menu-item menu-item-type-post_type menu-item-object-page menu-item-4244\"><a href=\"https:\/\/selfie-ptk.eu\/et\/about\/selfie-tool-and-selfie-school-report\/\" class=\"elementor-item menu-link\">SELFIE t\u00f6\u00f6riist  &amp; kooli SELFIE aruanne<\/a><\/li>\n<\/ul>\t\t\t<\/nav>\n\t\t\t\t\t\t<nav class=\"elementor-nav-menu--dropdown elementor-nav-menu__container\" aria-hidden=\"true\">\n\t\t\t\t<ul id=\"menu-2-d3fa440\" class=\"elementor-nav-menu sm-vertical\"><li class=\"menu-item menu-item-type-post_type menu-item-object-page menu-item-2972\"><a href=\"https:\/\/selfie-ptk.eu\/et\/about\/\" class=\"elementor-item menu-link\" tabindex=\"-1\">SELFIE PTK<\/a><\/li>\n<li class=\"menu-item menu-item-type-post_type menu-item-object-page menu-item-912\"><a href=\"https:\/\/selfie-ptk.eu\/et\/about\/what-is-the-selfie-ptk-for\/\" class=\"elementor-item menu-link\" tabindex=\"-1\">Milleks on SELFIE PTK m\u00f5eldud?<\/a><\/li>\n<li class=\"menu-item menu-item-type-post_type menu-item-object-page menu-item-911\"><a href=\"https:\/\/selfie-ptk.eu\/et\/about\/who-is-the-selfie-ptk-for\/\" class=\"elementor-item menu-link\" tabindex=\"-1\">Kellele on SELFIE PTK m\u00f5eldud?<\/a><\/li>\n<li class=\"menu-item menu-item-type-post_type menu-item-object-page menu-item-910\"><a href=\"https:\/\/selfie-ptk.eu\/et\/about\/who-has-produced-the-selfie-ptk\/\" class=\"elementor-item menu-link\" tabindex=\"-1\">Kes on SELFIE PTK autorid?<\/a><\/li>\n<li class=\"menu-item menu-item-type-post_type menu-item-object-page menu-item-909\"><a href=\"https:\/\/selfie-ptk.eu\/et\/about\/how-does-the-selfie-ptk-work\/\" class=\"elementor-item menu-link\" tabindex=\"-1\">Kuidas SELFIE PTK t\u00f6\u00f6tab?<\/a><\/li>\n<li class=\"menu-item menu-item-type-post_type menu-item-object-page menu-item-908\"><a href=\"https:\/\/selfie-ptk.eu\/et\/about\/what-is-a-selfie-based-action-plan\/\" class=\"elementor-item menu-link\" tabindex=\"-1\">Mis on SELFIE-p\u00f5hine tegevuskava?<\/a><\/li>\n<li class=\"menu-item menu-item-type-post_type menu-item-object-page menu-item-4244\"><a href=\"https:\/\/selfie-ptk.eu\/et\/about\/selfie-tool-and-selfie-school-report\/\" class=\"elementor-item menu-link\" tabindex=\"-1\">SELFIE t\u00f6\u00f6riist  &amp; kooli SELFIE aruanne<\/a><\/li>\n<\/ul>\t\t\t<\/nav>\n\t\t\t\t\t\t<\/div>\n\t\t\t\t<\/div>\n\t\t\t\t\t<\/div>\n\t\t<\/div>\n\t\t\t\t<div class=\"elementor-column elementor-col-50 elementor-top-column elementor-element elementor-element-49e2b09\" data-id=\"49e2b09\" data-element_type=\"column\" data-e-type=\"column\">\n\t\t\t<div class=\"elementor-widget-wrap elementor-element-populated\">\n\t\t\t\t\t\t<div class=\"elementor-element elementor-element-2790841 elementor-widget elementor-widget-heading\" data-id=\"2790841\" data-element_type=\"widget\" data-e-type=\"widget\" data-widget_type=\"heading.default\">\n\t\t\t\t<div class=\"elementor-widget-container\">\n\t\t\t\t\t<h2 class=\"elementor-heading-title elementor-size-default\">SELFIE Haridusuuenduse T\u00f6\u00f6riistakomplekt (SELFIE PTK)<\/h2>\t\t\t\t<\/div>\n\t\t\t\t<\/div>\n\t\t\t\t<div class=\"elementor-element elementor-element-ec2c5db elementor-widget elementor-widget-text-editor\" data-id=\"ec2c5db\" data-element_type=\"widget\" data-e-type=\"widget\" data-widget_type=\"text-editor.default\">\n\t\t\t\t<div class=\"elementor-widget-container\">\n\t\t\t\t\t\t\t\t\t<p class=\"translation-block\">Euroopas leidub erinevaid algatusi, nende hulgas Euroopa Komisjoni loodud SELFIE, mis p\u00fc\u00fcavad kiirendada haridusuuendust Euroopa koolides ning toetavad selleks digip\u00e4devuse arendamist koolide \u00f5pikogukondades, s.o \u00f5pilaste, \u00f5petajate, koolitajate ja koolijuhtide seas. Paljudel juhtudel tehakse seda koolikogukonna eneseanal\u00fc\u00fcsile tuginedes, keskendudes koolis olemasolevatele digip\u00e4devustele ja sellele, kuidas neid edasi arendada. Sageli toetavad sellist eneseanal\u00fc\u00fcsi abivahendid nagu Euroopa Komisjoni digip\u00e4devuse raamistikul <a href=\"https:\/\/ec.europa.eu\/jrc\/en\/digcomporg\" target=\"_self\" rel=\"noopener\">DigCompOrg<\/a> p\u00f5hinev <a href=\"https:\/\/ec.europa.eu\/education\/schools-go-digital_en\" target=\"_self\" rel=\"noopener\">SELFIE<\/a> v\u00f5i siis sarnased ettev\u00f5tmised eraldi liikmesriikides, nagu n\u00e4iteks <a href=\"https:\/\/opeka.fi\/en\/presentation\/index\" target=\"_self\" rel=\"noopener\">Opeka<\/a> Soomes v\u00f5i <a href=\"https:\/\/www.dlplanning.ie\/\" target=\"_self\" rel=\"noopener\">Digital Schools of Distinction Iirimaal <\/a> (kui nimetada vaid kaks n\u00e4idet). Uuendusp\u00fc\u00fcdluste raames selliseid t\u00f6\u00f6riistu kasutades saavad koolikogukonnad tavaliselt selgema pildi, kuhu nad t\u00e4pselt digi\u00f5ppega kooli\u00fcleselt antud hetkeks v\u00e4lja on j\u00f5udnud. J\u00e4rgmise sammuna tuleks p\u00fc\u00fcda m\u00f5ista k\u00f5iki selle pildi \u00fcksikasju ning seda, kuidas edendada just neid aspekte, mida kool k\u00f5ige olulisemaks peab. Siin tulebki appi SELFIE Haridusuuenduse T\u00f6\u00f6riistakomplekt ehk SELFIE PTK, mis toob fookusesse kooli digi\u00f5ppe \"hetkepildi\", stimuleerib v\u00e4rskeid ideid eri tegevusteks ning annab n\u00f5u, kuidas neid h\u00e4sti l\u00e4bim\u00f5eldud digitaalseteks uuendusteekondadeks muuta.<\/p>\t\t\t\t\t\t\t\t<\/div>\n\t\t\t\t<\/div>\n\t\t\t\t<div class=\"elementor-element elementor-element-1e5ca8f elementor-align-left elementor-widget elementor-widget-button\" data-id=\"1e5ca8f\" data-element_type=\"widget\" data-e-type=\"widget\" data-widget_type=\"button.default\">\n\t\t\t\t<div class=\"elementor-widget-container\">\n\t\t\t\t\t\t\t\t\t<div class=\"elementor-button-wrapper\">\n\t\t\t\t\t<a class=\"elementor-button elementor-button-link elementor-size-sm\" href=\"\/et\/what-is-the-selfie-ptk-for\/\">\n\t\t\t\t\t\t<span class=\"elementor-button-content-wrapper\">\n\t\t\t\t\t\t<span class=\"elementor-button-icon\">\n\t\t\t\t<i aria-hidden=\"true\" class=\"fas fa-long-arrow-alt-right\"><\/i>\t\t\t<\/span>\n\t\t\t\t\t\t\t\t\t<span class=\"elementor-button-text\">Milleks on SELFIE PTK m\u00f5eldud?<\/span>\n\t\t\t\t\t<\/span>\n\t\t\t\t\t<\/a>\n\t\t\t\t<\/div>\n\t\t\t\t\t\t\t\t<\/div>\n\t\t\t\t<\/div>\n\t\t\t\t\t<\/div>\n\t\t<\/div>\n\t\t\t\t\t<\/div>\n\t\t<\/section>\n\t\t\t\t<\/div>","protected":false},"excerpt":{"rendered":"<p>About About the SELFIE Pedagogical Innovation Assistant Toolkit (SELFIE PTK) Various efforts in Europe, like the EC\u2019s SELFIE initiative, are seeking to accelerate educational innovation in Europe\u2019s schools by supporting the development of digital competence of school learning communities, i.e., learners, educators, trainers, and school leaders. In many cases, this is being pursued through the [&hellip;]<\/p>","protected":false},"author":1,"featured_media":0,"parent":0,"menu_order":0,"comment_status":"closed","ping_status":"closed","template":"","meta":{"site-sidebar-layout":"no-sidebar","site-content-layout":"page-builder","ast-site-content-layout":"default","site-content-style":"default","site-sidebar-style":"default","ast-global-header-display":"","ast-banner-title-visibility":"","ast-main-header-display":"","ast-hfb-above-header-display":"","ast-hfb-below-header-display":"","ast-hfb-mobile-header-display":"","site-post-title":"disabled","ast-breadcrumbs-content":"","ast-featured-img":"disabled","footer-sml-layout":"","theme-transparent-header-meta":"enabled","adv-header-id-meta":"","stick-header-meta":"","header-above-stick-meta":"","header-main-stick-meta":"","header-below-stick-meta":"","astra-migrate-meta-layouts":"default","ast-page-background-enabled":"default","ast-page-background-meta":{"desktop":{"background-color":"","background-image":"","background-repeat":"repeat","background-position":"center center","background-size":"auto","background-attachment":"scroll","background-type":"","background-media":"","overlay-type":"","overlay-color":"","overlay-opacity":"","overlay-gradient":""},"tablet":{"background-color":"","background-image":"","background-repeat":"repeat","background-position":"center center","background-size":"auto","background-attachment":"scroll","background-type":"","background-media":"","overlay-type":"","overlay-color":"","overlay-opacity":"","overlay-gradient":""},"mobile":{"background-color":"","background-image":"","background-repeat":"repeat","background-position":"center center","background-size":"auto","background-attachment":"scroll","background-type":"","background-media":"","overlay-type":"","overlay-color":"","overlay-opacity":"","overlay-gradient":""}},"ast-content-background-meta":{"desktop":{"background-color":"var(--ast-global-color-5)","background-image":"","background-repeat":"repeat","background-position":"center center","background-size":"auto","background-attachment":"scroll","background-type":"","background-media":"","overlay-type":"","overlay-color":"","overlay-opacity":"","overlay-gradient":""},"tablet":{"background-color":"var(--ast-global-color-5)","background-image":"","background-repeat":"repeat","background-position":"center center","background-size":"auto","background-attachment":"scroll","background-type":"","background-media":"","overlay-type":"","overlay-color":"","overlay-opacity":"","overlay-gradient":""},"mobile":{"background-color":"var(--ast-global-color-5)","background-image":"","background-repeat":"repeat","background-position":"center center","background-size":"auto","background-attachment":"scroll","background-type":"","background-media":"","overlay-type":"","overlay-color":"","overlay-opacity":"","overlay-gradient":""}},"footnotes":""},"class_list":["post-134","page","type-page","status-publish","hentry"],"_links":{"self":[{"href":"https:\/\/selfie-ptk.eu\/et\/wp-json\/wp\/v2\/pages\/134","targetHints":{"allow":["GET"]}}],"collection":[{"href":"https:\/\/selfie-ptk.eu\/et\/wp-json\/wp\/v2\/pages"}],"about":[{"href":"https:\/\/selfie-ptk.eu\/et\/wp-json\/wp\/v2\/types\/page"}],"author":[{"embeddable":true,"href":"https:\/\/selfie-ptk.eu\/et\/wp-json\/wp\/v2\/users\/1"}],"replies":[{"embeddable":true,"href":"https:\/\/selfie-ptk.eu\/et\/wp-json\/wp\/v2\/comments?post=134"}],"version-history":[{"count":5,"href":"https:\/\/selfie-ptk.eu\/et\/wp-json\/wp\/v2\/pages\/134\/revisions"}],"predecessor-version":[{"id":4804,"href":"https:\/\/selfie-ptk.eu\/et\/wp-json\/wp\/v2\/pages\/134\/revisions\/4804"}],"wp:attachment":[{"href":"https:\/\/selfie-ptk.eu\/et\/wp-json\/wp\/v2\/media?parent=134"}],"curies":[{"name":"wp","href":"https:\/\/api.w.org\/{rel}","templated":true}]}}