{"id":867,"date":"2021-06-30T09:56:23","date_gmt":"2021-06-30T06:56:23","guid":{"rendered":"http:\/\/selfie-ptk.eu\/?page_id=867"},"modified":"2021-10-11T15:55:19","modified_gmt":"2021-10-11T12:55:19","slug":"who-is-the-selfie-ptk-for","status":"publish","type":"page","link":"https:\/\/selfie-ptk.eu\/et\/about\/who-is-the-selfie-ptk-for\/","title":{"rendered":"Kellele on SELFIE PTK m\u00f5eldud?"},"content":{"rendered":"<div data-elementor-type=\"wp-page\" data-elementor-id=\"867\" class=\"elementor elementor-867\" data-elementor-post-type=\"page\">\n\t\t\t\t\t\t<section class=\"elementor-section elementor-top-section elementor-element elementor-element-5de1299 elementor-section-height-min-height elementor-section-boxed elementor-section-height-default elementor-section-items-middle\" data-id=\"5de1299\" data-element_type=\"section\" data-e-type=\"section\" data-settings=\"{&quot;background_background&quot;:&quot;classic&quot;,&quot;jet_parallax_layout_list&quot;:[{&quot;jet_parallax_layout_image&quot;:{&quot;url&quot;:&quot;&quot;,&quot;id&quot;:&quot;&quot;,&quot;size&quot;:&quot;&quot;},&quot;_id&quot;:&quot;b02d9d9&quot;,&quot;jet_parallax_layout_image_tablet&quot;:{&quot;url&quot;:&quot;&quot;,&quot;id&quot;:&quot;&quot;,&quot;size&quot;:&quot;&quot;},&quot;jet_parallax_layout_image_mobile&quot;:{&quot;url&quot;:&quot;&quot;,&quot;id&quot;:&quot;&quot;,&quot;size&quot;:&quot;&quot;},&quot;jet_parallax_layout_speed&quot;:{&quot;unit&quot;:&quot;%&quot;,&quot;size&quot;:50,&quot;sizes&quot;:[]},&quot;jet_parallax_layout_type&quot;:&quot;scroll&quot;,&quot;jet_parallax_layout_direction&quot;:&quot;1&quot;,&quot;jet_parallax_layout_fx_direction&quot;:null,&quot;jet_parallax_layout_z_index&quot;:&quot;&quot;,&quot;jet_parallax_layout_bg_x&quot;:50,&quot;jet_parallax_layout_bg_x_tablet&quot;:&quot;&quot;,&quot;jet_parallax_layout_bg_x_mobile&quot;:&quot;&quot;,&quot;jet_parallax_layout_bg_y&quot;:50,&quot;jet_parallax_layout_bg_y_tablet&quot;:&quot;&quot;,&quot;jet_parallax_layout_bg_y_mobile&quot;:&quot;&quot;,&quot;jet_parallax_layout_bg_size&quot;:&quot;auto&quot;,&quot;jet_parallax_layout_bg_size_tablet&quot;:&quot;&quot;,&quot;jet_parallax_layout_bg_size_mobile&quot;:&quot;&quot;,&quot;jet_parallax_layout_animation_prop&quot;:&quot;transform&quot;,&quot;jet_parallax_layout_on&quot;:[&quot;desktop&quot;,&quot;tablet&quot;]}]}\">\n\t\t\t\t\t\t\t<div class=\"elementor-background-overlay\"><\/div>\n\t\t\t\t\t\t\t<div class=\"elementor-container elementor-column-gap-no\">\n\t\t\t\t\t<div class=\"elementor-column elementor-col-100 elementor-top-column elementor-element elementor-element-d0f5bf2\" data-id=\"d0f5bf2\" data-element_type=\"column\" data-e-type=\"column\">\n\t\t\t<div class=\"elementor-widget-wrap elementor-element-populated\">\n\t\t\t\t\t\t\t<\/div>\n\t\t<\/div>\n\t\t\t\t\t<\/div>\n\t\t<\/section>\n\t\t\t\t<section class=\"elementor-section elementor-top-section elementor-element elementor-element-13d0281 elementor-section-content-bottom elementor-section-boxed elementor-section-height-default elementor-section-height-default\" data-id=\"13d0281\" data-element_type=\"section\" data-e-type=\"section\" data-settings=\"{&quot;jet_parallax_layout_list&quot;:[{&quot;jet_parallax_layout_image&quot;:{&quot;url&quot;:&quot;&quot;,&quot;id&quot;:&quot;&quot;,&quot;size&quot;:&quot;&quot;},&quot;_id&quot;:&quot;5e465fa&quot;,&quot;jet_parallax_layout_image_tablet&quot;:{&quot;url&quot;:&quot;&quot;,&quot;id&quot;:&quot;&quot;,&quot;size&quot;:&quot;&quot;},&quot;jet_parallax_layout_image_mobile&quot;:{&quot;url&quot;:&quot;&quot;,&quot;id&quot;:&quot;&quot;,&quot;size&quot;:&quot;&quot;},&quot;jet_parallax_layout_speed&quot;:{&quot;unit&quot;:&quot;%&quot;,&quot;size&quot;:50,&quot;sizes&quot;:[]},&quot;jet_parallax_layout_type&quot;:&quot;scroll&quot;,&quot;jet_parallax_layout_direction&quot;:&quot;1&quot;,&quot;jet_parallax_layout_fx_direction&quot;:null,&quot;jet_parallax_layout_z_index&quot;:&quot;&quot;,&quot;jet_parallax_layout_bg_x&quot;:50,&quot;jet_parallax_layout_bg_x_tablet&quot;:&quot;&quot;,&quot;jet_parallax_layout_bg_x_mobile&quot;:&quot;&quot;,&quot;jet_parallax_layout_bg_y&quot;:50,&quot;jet_parallax_layout_bg_y_tablet&quot;:&quot;&quot;,&quot;jet_parallax_layout_bg_y_mobile&quot;:&quot;&quot;,&quot;jet_parallax_layout_bg_size&quot;:&quot;auto&quot;,&quot;jet_parallax_layout_bg_size_tablet&quot;:&quot;&quot;,&quot;jet_parallax_layout_bg_size_mobile&quot;:&quot;&quot;,&quot;jet_parallax_layout_animation_prop&quot;:&quot;transform&quot;,&quot;jet_parallax_layout_on&quot;:[&quot;desktop&quot;,&quot;tablet&quot;]}],&quot;background_background&quot;:&quot;classic&quot;}\">\n\t\t\t\t\t\t<div class=\"elementor-container elementor-column-gap-no\">\n\t\t\t\t\t<div class=\"elementor-column elementor-col-50 elementor-top-column elementor-element elementor-element-bc48508\" data-id=\"bc48508\" data-element_type=\"column\" data-e-type=\"column\" data-settings=\"{&quot;background_background&quot;:&quot;classic&quot;}\">\n\t\t\t<div class=\"elementor-widget-wrap elementor-element-populated\">\n\t\t\t\t\t\t<div class=\"elementor-element elementor-element-2c2c7e5 elementor-nav-menu__align-justify elementor-nav-menu--dropdown-none elementor-widget elementor-widget-global elementor-global-952 elementor-widget-nav-menu\" data-id=\"2c2c7e5\" data-element_type=\"widget\" data-e-type=\"widget\" id=\"about-menu\" data-settings=\"{&quot;layout&quot;:&quot;vertical&quot;,&quot;submenu_icon&quot;:{&quot;value&quot;:&quot;fas fa-caret-down&quot;,&quot;library&quot;:&quot;fa-solid&quot;}}\" data-widget_type=\"nav-menu.default\">\n\t\t\t\t<div class=\"elementor-widget-container\">\n\t\t\t\t\t\t\t\t<nav aria-label=\"Menu\" class=\"elementor-nav-menu--main elementor-nav-menu__container elementor-nav-menu--layout-vertical e--pointer-none\">\n\t\t\t\t<ul id=\"menu-1-2c2c7e5\" class=\"elementor-nav-menu sm-vertical\"><li class=\"menu-item menu-item-type-post_type menu-item-object-page menu-item-2972\"><a href=\"https:\/\/selfie-ptk.eu\/et\/about\/\" class=\"elementor-item menu-link\">SELFIE PTK<\/a><\/li>\n<li class=\"menu-item menu-item-type-post_type menu-item-object-page menu-item-912\"><a href=\"https:\/\/selfie-ptk.eu\/et\/about\/what-is-the-selfie-ptk-for\/\" class=\"elementor-item menu-link\">Milleks on SELFIE PTK m\u00f5eldud?<\/a><\/li>\n<li class=\"menu-item menu-item-type-post_type menu-item-object-page menu-item-911\"><a href=\"https:\/\/selfie-ptk.eu\/et\/about\/who-is-the-selfie-ptk-for\/\" class=\"elementor-item menu-link\">Kellele on SELFIE PTK m\u00f5eldud?<\/a><\/li>\n<li class=\"menu-item menu-item-type-post_type menu-item-object-page menu-item-910\"><a href=\"https:\/\/selfie-ptk.eu\/et\/about\/who-has-produced-the-selfie-ptk\/\" class=\"elementor-item menu-link\">Kes on SELFIE PTK autorid?<\/a><\/li>\n<li class=\"menu-item menu-item-type-post_type menu-item-object-page menu-item-909\"><a href=\"https:\/\/selfie-ptk.eu\/et\/about\/how-does-the-selfie-ptk-work\/\" class=\"elementor-item menu-link\">Kuidas SELFIE PTK t\u00f6\u00f6tab?<\/a><\/li>\n<li class=\"menu-item menu-item-type-post_type menu-item-object-page menu-item-908\"><a href=\"https:\/\/selfie-ptk.eu\/et\/about\/what-is-a-selfie-based-action-plan\/\" class=\"elementor-item menu-link\">Mis on SELFIE-p\u00f5hine tegevuskava?<\/a><\/li>\n<li class=\"menu-item menu-item-type-post_type menu-item-object-page menu-item-4244\"><a href=\"https:\/\/selfie-ptk.eu\/et\/about\/selfie-tool-and-selfie-school-report\/\" class=\"elementor-item menu-link\">SELFIE t\u00f6\u00f6riist  &amp; kooli SELFIE aruanne<\/a><\/li>\n<\/ul>\t\t\t<\/nav>\n\t\t\t\t\t\t<nav class=\"elementor-nav-menu--dropdown elementor-nav-menu__container\" aria-hidden=\"true\">\n\t\t\t\t<ul id=\"menu-2-2c2c7e5\" class=\"elementor-nav-menu sm-vertical\"><li class=\"menu-item menu-item-type-post_type menu-item-object-page menu-item-2972\"><a href=\"https:\/\/selfie-ptk.eu\/et\/about\/\" class=\"elementor-item menu-link\" tabindex=\"-1\">SELFIE PTK<\/a><\/li>\n<li class=\"menu-item menu-item-type-post_type menu-item-object-page menu-item-912\"><a href=\"https:\/\/selfie-ptk.eu\/et\/about\/what-is-the-selfie-ptk-for\/\" class=\"elementor-item menu-link\" tabindex=\"-1\">Milleks on SELFIE PTK m\u00f5eldud?<\/a><\/li>\n<li class=\"menu-item menu-item-type-post_type menu-item-object-page menu-item-911\"><a href=\"https:\/\/selfie-ptk.eu\/et\/about\/who-is-the-selfie-ptk-for\/\" class=\"elementor-item menu-link\" tabindex=\"-1\">Kellele on SELFIE PTK m\u00f5eldud?<\/a><\/li>\n<li class=\"menu-item menu-item-type-post_type menu-item-object-page menu-item-910\"><a href=\"https:\/\/selfie-ptk.eu\/et\/about\/who-has-produced-the-selfie-ptk\/\" class=\"elementor-item menu-link\" tabindex=\"-1\">Kes on SELFIE PTK autorid?<\/a><\/li>\n<li class=\"menu-item menu-item-type-post_type menu-item-object-page menu-item-909\"><a href=\"https:\/\/selfie-ptk.eu\/et\/about\/how-does-the-selfie-ptk-work\/\" class=\"elementor-item menu-link\" tabindex=\"-1\">Kuidas SELFIE PTK t\u00f6\u00f6tab?<\/a><\/li>\n<li class=\"menu-item menu-item-type-post_type menu-item-object-page menu-item-908\"><a href=\"https:\/\/selfie-ptk.eu\/et\/about\/what-is-a-selfie-based-action-plan\/\" class=\"elementor-item menu-link\" tabindex=\"-1\">Mis on SELFIE-p\u00f5hine tegevuskava?<\/a><\/li>\n<li class=\"menu-item menu-item-type-post_type menu-item-object-page menu-item-4244\"><a href=\"https:\/\/selfie-ptk.eu\/et\/about\/selfie-tool-and-selfie-school-report\/\" class=\"elementor-item menu-link\" tabindex=\"-1\">SELFIE t\u00f6\u00f6riist  &amp; kooli SELFIE aruanne<\/a><\/li>\n<\/ul>\t\t\t<\/nav>\n\t\t\t\t\t\t<\/div>\n\t\t\t\t<\/div>\n\t\t\t\t\t<\/div>\n\t\t<\/div>\n\t\t\t\t<div class=\"elementor-column elementor-col-50 elementor-top-column elementor-element elementor-element-0f6c6b3\" data-id=\"0f6c6b3\" data-element_type=\"column\" data-e-type=\"column\">\n\t\t\t<div class=\"elementor-widget-wrap elementor-element-populated\">\n\t\t\t\t\t\t<div class=\"elementor-element elementor-element-aa7dd78 elementor-widget elementor-widget-heading\" data-id=\"aa7dd78\" data-element_type=\"widget\" data-e-type=\"widget\" data-widget_type=\"heading.default\">\n\t\t\t\t<div class=\"elementor-widget-container\">\n\t\t\t\t\t<h2 class=\"elementor-heading-title elementor-size-default\">Kellele on SELFIE PTK m\u00f5eldud?<\/h2>\t\t\t\t<\/div>\n\t\t\t\t<\/div>\n\t\t\t\t<div class=\"elementor-element elementor-element-966b4b6 elementor-widget elementor-widget-text-editor\" data-id=\"966b4b6\" data-element_type=\"widget\" data-e-type=\"widget\" data-widget_type=\"text-editor.default\">\n\t\t\t\t<div class=\"elementor-widget-container\">\n\t\t\t\t\t\t\t\t\t<p class=\"translation-block\">SELFIE PTK on m\u00f5eldud kasutamiseks alg- ja p\u00f5hikoolides, kes on kasutanud v\u00f5i sooviks kasutada SELFIE t\u00f6\u00f6riista oma digip\u00e4devuste anal\u00fc\u00fcsimiseks ja on huvitatud digi\u00f5ppe praktilistest h\u00fcvedest, mida personaliseeritud SELFIE-p\u00f5hise tegevuskava koostamine ja elluviimine pakub. Tegevuskava elluviimisel m\u00e4ngib l\u00f5ppude l\u00f5puks rolli terve koolikogukond. Kuid plaani koostamise, kooli juhtkonna ja \u00f5petajate kaasamise (nendega eesm\u00e4rkide jagamise ja nende p\u00fchendumuse tagamise) ning seej\u00e4rel tegevuste elluviimise j\u00e4lgimise ja hindamise eest vastutab p\u00f5hiliselt eraldi v\u00e4ike t\u00f6\u00f6r\u00fchm \u2014 kooli SELFIE PTK koordinatsioonir\u00fchm. Selline t\u00f6\u00f6r\u00fchm h\u00f5lmab tavaliselt kooli SELFIE koordinaatorit, koolijuhti ja teisi juhtkonna liikmeid (ainevaldkondade koordinaatoreid; IKT koordinaatorit; digihariduse \u00f5petajat; kooli hindamise, arendamise ja personali koolitamise eest vastutavaid \u00f5petajaid, jne) kui ka muid kooli korralduslike aspektidega seotud t\u00f6\u00f6tajaid.<\/p><p>Nemad on SELFIE PTK peamised kasutajad, kuid kasu v\u00f5ivad t\u00f6\u00f6riistakomplektist l\u00f5igata teisedki \u2014 sealhulgas koolid, kes kasutavad muid digip\u00e4devuse raamistikke ja t\u00f6\u00f6vahendeid, mis ei kuulu DigCompOrg-SELFIE perekonda, ning r\u00e4\u00e4kimata kooliv\u00f5rgustikest, kohalikest v\u00f5i regionaalsetest haridusametkondadest, digi\u00f5ppe konsultantidest, haridusministeeriumitest, jne.<\/p>\t\t\t\t\t\t\t\t<\/div>\n\t\t\t\t<\/div>\n\t\t\t\t<div class=\"elementor-element elementor-element-1ad72b4 elementor-align-left elementor-widget elementor-widget-button\" data-id=\"1ad72b4\" data-element_type=\"widget\" data-e-type=\"widget\" data-widget_type=\"button.default\">\n\t\t\t\t<div class=\"elementor-widget-container\">\n\t\t\t\t\t\t\t\t\t<div class=\"elementor-button-wrapper\">\n\t\t\t\t\t<a class=\"elementor-button elementor-button-link elementor-size-sm\" href=\"\/et\/who-has-produced-the-selfie-ptk\/\">\n\t\t\t\t\t\t<span class=\"elementor-button-content-wrapper\">\n\t\t\t\t\t\t<span class=\"elementor-button-icon\">\n\t\t\t\t<i aria-hidden=\"true\" class=\"fas fa-long-arrow-alt-right\"><\/i>\t\t\t<\/span>\n\t\t\t\t\t\t\t\t\t<span class=\"elementor-button-text\">Kes on SELFIE PTK autorid?<\/span>\n\t\t\t\t\t<\/span>\n\t\t\t\t\t<\/a>\n\t\t\t\t<\/div>\n\t\t\t\t\t\t\t\t<\/div>\n\t\t\t\t<\/div>\n\t\t\t\t\t<\/div>\n\t\t<\/div>\n\t\t\t\t\t<\/div>\n\t\t<\/section>\n\t\t\t\t<\/div>","protected":false},"excerpt":{"rendered":"<p>Who is the SELFIE PTK for? The SELFIE PTK is intended for individual primary and secondary schools, who have either used or would like to use the SELFIE tool to self-reflect about their digital competence and want to gain practical digital education benefits from that process by drawing up and enacting a personalised SELFIE-based Action [&hellip;]<\/p>","protected":false},"author":1,"featured_media":0,"parent":134,"menu_order":2,"comment_status":"closed","ping_status":"closed","template":"","meta":{"site-sidebar-layout":"no-sidebar","site-content-layout":"page-builder","ast-site-content-layout":"default","site-content-style":"default","site-sidebar-style":"default","ast-global-header-display":"","ast-banner-title-visibility":"","ast-main-header-display":"","ast-hfb-above-header-display":"","ast-hfb-below-header-display":"","ast-hfb-mobile-header-display":"","site-post-title":"disabled","ast-breadcrumbs-content":"","ast-featured-img":"disabled","footer-sml-layout":"","theme-transparent-header-meta":"default","adv-header-id-meta":"","stick-header-meta":"","header-above-stick-meta":"","header-main-stick-meta":"","header-below-stick-meta":"","astra-migrate-meta-layouts":"default","ast-page-background-enabled":"default","ast-page-background-meta":{"desktop":{"background-color":"","background-image":"","background-repeat":"repeat","background-position":"center center","background-size":"auto","background-attachment":"scroll","background-type":"","background-media":"","overlay-type":"","overlay-color":"","overlay-opacity":"","overlay-gradient":""},"tablet":{"background-color":"","background-image":"","background-repeat":"repeat","background-position":"center center","background-size":"auto","background-attachment":"scroll","background-type":"","background-media":"","overlay-type":"","overlay-color":"","overlay-opacity":"","overlay-gradient":""},"mobile":{"background-color":"","background-image":"","background-repeat":"repeat","background-position":"center center","background-size":"auto","background-attachment":"scroll","background-type":"","background-media":"","overlay-type":"","overlay-color":"","overlay-opacity":"","overlay-gradient":""}},"ast-content-background-meta":{"desktop":{"background-color":"var(--ast-global-color-5)","background-image":"","background-repeat":"repeat","background-position":"center center","background-size":"auto","background-attachment":"scroll","background-type":"","background-media":"","overlay-type":"","overlay-color":"","overlay-opacity":"","overlay-gradient":""},"tablet":{"background-color":"var(--ast-global-color-5)","background-image":"","background-repeat":"repeat","background-position":"center center","background-size":"auto","background-attachment":"scroll","background-type":"","background-media":"","overlay-type":"","overlay-color":"","overlay-opacity":"","overlay-gradient":""},"mobile":{"background-color":"var(--ast-global-color-5)","background-image":"","background-repeat":"repeat","background-position":"center center","background-size":"auto","background-attachment":"scroll","background-type":"","background-media":"","overlay-type":"","overlay-color":"","overlay-opacity":"","overlay-gradient":""}},"footnotes":""},"class_list":["post-867","page","type-page","status-publish","hentry"],"_links":{"self":[{"href":"https:\/\/selfie-ptk.eu\/et\/wp-json\/wp\/v2\/pages\/867","targetHints":{"allow":["GET"]}}],"collection":[{"href":"https:\/\/selfie-ptk.eu\/et\/wp-json\/wp\/v2\/pages"}],"about":[{"href":"https:\/\/selfie-ptk.eu\/et\/wp-json\/wp\/v2\/types\/page"}],"author":[{"embeddable":true,"href":"https:\/\/selfie-ptk.eu\/et\/wp-json\/wp\/v2\/users\/1"}],"replies":[{"embeddable":true,"href":"https:\/\/selfie-ptk.eu\/et\/wp-json\/wp\/v2\/comments?post=867"}],"version-history":[{"count":5,"href":"https:\/\/selfie-ptk.eu\/et\/wp-json\/wp\/v2\/pages\/867\/revisions"}],"predecessor-version":[{"id":4311,"href":"https:\/\/selfie-ptk.eu\/et\/wp-json\/wp\/v2\/pages\/867\/revisions\/4311"}],"up":[{"embeddable":true,"href":"https:\/\/selfie-ptk.eu\/et\/wp-json\/wp\/v2\/pages\/134"}],"wp:attachment":[{"href":"https:\/\/selfie-ptk.eu\/et\/wp-json\/wp\/v2\/media?parent=867"}],"curies":[{"name":"wp","href":"https:\/\/api.w.org\/{rel}","templated":true}]}}