{"id":903,"date":"2021-06-30T10:35:21","date_gmt":"2021-06-30T07:35:21","guid":{"rendered":"http:\/\/selfie-ptk.eu\/?page_id=903"},"modified":"2023-11-22T12:47:16","modified_gmt":"2023-11-22T10:47:16","slug":"what-is-a-selfie-based-action-plan","status":"publish","type":"page","link":"https:\/\/selfie-ptk.eu\/et\/about\/what-is-a-selfie-based-action-plan\/","title":{"rendered":"Mis on SELFIE-p\u00f5hine tegevuskava?"},"content":{"rendered":"<div data-elementor-type=\"wp-page\" data-elementor-id=\"903\" class=\"elementor elementor-903\" data-elementor-post-type=\"page\">\n\t\t\t\t\t\t<section class=\"elementor-section elementor-top-section elementor-element elementor-element-f22398a elementor-section-height-min-height elementor-section-content-middle elementor-section-boxed elementor-section-height-default elementor-section-items-middle\" data-id=\"f22398a\" data-element_type=\"section\" data-e-type=\"section\" data-settings=\"{&quot;background_background&quot;:&quot;classic&quot;,&quot;jet_parallax_layout_list&quot;:[{&quot;jet_parallax_layout_image&quot;:{&quot;url&quot;:&quot;&quot;,&quot;id&quot;:&quot;&quot;,&quot;size&quot;:&quot;&quot;},&quot;_id&quot;:&quot;b02d9d9&quot;,&quot;jet_parallax_layout_image_tablet&quot;:{&quot;url&quot;:&quot;&quot;,&quot;id&quot;:&quot;&quot;,&quot;size&quot;:&quot;&quot;},&quot;jet_parallax_layout_image_mobile&quot;:{&quot;url&quot;:&quot;&quot;,&quot;id&quot;:&quot;&quot;,&quot;size&quot;:&quot;&quot;},&quot;jet_parallax_layout_speed&quot;:{&quot;unit&quot;:&quot;%&quot;,&quot;size&quot;:50,&quot;sizes&quot;:[]},&quot;jet_parallax_layout_type&quot;:&quot;scroll&quot;,&quot;jet_parallax_layout_direction&quot;:&quot;1&quot;,&quot;jet_parallax_layout_fx_direction&quot;:null,&quot;jet_parallax_layout_z_index&quot;:&quot;&quot;,&quot;jet_parallax_layout_bg_x&quot;:50,&quot;jet_parallax_layout_bg_x_tablet&quot;:&quot;&quot;,&quot;jet_parallax_layout_bg_x_mobile&quot;:&quot;&quot;,&quot;jet_parallax_layout_bg_y&quot;:50,&quot;jet_parallax_layout_bg_y_tablet&quot;:&quot;&quot;,&quot;jet_parallax_layout_bg_y_mobile&quot;:&quot;&quot;,&quot;jet_parallax_layout_bg_size&quot;:&quot;auto&quot;,&quot;jet_parallax_layout_bg_size_tablet&quot;:&quot;&quot;,&quot;jet_parallax_layout_bg_size_mobile&quot;:&quot;&quot;,&quot;jet_parallax_layout_animation_prop&quot;:&quot;transform&quot;,&quot;jet_parallax_layout_on&quot;:[&quot;desktop&quot;,&quot;tablet&quot;]}]}\">\n\t\t\t\t\t\t\t<div class=\"elementor-background-overlay\"><\/div>\n\t\t\t\t\t\t\t<div class=\"elementor-container elementor-column-gap-no\">\n\t\t\t\t\t<div class=\"elementor-column elementor-col-100 elementor-top-column elementor-element elementor-element-23e460f\" data-id=\"23e460f\" data-element_type=\"column\" data-e-type=\"column\">\n\t\t\t<div class=\"elementor-widget-wrap elementor-element-populated\">\n\t\t\t\t\t\t\t<\/div>\n\t\t<\/div>\n\t\t\t\t\t<\/div>\n\t\t<\/section>\n\t\t\t\t<section class=\"elementor-section elementor-top-section elementor-element elementor-element-c2f96a3 elementor-section-content-bottom elementor-section-boxed elementor-section-height-default elementor-section-height-default\" data-id=\"c2f96a3\" data-element_type=\"section\" data-e-type=\"section\" data-settings=\"{&quot;jet_parallax_layout_list&quot;:[{&quot;jet_parallax_layout_image&quot;:{&quot;url&quot;:&quot;&quot;,&quot;id&quot;:&quot;&quot;,&quot;size&quot;:&quot;&quot;},&quot;_id&quot;:&quot;5e465fa&quot;,&quot;jet_parallax_layout_image_tablet&quot;:{&quot;url&quot;:&quot;&quot;,&quot;id&quot;:&quot;&quot;,&quot;size&quot;:&quot;&quot;},&quot;jet_parallax_layout_image_mobile&quot;:{&quot;url&quot;:&quot;&quot;,&quot;id&quot;:&quot;&quot;,&quot;size&quot;:&quot;&quot;},&quot;jet_parallax_layout_speed&quot;:{&quot;unit&quot;:&quot;%&quot;,&quot;size&quot;:50,&quot;sizes&quot;:[]},&quot;jet_parallax_layout_type&quot;:&quot;scroll&quot;,&quot;jet_parallax_layout_direction&quot;:&quot;1&quot;,&quot;jet_parallax_layout_fx_direction&quot;:null,&quot;jet_parallax_layout_z_index&quot;:&quot;&quot;,&quot;jet_parallax_layout_bg_x&quot;:50,&quot;jet_parallax_layout_bg_x_tablet&quot;:&quot;&quot;,&quot;jet_parallax_layout_bg_x_mobile&quot;:&quot;&quot;,&quot;jet_parallax_layout_bg_y&quot;:50,&quot;jet_parallax_layout_bg_y_tablet&quot;:&quot;&quot;,&quot;jet_parallax_layout_bg_y_mobile&quot;:&quot;&quot;,&quot;jet_parallax_layout_bg_size&quot;:&quot;auto&quot;,&quot;jet_parallax_layout_bg_size_tablet&quot;:&quot;&quot;,&quot;jet_parallax_layout_bg_size_mobile&quot;:&quot;&quot;,&quot;jet_parallax_layout_animation_prop&quot;:&quot;transform&quot;,&quot;jet_parallax_layout_on&quot;:[&quot;desktop&quot;,&quot;tablet&quot;]}],&quot;background_background&quot;:&quot;classic&quot;}\">\n\t\t\t\t\t\t<div class=\"elementor-container elementor-column-gap-no\">\n\t\t\t\t\t<div class=\"elementor-column elementor-col-50 elementor-top-column elementor-element elementor-element-410864d\" data-id=\"410864d\" data-element_type=\"column\" data-e-type=\"column\" data-settings=\"{&quot;background_background&quot;:&quot;classic&quot;}\">\n\t\t\t<div class=\"elementor-widget-wrap elementor-element-populated\">\n\t\t\t\t\t\t<div class=\"elementor-element elementor-element-8eb039d elementor-nav-menu__align-justify elementor-nav-menu--dropdown-none elementor-widget elementor-widget-global elementor-global-952 elementor-widget-nav-menu\" data-id=\"8eb039d\" data-element_type=\"widget\" data-e-type=\"widget\" id=\"about-menu\" data-settings=\"{&quot;layout&quot;:&quot;vertical&quot;,&quot;submenu_icon&quot;:{&quot;value&quot;:&quot;fas fa-caret-down&quot;,&quot;library&quot;:&quot;fa-solid&quot;}}\" data-widget_type=\"nav-menu.default\">\n\t\t\t\t<div class=\"elementor-widget-container\">\n\t\t\t\t\t\t\t\t<nav aria-label=\"Menu\" class=\"elementor-nav-menu--main elementor-nav-menu__container elementor-nav-menu--layout-vertical e--pointer-none\">\n\t\t\t\t<ul id=\"menu-1-8eb039d\" class=\"elementor-nav-menu sm-vertical\"><li class=\"menu-item menu-item-type-post_type menu-item-object-page menu-item-2972\"><a href=\"https:\/\/selfie-ptk.eu\/et\/about\/\" class=\"elementor-item menu-link\">SELFIE PTK<\/a><\/li>\n<li class=\"menu-item menu-item-type-post_type menu-item-object-page menu-item-912\"><a href=\"https:\/\/selfie-ptk.eu\/et\/about\/what-is-the-selfie-ptk-for\/\" class=\"elementor-item menu-link\">Milleks on SELFIE PTK m\u00f5eldud?<\/a><\/li>\n<li class=\"menu-item menu-item-type-post_type menu-item-object-page menu-item-911\"><a href=\"https:\/\/selfie-ptk.eu\/et\/about\/who-is-the-selfie-ptk-for\/\" class=\"elementor-item menu-link\">Kellele on SELFIE PTK m\u00f5eldud?<\/a><\/li>\n<li class=\"menu-item menu-item-type-post_type menu-item-object-page menu-item-910\"><a href=\"https:\/\/selfie-ptk.eu\/et\/about\/who-has-produced-the-selfie-ptk\/\" class=\"elementor-item menu-link\">Kes on SELFIE PTK autorid?<\/a><\/li>\n<li class=\"menu-item menu-item-type-post_type menu-item-object-page menu-item-909\"><a href=\"https:\/\/selfie-ptk.eu\/et\/about\/how-does-the-selfie-ptk-work\/\" class=\"elementor-item menu-link\">Kuidas SELFIE PTK t\u00f6\u00f6tab?<\/a><\/li>\n<li class=\"menu-item menu-item-type-post_type menu-item-object-page menu-item-908\"><a href=\"https:\/\/selfie-ptk.eu\/et\/about\/what-is-a-selfie-based-action-plan\/\" class=\"elementor-item menu-link\">Mis on SELFIE-p\u00f5hine tegevuskava?<\/a><\/li>\n<li class=\"menu-item menu-item-type-post_type menu-item-object-page menu-item-4244\"><a href=\"https:\/\/selfie-ptk.eu\/et\/about\/selfie-tool-and-selfie-school-report\/\" class=\"elementor-item menu-link\">SELFIE t\u00f6\u00f6riist  &amp; kooli SELFIE aruanne<\/a><\/li>\n<\/ul>\t\t\t<\/nav>\n\t\t\t\t\t\t<nav class=\"elementor-nav-menu--dropdown elementor-nav-menu__container\" aria-hidden=\"true\">\n\t\t\t\t<ul id=\"menu-2-8eb039d\" class=\"elementor-nav-menu sm-vertical\"><li class=\"menu-item menu-item-type-post_type menu-item-object-page menu-item-2972\"><a href=\"https:\/\/selfie-ptk.eu\/et\/about\/\" class=\"elementor-item menu-link\" tabindex=\"-1\">SELFIE PTK<\/a><\/li>\n<li class=\"menu-item menu-item-type-post_type menu-item-object-page menu-item-912\"><a href=\"https:\/\/selfie-ptk.eu\/et\/about\/what-is-the-selfie-ptk-for\/\" class=\"elementor-item menu-link\" tabindex=\"-1\">Milleks on SELFIE PTK m\u00f5eldud?<\/a><\/li>\n<li class=\"menu-item menu-item-type-post_type menu-item-object-page menu-item-911\"><a href=\"https:\/\/selfie-ptk.eu\/et\/about\/who-is-the-selfie-ptk-for\/\" class=\"elementor-item menu-link\" tabindex=\"-1\">Kellele on SELFIE PTK m\u00f5eldud?<\/a><\/li>\n<li class=\"menu-item menu-item-type-post_type menu-item-object-page menu-item-910\"><a href=\"https:\/\/selfie-ptk.eu\/et\/about\/who-has-produced-the-selfie-ptk\/\" class=\"elementor-item menu-link\" tabindex=\"-1\">Kes on SELFIE PTK autorid?<\/a><\/li>\n<li class=\"menu-item menu-item-type-post_type menu-item-object-page menu-item-909\"><a href=\"https:\/\/selfie-ptk.eu\/et\/about\/how-does-the-selfie-ptk-work\/\" class=\"elementor-item menu-link\" tabindex=\"-1\">Kuidas SELFIE PTK t\u00f6\u00f6tab?<\/a><\/li>\n<li class=\"menu-item menu-item-type-post_type menu-item-object-page menu-item-908\"><a href=\"https:\/\/selfie-ptk.eu\/et\/about\/what-is-a-selfie-based-action-plan\/\" class=\"elementor-item menu-link\" tabindex=\"-1\">Mis on SELFIE-p\u00f5hine tegevuskava?<\/a><\/li>\n<li class=\"menu-item menu-item-type-post_type menu-item-object-page menu-item-4244\"><a href=\"https:\/\/selfie-ptk.eu\/et\/about\/selfie-tool-and-selfie-school-report\/\" class=\"elementor-item menu-link\" tabindex=\"-1\">SELFIE t\u00f6\u00f6riist  &amp; kooli SELFIE aruanne<\/a><\/li>\n<\/ul>\t\t\t<\/nav>\n\t\t\t\t\t\t<\/div>\n\t\t\t\t<\/div>\n\t\t\t\t\t<\/div>\n\t\t<\/div>\n\t\t\t\t<div class=\"elementor-column elementor-col-50 elementor-top-column elementor-element elementor-element-e1ccd29\" data-id=\"e1ccd29\" data-element_type=\"column\" data-e-type=\"column\">\n\t\t\t<div class=\"elementor-widget-wrap elementor-element-populated\">\n\t\t\t\t\t\t<div class=\"elementor-element elementor-element-dbd9e71 elementor-widget elementor-widget-heading\" data-id=\"dbd9e71\" data-element_type=\"widget\" data-e-type=\"widget\" data-widget_type=\"heading.default\">\n\t\t\t\t<div class=\"elementor-widget-container\">\n\t\t\t\t\t<h2 class=\"elementor-heading-title elementor-size-default\">Mis on SELFIE-p\u00f5hine tegevuskava?<\/h2>\t\t\t\t<\/div>\n\t\t\t\t<\/div>\n\t\t\t\t<div class=\"elementor-element elementor-element-0cfe66c elementor-widget elementor-widget-text-editor\" data-id=\"0cfe66c\" data-element_type=\"widget\" data-e-type=\"widget\" data-widget_type=\"text-editor.default\">\n\t\t\t\t<div class=\"elementor-widget-container\">\n\t\t\t\t\t\t\t\t\t<p class=\"translation-block\">Nagu juba \u00f6eldud \u2014 SELFIE PTK on m\u00f5eldud teie toetamiseks teie kooli SELFIE aruandes sisalduvate andmete t\u00f5lgendamisel ja saadud teadmiste kasutamisel h\u00e4stistruktureeritud ja t\u00f5endusp\u00f5hise tegevuskava (edaspidi: <strong> SELFIE-p\u00f5hise tegevuskava <\/strong>) loomiseks, mis aitaks digitehnoloogiaid \u00f5petamises ja \u00f5ppes paremini kasutada. Loodav kava on eraldiseisev dokument, milles kirjeldatud tegevused on tavaliselt teostatavad ja l\u00f5puleviidavad \u00fche kooliaasta jooksul (kuid vahel ka pikema aja, nt kolme aasta v\u00e4ltel). Neid tegevusi juhitakse, seiratakse ja vajadusel kohandatakse ning nende m\u00f5ju hinnatakse vastavalt sellele, kuidas need on edendanud teie kooli digip\u00e4devusi valitud SELFIE valdkondades. Selliste m\u00f5jude hindamine peaks aitama teil oma kooli tegevuskava veelgi t\u00e4psemaks muuta ja edasi arendada, pannes aluse kooli\u00fclese digip\u00e4devuse ts\u00fcklilisele arengule. L\u00f5ppeesm\u00e4rk on edendada ja hoida alal pidevat s\u00fcstemaatilist protsessi, millesse on aktiivselt kaasatud k\u00f5ik koolikogukonna liikmed.<\/p><p>Teie SELFIE-p\u00f5hine tegevuskava v\u00f5ib olla osa kooli \u00fcldisemast arengukavast v\u00f5i siis seotud hariduspoliitika v\u00f5i muude koolidele m\u00f5eldud raamistikega teie regioonis ja\/v\u00f5i riigis. See v\u00f5ib sisaldada j\u00e4rgmist laadi teavet:<\/p><ol><li class=\"translation-block\">SELFIE tulemustel p\u00f5hinev kooli digistrateegiate ja -praktikate hetkeseisu kirjeldus. <em>(SELFIE PTK <a href=\"http:\/\/selfie-ptk.eu\/et\/use-selfie-ptk\/step-1\/\" target=\"_self\" rel=\"noopener\">1<\/a> &amp; <a href=\"http:\/\/selfie-ptk.eu\/et\/use-selfie-ptk\/step-2\/\" target=\"_self\" rel=\"noopener\">2.<\/a> samm).<\/em><\/li><li class=\"translation-block\">Sekkumist vajavate SELFIE valdkondade t\u00e4htsusj\u00e4rjekord ning eesm\u00e4rgid nende prioriteetidega tegelemiseks. <em>(SELFIE PTK <a href=\"http:\/\/selfie-ptk.eu\/et\/use-selfie-ptk\/step-3\/\" target=\"_self\" rel=\"noopener\"> 3<\/a>. samm)<\/em><\/li><li class=\"translation-block\">Eesm\u00e4rkide ja prioriteetide saavutamiseks tarvilike tegevuste \u00fcldkirjeldus <em>(SELFIE PTK <a href=\"http:\/\/selfie-ptk.eu\/et\/use-selfie-ptk\/step-4\/\" target=\"_self\" rel=\"noopener\"> 4<\/a>. samm).<\/em><\/li><li class=\"translation-block\">\u00dcksikasjalik anal\u00fc\u00fctiline \u00fclevaade igast tegevusest, kus on t\u00e4psustatud vastutavad osapooled, tegevuse elluviimise ajakava, oodatavad tulemused ning tegevuse seire ja hindamine <em>(SELFIE PTK <a href=\"http:\/\/selfie-ptk.eu\/et\/use-selfie-ptk\/step-5\/\" target=\"_self\" rel=\"noopener\"> 5<\/a>. samm).<\/em><\/li><li class=\"translation-block\">Iga elluviidud tegevuse kriitiline anal\u00fc\u00fcs, mis lisatakse hindamise k\u00e4igus tegevuskava juurde <em>(SELFIE PTK <a href=\"http:\/\/selfie-ptk.eu\/et\/use-selfie-ptk\/step-7\/\" target=\"_self\" rel=\"noopener\"> Samm 7<\/a>).<\/em><\/li><li class=\"translation-block\">Anal\u00fc\u00fcsivad kommentaarid l\u00f5petatud tegevuskava \u00fcldisema elluviimise ja tulemuste kohta, mis saavad seej\u00e4rel aluseks j\u00e4rgmisele planeerimists\u00fcklile. <em>(SELFIE PTK <a href=\"http:\/\/selfie-ptk.eu\/et\/use-selfie-ptk\/step-7\/\" target=\"_self\" rel=\"noopener\"> 7. <\/a> samm).<\/em><\/li><\/ol><p class=\"translation-block\">SELFIE PTK tegevuskava dokumendimall on allalaetav <a href=\"https:\/\/selfie-ptk.eu\/wp-content\/uploads\/2022\/07\/PTK_SupportTool_STEP4_5_7_ActionPlan-ET.docx\" rel=\"noopener\"> Microsoft Word <\/a> v\u00f5i <a href=\"https:\/\/selfie-ptk.eu\/wp-content\/uploads\/2022\/07\/PTK_SupportTool_STEP4_5_7_ActionPlan-ET.pdf\" target=\"_blank\" rel=\"noopener\">PDF <\/a> formaadis . SHERPA projektis osalevatelt koolidelt eeldatakse kas selle malli v\u00f5i siis veebiplatvormi kasutamist. Teistel koolidel on vaba voli malli kasutada ning seda vastavalt oma spetsiifilistele vajadustele vastavalt kohandada.<\/p>\t\t\t\t\t\t\t\t<\/div>\n\t\t\t\t<\/div>\n\t\t\t\t\t<\/div>\n\t\t<\/div>\n\t\t\t\t\t<\/div>\n\t\t<\/section>\n\t\t\t\t<\/div>","protected":false},"excerpt":{"rendered":"<p>What is a SELFIE-Based Action Plan? As mentioned, the SELFIE PTK is designed to assist you in interpreting the data contained in your school\u2019s SELFIE Report, and then in using the insights you gain as a basis for producing a soundly structured, evidence-based plan (what we refer to as a SELFIE-based Action Plan) for better [&hellip;]<\/p>","protected":false},"author":1,"featured_media":0,"parent":134,"menu_order":5,"comment_status":"closed","ping_status":"closed","template":"","meta":{"site-sidebar-layout":"no-sidebar","site-content-layout":"page-builder","ast-site-content-layout":"default","site-content-style":"default","site-sidebar-style":"default","ast-global-header-display":"","ast-banner-title-visibility":"","ast-main-header-display":"","ast-hfb-above-header-display":"","ast-hfb-below-header-display":"","ast-hfb-mobile-header-display":"","site-post-title":"disabled","ast-breadcrumbs-content":"","ast-featured-img":"disabled","footer-sml-layout":"","theme-transparent-header-meta":"default","adv-header-id-meta":"","stick-header-meta":"","header-above-stick-meta":"","header-main-stick-meta":"","header-below-stick-meta":"","astra-migrate-meta-layouts":"default","ast-page-background-enabled":"default","ast-page-background-meta":{"desktop":{"background-color":"","background-image":"","background-repeat":"repeat","background-position":"center center","background-size":"auto","background-attachment":"scroll","background-type":"","background-media":"","overlay-type":"","overlay-color":"","overlay-opacity":"","overlay-gradient":""},"tablet":{"background-color":"","background-image":"","background-repeat":"repeat","background-position":"center center","background-size":"auto","background-attachment":"scroll","background-type":"","background-media":"","overlay-type":"","overlay-color":"","overlay-opacity":"","overlay-gradient":""},"mobile":{"background-color":"","background-image":"","background-repeat":"repeat","background-position":"center center","background-size":"auto","background-attachment":"scroll","background-type":"","background-media":"","overlay-type":"","overlay-color":"","overlay-opacity":"","overlay-gradient":""}},"ast-content-background-meta":{"desktop":{"background-color":"var(--ast-global-color-5)","background-image":"","background-repeat":"repeat","background-position":"center center","background-size":"auto","background-attachment":"scroll","background-type":"","background-media":"","overlay-type":"","overlay-color":"","overlay-opacity":"","overlay-gradient":""},"tablet":{"background-color":"var(--ast-global-color-5)","background-image":"","background-repeat":"repeat","background-position":"center center","background-size":"auto","background-attachment":"scroll","background-type":"","background-media":"","overlay-type":"","overlay-color":"","overlay-opacity":"","overlay-gradient":""},"mobile":{"background-color":"var(--ast-global-color-5)","background-image":"","background-repeat":"repeat","background-position":"center center","background-size":"auto","background-attachment":"scroll","background-type":"","background-media":"","overlay-type":"","overlay-color":"","overlay-opacity":"","overlay-gradient":""}},"footnotes":""},"class_list":["post-903","page","type-page","status-publish","hentry"],"_links":{"self":[{"href":"https:\/\/selfie-ptk.eu\/et\/wp-json\/wp\/v2\/pages\/903","targetHints":{"allow":["GET"]}}],"collection":[{"href":"https:\/\/selfie-ptk.eu\/et\/wp-json\/wp\/v2\/pages"}],"about":[{"href":"https:\/\/selfie-ptk.eu\/et\/wp-json\/wp\/v2\/types\/page"}],"author":[{"embeddable":true,"href":"https:\/\/selfie-ptk.eu\/et\/wp-json\/wp\/v2\/users\/1"}],"replies":[{"embeddable":true,"href":"https:\/\/selfie-ptk.eu\/et\/wp-json\/wp\/v2\/comments?post=903"}],"version-history":[{"count":5,"href":"https:\/\/selfie-ptk.eu\/et\/wp-json\/wp\/v2\/pages\/903\/revisions"}],"predecessor-version":[{"id":5460,"href":"https:\/\/selfie-ptk.eu\/et\/wp-json\/wp\/v2\/pages\/903\/revisions\/5460"}],"up":[{"embeddable":true,"href":"https:\/\/selfie-ptk.eu\/et\/wp-json\/wp\/v2\/pages\/134"}],"wp:attachment":[{"href":"https:\/\/selfie-ptk.eu\/et\/wp-json\/wp\/v2\/media?parent=903"}],"curies":[{"name":"wp","href":"https:\/\/api.w.org\/{rel}","templated":true}]}}