{"id":4064,"date":"2021-10-09T12:09:46","date_gmt":"2021-10-09T09:09:46","guid":{"rendered":"https:\/\/selfie-ptk.eu\/?page_id=4064"},"modified":"2022-07-14T10:44:45","modified_gmt":"2022-07-14T07:44:45","slug":"use-selfie-ptk","status":"publish","type":"page","link":"https:\/\/selfie-ptk.eu\/fi\/use-selfie-ptk\/","title":{"rendered":"SELFIE PTKn k\u00e4ytt\u00f6"},"content":{"rendered":"<div data-elementor-type=\"wp-page\" data-elementor-id=\"4064\" class=\"elementor elementor-4064\" data-elementor-post-type=\"page\">\n\t\t\t\t\t\t<section class=\"elementor-section elementor-top-section elementor-element elementor-element-zzhlpee elementor-section-boxed elementor-section-height-default elementor-section-height-default\" data-id=\"zzhlpee\" data-element_type=\"section\" data-e-type=\"section\" data-settings=\"{&quot;background_background&quot;:&quot;classic&quot;,&quot;jet_parallax_layout_list&quot;:[{&quot;_id&quot;:&quot;153e0ee&quot;,&quot;jet_parallax_layout_image&quot;:{&quot;url&quot;:&quot;&quot;,&quot;id&quot;:&quot;&quot;,&quot;size&quot;:&quot;&quot;},&quot;jet_parallax_layout_image_tablet&quot;:{&quot;url&quot;:&quot;&quot;,&quot;id&quot;:&quot;&quot;,&quot;size&quot;:&quot;&quot;},&quot;jet_parallax_layout_image_mobile&quot;:{&quot;url&quot;:&quot;&quot;,&quot;id&quot;:&quot;&quot;,&quot;size&quot;:&quot;&quot;},&quot;jet_parallax_layout_speed&quot;:{&quot;unit&quot;:&quot;%&quot;,&quot;size&quot;:50,&quot;sizes&quot;:[]},&quot;jet_parallax_layout_type&quot;:&quot;scroll&quot;,&quot;jet_parallax_layout_direction&quot;:&quot;1&quot;,&quot;jet_parallax_layout_fx_direction&quot;:null,&quot;jet_parallax_layout_z_index&quot;:&quot;&quot;,&quot;jet_parallax_layout_bg_x&quot;:50,&quot;jet_parallax_layout_bg_x_tablet&quot;:&quot;&quot;,&quot;jet_parallax_layout_bg_x_mobile&quot;:&quot;&quot;,&quot;jet_parallax_layout_bg_y&quot;:50,&quot;jet_parallax_layout_bg_y_tablet&quot;:&quot;&quot;,&quot;jet_parallax_layout_bg_y_mobile&quot;:&quot;&quot;,&quot;jet_parallax_layout_bg_size&quot;:&quot;auto&quot;,&quot;jet_parallax_layout_bg_size_tablet&quot;:&quot;&quot;,&quot;jet_parallax_layout_bg_size_mobile&quot;:&quot;&quot;,&quot;jet_parallax_layout_animation_prop&quot;:&quot;transform&quot;,&quot;jet_parallax_layout_on&quot;:[&quot;desktop&quot;,&quot;tablet&quot;]}]}\">\n\t\t\t\t\t\t<div class=\"elementor-container elementor-column-gap-no\">\n\t\t\t\t\t<div class=\"elementor-column elementor-col-100 elementor-top-column elementor-element elementor-element-5392e4d\" data-id=\"5392e4d\" data-element_type=\"column\" data-e-type=\"column\">\n\t\t\t<div class=\"elementor-widget-wrap elementor-element-populated\">\n\t\t\t\t\t\t<div class=\"elementor-element elementor-element-950ab56 elementor-widget elementor-widget-heading\" data-id=\"950ab56\" data-element_type=\"widget\" data-e-type=\"widget\" data-widget_type=\"heading.default\">\n\t\t\t\t<div class=\"elementor-widget-container\">\n\t\t\t\t\t<h1 class=\"elementor-heading-title elementor-size-default\">SELFIE PTKn k\u00e4ytt\u00e4minen<\/h1>\t\t\t\t<\/div>\n\t\t\t\t<\/div>\n\t\t\t\t<div class=\"elementor-element elementor-element-8063b88 elementor-widget elementor-widget-text-editor\" data-id=\"8063b88\" data-element_type=\"widget\" data-e-type=\"widget\" data-widget_type=\"text-editor.default\">\n\t\t\t\t<div class=\"elementor-widget-container\">\n\t\t\t\t\t\t\t\t\t<p>T\u00e4ll\u00e4 sivulla kuvataan tarkemmin askel askeleelta miten koulut voivat ottaa SELFIE PTKn k\u00e4ytt\u00f6\u00f6n. SELFIE PTKn ohjeistus sis\u00e4lt\u00e4\u00e4 7 p\u00e4\u00e4teht\u00e4v\u00e4\u00e4.<\/p>\t\t\t\t\t\t\t\t<\/div>\n\t\t\t\t<\/div>\n\t\t\t\t\t<\/div>\n\t\t<\/div>\n\t\t\t\t\t<\/div>\n\t\t<\/section>\n\t\t\t\t<section class=\"elementor-section elementor-top-section elementor-element elementor-element-az41cug elementor-section-boxed elementor-section-height-default elementor-section-height-default\" data-id=\"az41cug\" data-element_type=\"section\" data-e-type=\"section\" data-settings=\"{&quot;jet_parallax_layout_list&quot;:[{&quot;_id&quot;:&quot;565455b&quot;,&quot;jet_parallax_layout_image&quot;:{&quot;url&quot;:&quot;&quot;,&quot;id&quot;:&quot;&quot;,&quot;size&quot;:&quot;&quot;},&quot;jet_parallax_layout_image_tablet&quot;:{&quot;url&quot;:&quot;&quot;,&quot;id&quot;:&quot;&quot;,&quot;size&quot;:&quot;&quot;},&quot;jet_parallax_layout_image_mobile&quot;:{&quot;url&quot;:&quot;&quot;,&quot;id&quot;:&quot;&quot;,&quot;size&quot;:&quot;&quot;},&quot;jet_parallax_layout_speed&quot;:{&quot;unit&quot;:&quot;%&quot;,&quot;size&quot;:50,&quot;sizes&quot;:[]},&quot;jet_parallax_layout_type&quot;:&quot;scroll&quot;,&quot;jet_parallax_layout_direction&quot;:&quot;1&quot;,&quot;jet_parallax_layout_fx_direction&quot;:null,&quot;jet_parallax_layout_z_index&quot;:&quot;&quot;,&quot;jet_parallax_layout_bg_x&quot;:50,&quot;jet_parallax_layout_bg_x_tablet&quot;:&quot;&quot;,&quot;jet_parallax_layout_bg_x_mobile&quot;:&quot;&quot;,&quot;jet_parallax_layout_bg_y&quot;:50,&quot;jet_parallax_layout_bg_y_tablet&quot;:&quot;&quot;,&quot;jet_parallax_layout_bg_y_mobile&quot;:&quot;&quot;,&quot;jet_parallax_layout_bg_size&quot;:&quot;auto&quot;,&quot;jet_parallax_layout_bg_size_tablet&quot;:&quot;&quot;,&quot;jet_parallax_layout_bg_size_mobile&quot;:&quot;&quot;,&quot;jet_parallax_layout_animation_prop&quot;:&quot;transform&quot;,&quot;jet_parallax_layout_on&quot;:[&quot;desktop&quot;,&quot;tablet&quot;]}],&quot;background_background&quot;:&quot;classic&quot;}\">\n\t\t\t\t\t\t<div class=\"elementor-container elementor-column-gap-no\">\n\t\t\t\t\t<div class=\"elementor-column elementor-col-100 elementor-top-column elementor-element elementor-element-d778cc8\" data-id=\"d778cc8\" data-element_type=\"column\" data-e-type=\"column\" data-settings=\"{&quot;background_background&quot;:&quot;classic&quot;}\">\n\t\t\t<div class=\"elementor-widget-wrap elementor-element-populated\">\n\t\t\t\t\t\t<div class=\"elementor-element elementor-element-5ea13ce elementor-widget elementor-widget-uael-hotspot\" data-id=\"5ea13ce\" data-element_type=\"widget\" data-e-type=\"widget\" data-settings=\"{&quot;position&quot;:&quot;top&quot;,&quot;trigger&quot;:&quot;hover&quot;}\" data-widget_type=\"uael-hotspot.default\">\n\t\t\t\t<div class=\"elementor-widget-container\">\n\t\t\t\t\t\n\t\t<div class=\"uael-hotspot  uael-hotspot-tooltip-yes\">\n\t\t\t<img fetchpriority=\"high\" decoding=\"async\" width=\"2322\" height=\"1108\" src=\"https:\/\/selfie-ptk.eu\/wp-content\/uploads\/2022\/01\/chart.png\" class=\"attachment-full size-full wp-image-4924\" alt=\"\" srcset=\"https:\/\/selfie-ptk.eu\/wp-content\/uploads\/2022\/01\/chart.png 2321w, https:\/\/selfie-ptk.eu\/wp-content\/uploads\/2022\/01\/chart-300x145.png 300w, https:\/\/selfie-ptk.eu\/wp-content\/uploads\/2022\/01\/chart-1024x496.png 1024w, https:\/\/selfie-ptk.eu\/wp-content\/uploads\/2022\/01\/chart-768x372.png 768w, https:\/\/selfie-ptk.eu\/wp-content\/uploads\/2022\/01\/chart-1536x744.png 1536w, https:\/\/selfie-ptk.eu\/wp-content\/uploads\/2022\/01\/chart-2048x992.png 2048w, https:\/\/selfie-ptk.eu\/wp-content\/uploads\/2022\/01\/chart-18x9.png 18w\" sizes=\"(max-width: 2322px) 100vw, 2322px\" \/>\t\t\t\n\t\t\t<div class=\"uael-hotspot-container\" data-side=\"top\" data-hotspottrigger=\"hover\" data-arrow=\"true\" data-distance=\"6\" data-delay=\"300\" data-animation=\"fade\" data-animduration=\"350\" data-zindex=\"99\" data-length=\"8\" data-autoplay=\"\" data-repeat=\"\" data-tourinterval=\"4000\" data-overlay=\"\" data-autoaction=\"\" data-hotspotviewport=\"90\" data-tooltip-maxwidth=\"250\" data-tooltip-minwidth=\"0\" >\n\n\t\t\t\t\t\t\t\t\t\t\t\t\t\t\t\t\t\t\t\t\t\t\t\t\t\t\t\t\t\t<a href=\"\/fi\/starting-point\/\" > \t\t\t\t\t\t\t\t\t\t\t\t\t\t\t\t\t\t\t\t\t\t\t<span class=\"uael-tooltip elementor-repeater-item-d3f7adf\">\n\t\t\t\t\t\t<span class=\"uael-hotspot-main-5ea13ce uael-hotspot-content uael-hotspot-anim\" id=\"uael-tooltip-id-5ea13ce-1\" data-uaeltour=\"1\" data-tooltip-content=\"#uael-tooltip-content-5ea13ce-d3f7adf\">\n\t\t\t\t\t\t\t<i aria-hidden=\"true\" class=\"fa fa-dot-circle-o\"><\/i>\t\t\t\t\t\t<\/span>\n\t\t\t\t\t<\/span>\n\t\t\t\t\t\t\t\t\t\t\t\t\t\t\t\t\t\t\t\t\t\t\t\t\t\t<\/a>\n\t\t\t\t\t\t\t\t\t\t\t\t\t\t\t\t\t\t\n\t\t\t\t\t\t\t\t\t\t\t\t\t\t\t\t<span class=\"uael-tooltip-container\">\n\t\t\t\t\t\t\t<span class=\"uael-tooltip-text uael-tour-inactive\" id=\"uael-tooltip-content-5ea13ce-d3f7adf\"><p>Aloita koulun digikyvykkyyden itsearvioinnilla k\u00e4ytt\u00e4en SELFiEt\u00e4 ja muodosta ohjausryhm\u00e4.<\/p>\t\t\t\t\t\t\t\t<span class=\"uael-tour\"><span class=\"uael-actual-step\">1 of 8<\/span><ul><li><a href=\"#0\" class=\"uael-prev-5ea13ce\" data-tooltipid=\"1\">&#171; Previous<\/a><\/li><li><a href=\"#0\" class=\"uael-next-5ea13ce\" data-tooltipid=\"1\">Next &#187;<\/a><\/li><\/ul><\/span>\n\t\t\t\t\t\t\t\t\t\t\t\t\t\t\t<\/span>\n\t\t\t\t\t\t<\/span>\n\t\t\t\t\t\t\t\t\t\t\t\t\t\t\t\t\t\t\t\t\t\t\t\t\t\t\t\t\t\t\t\t\t\t\t\t<a href=\"\/fi\/step-1\/\" > \t\t\t\t\t\t\t\t\t\t\t\t\t\t\t\t\t\t\t\t\t\t\t<span class=\"uael-tooltip elementor-repeater-item-14b2fa1\">\n\t\t\t\t\t\t<span class=\"uael-hotspot-main-5ea13ce uael-hotspot-content uael-hotspot-anim\" id=\"uael-tooltip-id-5ea13ce-2\" data-uaeltour=\"2\" data-tooltip-content=\"#uael-tooltip-content-5ea13ce-14b2fa1\">\n\t\t\t\t\t\t\t<i aria-hidden=\"true\" class=\"fa fa-dot-circle-o\"><\/i>\t\t\t\t\t\t<\/span>\n\t\t\t\t\t<\/span>\n\t\t\t\t\t\t\t\t\t\t\t\t\t\t\t\t\t\t\t\t\t\t\t\t\t\t<\/a>\n\t\t\t\t\t\t\t\t\t\t\t\t\t\t\t\t\t\t\n\t\t\t\t\t\t\t\t\t\t\t\t\t\t\t\t<span class=\"uael-tooltip-container\">\n\t\t\t\t\t\t\t<span class=\"uael-tooltip-text uael-tour-inactive\" id=\"uael-tooltip-content-5ea13ce-14b2fa1\"><p>Muodosta kokonaisn\u00e4kemys SELFIE-raportin tuloksista; tunnista oleelliset kohdat (esim. eri vastaajaryhmien n\u00e4kemysten yhtenev\u00e4isyydet ja eroavuudet; vastaukset koulun omiin kysymyksiin); vertaile SELFIEn mittaamien eri alueiden tuloksia (esim.  Johtaminen verrattuna  Yhteisty\u00f6 ja verkottuminen); valitse 2-3  keskeist\u00e4 ongelmaa SELFIE-toimenpidesuunnitelmaa varten<\/p>\t\t\t\t\t\t\t\t<span class=\"uael-tour\"><span class=\"uael-actual-step\">2 of 8<\/span><ul><li><a href=\"#0\" class=\"uael-prev-5ea13ce\" data-tooltipid=\"2\">&#171; Previous<\/a><\/li><li><a href=\"#0\" class=\"uael-next-5ea13ce\" data-tooltipid=\"2\">Next &#187;<\/a><\/li><\/ul><\/span>\n\t\t\t\t\t\t\t\t\t\t\t\t\t\t\t<\/span>\n\t\t\t\t\t\t<\/span>\n\t\t\t\t\t\t\t\t\t\t\t\t\t\t\t\t\t\t\t\t\t\t\t\t\t\t\t\t\t\t\t\t\t\t\t\t<a href=\"\/fi\/step-2\/\" > \t\t\t\t\t\t\t\t\t\t\t\t\t\t\t\t\t\t\t\t\t\t\t<span class=\"uael-tooltip elementor-repeater-item-9135a3e\">\n\t\t\t\t\t\t<span class=\"uael-hotspot-main-5ea13ce uael-hotspot-content uael-hotspot-anim\" id=\"uael-tooltip-id-5ea13ce-3\" data-uaeltour=\"3\" data-tooltip-content=\"#uael-tooltip-content-5ea13ce-9135a3e\">\n\t\t\t\t\t\t\t<i aria-hidden=\"true\" class=\"fa fa-dot-circle-o\"><\/i>\t\t\t\t\t\t<\/span>\n\t\t\t\t\t<\/span>\n\t\t\t\t\t\t\t\t\t\t\t\t\t\t\t\t\t\t\t\t\t\t\t\t\t\t<\/a>\n\t\t\t\t\t\t\t\t\t\t\t\t\t\t\t\t\t\t\n\t\t\t\t\t\t\t\t\t\t\t\t\t\t\t\t<span class=\"uael-tooltip-container\">\n\t\t\t\t\t\t\t<span class=\"uael-tooltip-text uael-tour-inactive\" id=\"uael-tooltip-content-5ea13ce-9135a3e\"><p>Muodosta yhteinen n\u00e4kemys valituista ongelmista  ja niihin liittyvist\u00e4 n\u00e4kemyksist\u00e4 (esimerkiksi hy\u00f6dynt\u00e4m\u00e4ll\u00e4 focus-ryhm\u00e4 menetelm\u00e4\u00e4, keskustelupaneelia, kyselyit\u00e4, idealaatikkoa jne)<\/p>\t\t\t\t\t\t\t\t<span class=\"uael-tour\"><span class=\"uael-actual-step\">3 of 8<\/span><ul><li><a href=\"#0\" class=\"uael-prev-5ea13ce\" data-tooltipid=\"3\">&#171; Previous<\/a><\/li><li><a href=\"#0\" class=\"uael-next-5ea13ce\" data-tooltipid=\"3\">Next &#187;<\/a><\/li><\/ul><\/span>\n\t\t\t\t\t\t\t\t\t\t\t\t\t\t\t<\/span>\n\t\t\t\t\t\t<\/span>\n\t\t\t\t\t\t\t\t\t\t\t\t\t\t\t\t\t\t\t\t\t\t\t\t\t\t\t\t\t\t\t\t\t\t\t\t<a href=\"\/fi\/step-3\/\" > \t\t\t\t\t\t\t\t\t\t\t\t\t\t\t\t\t\t\t\t\t\t\t<span class=\"uael-tooltip elementor-repeater-item-216fe7d\">\n\t\t\t\t\t\t<span class=\"uael-hotspot-main-5ea13ce uael-hotspot-content uael-hotspot-anim\" id=\"uael-tooltip-id-5ea13ce-4\" data-uaeltour=\"4\" data-tooltip-content=\"#uael-tooltip-content-5ea13ce-216fe7d\">\n\t\t\t\t\t\t\t<i aria-hidden=\"true\" class=\"fa fa-dot-circle-o\"><\/i>\t\t\t\t\t\t<\/span>\n\t\t\t\t\t<\/span>\n\t\t\t\t\t\t\t\t\t\t\t\t\t\t\t\t\t\t\t\t\t\t\t\t\t\t<\/a>\n\t\t\t\t\t\t\t\t\t\t\t\t\t\t\t\t\t\t\n\t\t\t\t\t\t\t\t\t\t\t\t\t\t\t\t<span class=\"uael-tooltip-container\">\n\t\t\t\t\t\t\t<span class=\"uael-tooltip-text uael-tour-inactive\" id=\"uael-tooltip-content-5ea13ce-216fe7d\"><p>Priorisoi SELFIE-alueet\/aiheet, jotka vaativat toimenpiteit\u00e4, ja m\u00e4\u00e4rittele n\u00e4iden pohjalta tavoitteet (Vaiheen 2 tavoitteet)<\/p>\t\t\t\t\t\t\t\t<span class=\"uael-tour\"><span class=\"uael-actual-step\">4 of 8<\/span><ul><li><a href=\"#0\" class=\"uael-prev-5ea13ce\" data-tooltipid=\"4\">&#171; Previous<\/a><\/li><li><a href=\"#0\" class=\"uael-next-5ea13ce\" data-tooltipid=\"4\">Next &#187;<\/a><\/li><\/ul><\/span>\n\t\t\t\t\t\t\t\t\t\t\t\t\t\t\t<\/span>\n\t\t\t\t\t\t<\/span>\n\t\t\t\t\t\t\t\t\t\t\t\t\t\t\t\t\t\t\t\t\t\t\t\t\t\t\t\t\t\t\t\t\t\t\t\t<a href=\"\/fi\/step-4\/\" > \t\t\t\t\t\t\t\t\t\t\t\t\t\t\t\t\t\t\t\t\t\t\t<span class=\"uael-tooltip elementor-repeater-item-1499939\">\n\t\t\t\t\t\t<span class=\"uael-hotspot-main-5ea13ce uael-hotspot-content uael-hotspot-anim\" id=\"uael-tooltip-id-5ea13ce-5\" data-uaeltour=\"5\" data-tooltip-content=\"#uael-tooltip-content-5ea13ce-1499939\">\n\t\t\t\t\t\t\t<i aria-hidden=\"true\" class=\"fa fa-dot-circle-o\"><\/i>\t\t\t\t\t\t<\/span>\n\t\t\t\t\t<\/span>\n\t\t\t\t\t\t\t\t\t\t\t\t\t\t\t\t\t\t\t\t\t\t\t\t\t\t<\/a>\n\t\t\t\t\t\t\t\t\t\t\t\t\t\t\t\t\t\t\n\t\t\t\t\t\t\t\t\t\t\t\t\t\t\t\t<span class=\"uael-tooltip-container\">\n\t\t\t\t\t\t\t<span class=\"uael-tooltip-text uael-tour-inactive\" id=\"uael-tooltip-content-5ea13ce-1499939\"><p>Suunnittele kullekin tavoitteelle vastaavat toimenpiteet, noudata SMART-periaatetta (lis\u00e4tietoja SMART-periaatteesta, katso Teht\u00e4v\u00e4 4: Kuvaa toimenpiteit\u00e4).<\/p>\t\t\t\t\t\t\t\t<span class=\"uael-tour\"><span class=\"uael-actual-step\">5 of 8<\/span><ul><li><a href=\"#0\" class=\"uael-prev-5ea13ce\" data-tooltipid=\"5\">&#171; Previous<\/a><\/li><li><a href=\"#0\" class=\"uael-next-5ea13ce\" data-tooltipid=\"5\">Next &#187;<\/a><\/li><\/ul><\/span>\n\t\t\t\t\t\t\t\t\t\t\t\t\t\t\t<\/span>\n\t\t\t\t\t\t<\/span>\n\t\t\t\t\t\t\t\t\t\t\t\t\t\t\t\t\t\t\t\t\t\t\t\t\t\t\t\t\t\t\t\t\t\t\t\t<a href=\"\/fi\/step-5\/\" > \t\t\t\t\t\t\t\t\t\t\t\t\t\t\t\t\t\t\t\t\t\t\t<span class=\"uael-tooltip elementor-repeater-item-3835e0d\">\n\t\t\t\t\t\t<span class=\"uael-hotspot-main-5ea13ce uael-hotspot-content uael-hotspot-anim\" id=\"uael-tooltip-id-5ea13ce-6\" data-uaeltour=\"6\" data-tooltip-content=\"#uael-tooltip-content-5ea13ce-3835e0d\">\n\t\t\t\t\t\t\t<i aria-hidden=\"true\" class=\"fa fa-dot-circle-o\"><\/i>\t\t\t\t\t\t<\/span>\n\t\t\t\t\t<\/span>\n\t\t\t\t\t\t\t\t\t\t\t\t\t\t\t\t\t\t\t\t\t\t\t\t\t\t<\/a>\n\t\t\t\t\t\t\t\t\t\t\t\t\t\t\t\t\t\t\n\t\t\t\t\t\t\t\t\t\t\t\t\t\t\t\t<span class=\"uael-tooltip-container\">\n\t\t\t\t\t\t\t<span class=\"uael-tooltip-text uael-tour-inactive\" id=\"uael-tooltip-content-5ea13ce-3835e0d\"><p>Muotoile toimenpiteet lis\u00e4\u00e4m\u00e4ll\u00e4 aikataulut, roolit ja vastuut, resurssointi, onnistumisen mittari, seuranta &amp; arviointimenetelm\u00e4t.<\/p>\t\t\t\t\t\t\t\t<span class=\"uael-tour\"><span class=\"uael-actual-step\">6 of 8<\/span><ul><li><a href=\"#0\" class=\"uael-prev-5ea13ce\" data-tooltipid=\"6\">&#171; Previous<\/a><\/li><li><a href=\"#0\" class=\"uael-next-5ea13ce\" data-tooltipid=\"6\">Next &#187;<\/a><\/li><\/ul><\/span>\n\t\t\t\t\t\t\t\t\t\t\t\t\t\t\t<\/span>\n\t\t\t\t\t\t<\/span>\n\t\t\t\t\t\t\t\t\t\t\t\t\t\t\t\t\t\t\t\t\t\t\t\t\t\t\t\t\t\t\t\t\t\t\t\t<a href=\"\/fi\/step-6\/\" > \t\t\t\t\t\t\t\t\t\t\t\t\t\t\t\t\t\t\t\t\t\t\t<span class=\"uael-tooltip elementor-repeater-item-727502a\">\n\t\t\t\t\t\t<span class=\"uael-hotspot-main-5ea13ce uael-hotspot-content uael-hotspot-anim\" id=\"uael-tooltip-id-5ea13ce-7\" data-uaeltour=\"7\" data-tooltip-content=\"#uael-tooltip-content-5ea13ce-727502a\">\n\t\t\t\t\t\t\t<i aria-hidden=\"true\" class=\"fa fa-dot-circle-o\"><\/i>\t\t\t\t\t\t<\/span>\n\t\t\t\t\t<\/span>\n\t\t\t\t\t\t\t\t\t\t\t\t\t\t\t\t\t\t\t\t\t\t\t\t\t\t<\/a>\n\t\t\t\t\t\t\t\t\t\t\t\t\t\t\t\t\t\t\n\t\t\t\t\t\t\t\t\t\t\t\t\t\t\t\t<span class=\"uael-tooltip-container\">\n\t\t\t\t\t\t\t<span class=\"uael-tooltip-text uael-tour-inactive\" id=\"uael-tooltip-content-5ea13ce-727502a\"><table id=\"uael-table-id-5f40550\" class=\"uael-text-break uael-column-rules uael-table\" data-sort-table=\"no\" data-show-entry=\"no\" data-searchable=\"no\"><tbody><tr class=\"uael-table-row\" data-entry=\"6\"><td class=\"uael-table-col elementor-repeater-item-1c60b74\" data-title=\"Description\"><span class=\"uael-table__text\"><span class=\"uael-table__text-inner\">Aktivoi hankkeeseen osallistuvia, perusta \"k\u00e4ytt\u00f6\u00f6nottotiimej\u00e4\", organisoi, ker\u00e4\u00e4 materiaalia, yll\u00e4pid\u00e4 sitoutumista, ja k\u00e4ynnist\u00e4 toimenpidesuunnitelman toteutusvaihe.<\/span><\/span><\/td><\/tr><\/tbody><\/table>\t\t\t\t\t\t\t\t<span class=\"uael-tour\"><span class=\"uael-actual-step\">7 of 8<\/span><ul><li><a href=\"#0\" class=\"uael-prev-5ea13ce\" data-tooltipid=\"7\">&#171; Previous<\/a><\/li><li><a href=\"#0\" class=\"uael-next-5ea13ce\" data-tooltipid=\"7\">Next &#187;<\/a><\/li><\/ul><\/span>\n\t\t\t\t\t\t\t\t\t\t\t\t\t\t\t<\/span>\n\t\t\t\t\t\t<\/span>\n\t\t\t\t\t\t\t\t\t\t\t\t\t\t\t\t\t\t\t\t\t\t\t\t\t\t\t\t\t\t\t\t\t\t\t\t<a href=\"\/fi\/step-7\/\" > \t\t\t\t\t\t\t\t\t\t\t\t\t\t\t\t\t\t\t\t\t\t\t<span class=\"uael-tooltip elementor-repeater-item-19363a0\">\n\t\t\t\t\t\t<span class=\"uael-hotspot-main-5ea13ce uael-hotspot-content uael-hotspot-anim\" id=\"uael-tooltip-id-5ea13ce-8\" data-uaeltour=\"8\" data-tooltip-content=\"#uael-tooltip-content-5ea13ce-19363a0\">\n\t\t\t\t\t\t\t<i aria-hidden=\"true\" class=\"fa fa-dot-circle-o\"><\/i>\t\t\t\t\t\t<\/span>\n\t\t\t\t\t<\/span>\n\t\t\t\t\t\t\t\t\t\t\t\t\t\t\t\t\t\t\t\t\t\t\t\t\t\t<\/a>\n\t\t\t\t\t\t\t\t\t\t\t\t\t\t\t\t\t\t\n\t\t\t\t\t\t\t\t\t\t\t\t\t\t\t\t<span class=\"uael-tooltip-container\">\n\t\t\t\t\t\t\t<span class=\"uael-tooltip-text uael-tour-inactive\" id=\"uael-tooltip-content-5ea13ce-19363a0\"><p>Seuraa ja mittaa etenemist\u00e4 kohti m\u00e4\u00e4riteltyj\u00e4 onnistumiskriteerej\u00e4. Tee tarvittaessa muutoksia SELFIE-toimenpidesuunnitelmaan. Kirjaa huomiot tavoitteista, osallistujien aikaansaannoksista ja ajatukset mahdollisista tulevaisuuden kehityskohteista.<\/p>\t\t\t\t\t\t\t\t<span class=\"uael-tour\"><span class=\"uael-actual-step\">8 of 8<\/span><ul><li><a href=\"#0\" class=\"uael-prev-5ea13ce\" data-tooltipid=\"8\">&#171; Previous<\/a><\/li><li><a href=\"#0\" class=\"uael-next-5ea13ce\" data-tooltipid=\"8\">Next &#187;<\/a><\/li><\/ul><\/span>\n\t\t\t\t\t\t\t\t\t\t\t\t\t\t\t<\/span>\n\t\t\t\t\t\t<\/span>\n\t\t\t\t\t\t\t\t\t\t\t\t\t\t<\/div>\n\t\t\t\n\t\t\t\t\t<\/div>\n\t\t\t\t\t\t<\/div>\n\t\t\t\t<\/div>\n\t\t\t\t<div class=\"elementor-element elementor-element-cb03e67 elementor-widget elementor-widget-text-editor\" data-id=\"cb03e67\" data-element_type=\"widget\" data-e-type=\"widget\" data-widget_type=\"text-editor.default\">\n\t\t\t\t<div class=\"elementor-widget-container\">\n\t\t\t\t\t\t\t\t\t<p><span style=\"font-size: 16px; font-style: normal; font-weight: 400; text-align: center;\">Huomaa, ett\u00e4 n\u00e4m\u00e4 teht\u00e4v\u00e4t ovat osa jaksottaista l\u00e4hestymistapaa. Vaikka alla olevat ohjeet on kirjoitettu aikaj\u00e4rjestyksess\u00e4, niin eri teht\u00e4vi\u00e4 ei kuitenkaan tarvitse suorittaa tiukasti m\u00e4\u00e4ritellyss\u00e4 j\u00e4rjestyksess\u00e4. Voit milloin tahansa palata aiempaan teht\u00e4v\u00e4\u00e4n ja k\u00e4ynnist\u00e4\u00e4 sen uudelleen.<\/span><\/p>\t\t\t\t\t\t\t\t<\/div>\n\t\t\t\t<\/div>\n\t\t\t\t\t<\/div>\n\t\t<\/div>\n\t\t\t\t\t<\/div>\n\t\t<\/section>\n\t\t\t\t<\/div>","protected":false},"excerpt":{"rendered":"<p>Using the SELFIE PTK This page describes in greater detail how the SELFIE PTK might be put into action by schools, by providing detailed step-by-step guidelines for schools to follow. SELFIE PTK guidelines consists of 7 main steps. Start by self-reflecting on your school\u2019s digital capacity with SELFIE and setting up a coordinating team 1 [&hellip;]<\/p>","protected":false},"author":5,"featured_media":0,"parent":0,"menu_order":0,"comment_status":"closed","ping_status":"closed","template":"","meta":{"site-sidebar-layout":"no-sidebar","site-content-layout":"page-builder","ast-site-content-layout":"default","site-content-style":"default","site-sidebar-style":"default","ast-global-header-display":"","ast-banner-title-visibility":"","ast-main-header-display":"","ast-hfb-above-header-display":"","ast-hfb-below-header-display":"","ast-hfb-mobile-header-display":"","site-post-title":"disabled","ast-breadcrumbs-content":"","ast-featured-img":"disabled","footer-sml-layout":"","theme-transparent-header-meta":"default","adv-header-id-meta":"","stick-header-meta":"","header-above-stick-meta":"","header-main-stick-meta":"","header-below-stick-meta":"","astra-migrate-meta-layouts":"default","ast-page-background-enabled":"default","ast-page-background-meta":{"desktop":{"background-color":"","background-image":"","background-repeat":"repeat","background-position":"center center","background-size":"auto","background-attachment":"scroll","background-type":"","background-media":"","overlay-type":"","overlay-color":"","overlay-opacity":"","overlay-gradient":""},"tablet":{"background-color":"","background-image":"","background-repeat":"repeat","background-position":"center center","background-size":"auto","background-attachment":"scroll","background-type":"","background-media":"","overlay-type":"","overlay-color":"","overlay-opacity":"","overlay-gradient":""},"mobile":{"background-color":"","background-image":"","background-repeat":"repeat","background-position":"center center","background-size":"auto","background-attachment":"scroll","background-type":"","background-media":"","overlay-type":"","overlay-color":"","overlay-opacity":"","overlay-gradient":""}},"ast-content-background-meta":{"desktop":{"background-color":"var(--ast-global-color-5)","background-image":"","background-repeat":"repeat","background-position":"center center","background-size":"auto","background-attachment":"scroll","background-type":"","background-media":"","overlay-type":"","overlay-color":"","overlay-opacity":"","overlay-gradient":""},"tablet":{"background-color":"var(--ast-global-color-5)","background-image":"","background-repeat":"repeat","background-position":"center center","background-size":"auto","background-attachment":"scroll","background-type":"","background-media":"","overlay-type":"","overlay-color":"","overlay-opacity":"","overlay-gradient":""},"mobile":{"background-color":"var(--ast-global-color-5)","background-image":"","background-repeat":"repeat","background-position":"center center","background-size":"auto","background-attachment":"scroll","background-type":"","background-media":"","overlay-type":"","overlay-color":"","overlay-opacity":"","overlay-gradient":""}},"footnotes":""},"class_list":["post-4064","page","type-page","status-publish","hentry"],"_links":{"self":[{"href":"https:\/\/selfie-ptk.eu\/fi\/wp-json\/wp\/v2\/pages\/4064","targetHints":{"allow":["GET"]}}],"collection":[{"href":"https:\/\/selfie-ptk.eu\/fi\/wp-json\/wp\/v2\/pages"}],"about":[{"href":"https:\/\/selfie-ptk.eu\/fi\/wp-json\/wp\/v2\/types\/page"}],"author":[{"embeddable":true,"href":"https:\/\/selfie-ptk.eu\/fi\/wp-json\/wp\/v2\/users\/5"}],"replies":[{"embeddable":true,"href":"https:\/\/selfie-ptk.eu\/fi\/wp-json\/wp\/v2\/comments?post=4064"}],"version-history":[{"count":5,"href":"https:\/\/selfie-ptk.eu\/fi\/wp-json\/wp\/v2\/pages\/4064\/revisions"}],"predecessor-version":[{"id":4972,"href":"https:\/\/selfie-ptk.eu\/fi\/wp-json\/wp\/v2\/pages\/4064\/revisions\/4972"}],"wp:attachment":[{"href":"https:\/\/selfie-ptk.eu\/fi\/wp-json\/wp\/v2\/media?parent=4064"}],"curies":[{"name":"wp","href":"https:\/\/api.w.org\/{rel}","templated":true}]}}