{"id":851,"date":"2021-06-30T09:34:39","date_gmt":"2021-06-30T06:34:39","guid":{"rendered":"http:\/\/selfie-ptk.eu\/?page_id=851"},"modified":"2021-10-11T15:55:46","modified_gmt":"2021-10-11T12:55:46","slug":"what-is-the-selfie-ptk-for","status":"publish","type":"page","link":"https:\/\/selfie-ptk.eu\/fi\/about\/what-is-the-selfie-ptk-for\/","title":{"rendered":"Mihin SELFIE PTKta k\u00e4ytet\u00e4\u00e4n?"},"content":{"rendered":"<div data-elementor-type=\"wp-page\" data-elementor-id=\"851\" class=\"elementor elementor-851\" data-elementor-post-type=\"page\">\n\t\t\t\t\t\t<section class=\"elementor-section elementor-top-section elementor-element elementor-element-febcb0c elementor-section-height-min-height elementor-section-content-middle elementor-section-boxed elementor-section-height-default elementor-section-items-middle\" data-id=\"febcb0c\" data-element_type=\"section\" data-e-type=\"section\" data-settings=\"{&quot;background_background&quot;:&quot;classic&quot;,&quot;jet_parallax_layout_list&quot;:[{&quot;jet_parallax_layout_image&quot;:{&quot;url&quot;:&quot;&quot;,&quot;id&quot;:&quot;&quot;,&quot;size&quot;:&quot;&quot;},&quot;_id&quot;:&quot;b02d9d9&quot;,&quot;jet_parallax_layout_image_tablet&quot;:{&quot;url&quot;:&quot;&quot;,&quot;id&quot;:&quot;&quot;,&quot;size&quot;:&quot;&quot;},&quot;jet_parallax_layout_image_mobile&quot;:{&quot;url&quot;:&quot;&quot;,&quot;id&quot;:&quot;&quot;,&quot;size&quot;:&quot;&quot;},&quot;jet_parallax_layout_speed&quot;:{&quot;unit&quot;:&quot;%&quot;,&quot;size&quot;:50,&quot;sizes&quot;:[]},&quot;jet_parallax_layout_type&quot;:&quot;scroll&quot;,&quot;jet_parallax_layout_direction&quot;:&quot;1&quot;,&quot;jet_parallax_layout_fx_direction&quot;:null,&quot;jet_parallax_layout_z_index&quot;:&quot;&quot;,&quot;jet_parallax_layout_bg_x&quot;:50,&quot;jet_parallax_layout_bg_x_tablet&quot;:&quot;&quot;,&quot;jet_parallax_layout_bg_x_mobile&quot;:&quot;&quot;,&quot;jet_parallax_layout_bg_y&quot;:50,&quot;jet_parallax_layout_bg_y_tablet&quot;:&quot;&quot;,&quot;jet_parallax_layout_bg_y_mobile&quot;:&quot;&quot;,&quot;jet_parallax_layout_bg_size&quot;:&quot;auto&quot;,&quot;jet_parallax_layout_bg_size_tablet&quot;:&quot;&quot;,&quot;jet_parallax_layout_bg_size_mobile&quot;:&quot;&quot;,&quot;jet_parallax_layout_animation_prop&quot;:&quot;transform&quot;,&quot;jet_parallax_layout_on&quot;:[&quot;desktop&quot;,&quot;tablet&quot;]}]}\">\n\t\t\t\t\t\t\t<div class=\"elementor-background-overlay\"><\/div>\n\t\t\t\t\t\t\t<div class=\"elementor-container elementor-column-gap-no\">\n\t\t\t\t\t<div class=\"elementor-column elementor-col-100 elementor-top-column elementor-element elementor-element-3a0570b\" data-id=\"3a0570b\" data-element_type=\"column\" data-e-type=\"column\">\n\t\t\t<div class=\"elementor-widget-wrap elementor-element-populated\">\n\t\t\t\t\t\t\t<\/div>\n\t\t<\/div>\n\t\t\t\t\t<\/div>\n\t\t<\/section>\n\t\t\t\t<section class=\"elementor-section elementor-top-section elementor-element elementor-element-acda1eb elementor-section-content-bottom elementor-section-boxed elementor-section-height-default elementor-section-height-default\" data-id=\"acda1eb\" data-element_type=\"section\" data-e-type=\"section\" data-settings=\"{&quot;jet_parallax_layout_list&quot;:[{&quot;jet_parallax_layout_image&quot;:{&quot;url&quot;:&quot;&quot;,&quot;id&quot;:&quot;&quot;,&quot;size&quot;:&quot;&quot;},&quot;_id&quot;:&quot;5e465fa&quot;,&quot;jet_parallax_layout_image_tablet&quot;:{&quot;url&quot;:&quot;&quot;,&quot;id&quot;:&quot;&quot;,&quot;size&quot;:&quot;&quot;},&quot;jet_parallax_layout_image_mobile&quot;:{&quot;url&quot;:&quot;&quot;,&quot;id&quot;:&quot;&quot;,&quot;size&quot;:&quot;&quot;},&quot;jet_parallax_layout_speed&quot;:{&quot;unit&quot;:&quot;%&quot;,&quot;size&quot;:50,&quot;sizes&quot;:[]},&quot;jet_parallax_layout_type&quot;:&quot;scroll&quot;,&quot;jet_parallax_layout_direction&quot;:&quot;1&quot;,&quot;jet_parallax_layout_fx_direction&quot;:null,&quot;jet_parallax_layout_z_index&quot;:&quot;&quot;,&quot;jet_parallax_layout_bg_x&quot;:50,&quot;jet_parallax_layout_bg_x_tablet&quot;:&quot;&quot;,&quot;jet_parallax_layout_bg_x_mobile&quot;:&quot;&quot;,&quot;jet_parallax_layout_bg_y&quot;:50,&quot;jet_parallax_layout_bg_y_tablet&quot;:&quot;&quot;,&quot;jet_parallax_layout_bg_y_mobile&quot;:&quot;&quot;,&quot;jet_parallax_layout_bg_size&quot;:&quot;auto&quot;,&quot;jet_parallax_layout_bg_size_tablet&quot;:&quot;&quot;,&quot;jet_parallax_layout_bg_size_mobile&quot;:&quot;&quot;,&quot;jet_parallax_layout_animation_prop&quot;:&quot;transform&quot;,&quot;jet_parallax_layout_on&quot;:[&quot;desktop&quot;,&quot;tablet&quot;]}],&quot;background_background&quot;:&quot;classic&quot;}\">\n\t\t\t\t\t\t<div class=\"elementor-container elementor-column-gap-no\">\n\t\t\t\t\t<div class=\"elementor-column elementor-col-50 elementor-top-column elementor-element elementor-element-602211f\" data-id=\"602211f\" data-element_type=\"column\" data-e-type=\"column\" data-settings=\"{&quot;background_background&quot;:&quot;classic&quot;}\">\n\t\t\t<div class=\"elementor-widget-wrap elementor-element-populated\">\n\t\t\t\t\t\t<div class=\"elementor-element elementor-element-a58de17 elementor-nav-menu__align-justify elementor-nav-menu--dropdown-none elementor-widget elementor-widget-global elementor-global-952 elementor-widget-nav-menu\" data-id=\"a58de17\" data-element_type=\"widget\" data-e-type=\"widget\" id=\"about-menu\" data-settings=\"{&quot;layout&quot;:&quot;vertical&quot;,&quot;submenu_icon&quot;:{&quot;value&quot;:&quot;fas fa-caret-down&quot;,&quot;library&quot;:&quot;fa-solid&quot;}}\" data-widget_type=\"nav-menu.default\">\n\t\t\t\t<div class=\"elementor-widget-container\">\n\t\t\t\t\t\t\t\t<nav aria-label=\"Menu\" class=\"elementor-nav-menu--main elementor-nav-menu__container elementor-nav-menu--layout-vertical e--pointer-none\">\n\t\t\t\t<ul id=\"menu-1-a58de17\" class=\"elementor-nav-menu sm-vertical\"><li class=\"menu-item menu-item-type-post_type menu-item-object-page menu-item-2972\"><a href=\"https:\/\/selfie-ptk.eu\/fi\/about\/\" class=\"elementor-item menu-link\">Mik\u00e4 on SELFIE PTK<\/a><\/li>\n<li class=\"menu-item menu-item-type-post_type menu-item-object-page menu-item-912\"><a href=\"https:\/\/selfie-ptk.eu\/fi\/about\/what-is-the-selfie-ptk-for\/\" class=\"elementor-item menu-link\">Mihin SELFIE PTKta k\u00e4ytet\u00e4\u00e4n?<\/a><\/li>\n<li class=\"menu-item menu-item-type-post_type menu-item-object-page menu-item-911\"><a href=\"https:\/\/selfie-ptk.eu\/fi\/about\/who-is-the-selfie-ptk-for\/\" class=\"elementor-item menu-link\">Kenelle SELFIE PTK on tarkoitettu?<\/a><\/li>\n<li class=\"menu-item menu-item-type-post_type menu-item-object-page menu-item-910\"><a href=\"https:\/\/selfie-ptk.eu\/fi\/about\/who-has-produced-the-selfie-ptk\/\" class=\"elementor-item menu-link\">Kuka on kehitt\u00e4nyt SELFIE PTKn?<\/a><\/li>\n<li class=\"menu-item menu-item-type-post_type menu-item-object-page menu-item-909\"><a href=\"https:\/\/selfie-ptk.eu\/fi\/about\/how-does-the-selfie-ptk-work\/\" class=\"elementor-item menu-link\">Miten SELFIE PTK toimii?<\/a><\/li>\n<li class=\"menu-item menu-item-type-post_type menu-item-object-page menu-item-908\"><a href=\"https:\/\/selfie-ptk.eu\/fi\/about\/what-is-a-selfie-based-action-plan\/\" class=\"elementor-item menu-link\">Mik\u00e4 on SELFIE- toimintasuunnitelma?<\/a><\/li>\n<li class=\"menu-item menu-item-type-post_type menu-item-object-page menu-item-4244\"><a href=\"https:\/\/selfie-ptk.eu\/fi\/about\/selfie-tool-and-selfie-school-report\/\" class=\"elementor-item menu-link\">SELFIE-Ty\u00f6kalu &amp; Koulun SELFIE-Raportti<\/a><\/li>\n<\/ul>\t\t\t<\/nav>\n\t\t\t\t\t\t<nav class=\"elementor-nav-menu--dropdown elementor-nav-menu__container\" aria-hidden=\"true\">\n\t\t\t\t<ul id=\"menu-2-a58de17\" class=\"elementor-nav-menu sm-vertical\"><li class=\"menu-item menu-item-type-post_type menu-item-object-page menu-item-2972\"><a href=\"https:\/\/selfie-ptk.eu\/fi\/about\/\" class=\"elementor-item menu-link\" tabindex=\"-1\">Mik\u00e4 on SELFIE PTK<\/a><\/li>\n<li class=\"menu-item menu-item-type-post_type menu-item-object-page menu-item-912\"><a href=\"https:\/\/selfie-ptk.eu\/fi\/about\/what-is-the-selfie-ptk-for\/\" class=\"elementor-item menu-link\" tabindex=\"-1\">Mihin SELFIE PTKta k\u00e4ytet\u00e4\u00e4n?<\/a><\/li>\n<li class=\"menu-item menu-item-type-post_type menu-item-object-page menu-item-911\"><a href=\"https:\/\/selfie-ptk.eu\/fi\/about\/who-is-the-selfie-ptk-for\/\" class=\"elementor-item menu-link\" tabindex=\"-1\">Kenelle SELFIE PTK on tarkoitettu?<\/a><\/li>\n<li class=\"menu-item menu-item-type-post_type menu-item-object-page menu-item-910\"><a href=\"https:\/\/selfie-ptk.eu\/fi\/about\/who-has-produced-the-selfie-ptk\/\" class=\"elementor-item menu-link\" tabindex=\"-1\">Kuka on kehitt\u00e4nyt SELFIE PTKn?<\/a><\/li>\n<li class=\"menu-item menu-item-type-post_type menu-item-object-page menu-item-909\"><a href=\"https:\/\/selfie-ptk.eu\/fi\/about\/how-does-the-selfie-ptk-work\/\" class=\"elementor-item menu-link\" tabindex=\"-1\">Miten SELFIE PTK toimii?<\/a><\/li>\n<li class=\"menu-item menu-item-type-post_type menu-item-object-page menu-item-908\"><a href=\"https:\/\/selfie-ptk.eu\/fi\/about\/what-is-a-selfie-based-action-plan\/\" class=\"elementor-item menu-link\" tabindex=\"-1\">Mik\u00e4 on SELFIE- toimintasuunnitelma?<\/a><\/li>\n<li class=\"menu-item menu-item-type-post_type menu-item-object-page menu-item-4244\"><a href=\"https:\/\/selfie-ptk.eu\/fi\/about\/selfie-tool-and-selfie-school-report\/\" class=\"elementor-item menu-link\" tabindex=\"-1\">SELFIE-Ty\u00f6kalu &amp; Koulun SELFIE-Raportti<\/a><\/li>\n<\/ul>\t\t\t<\/nav>\n\t\t\t\t\t\t<\/div>\n\t\t\t\t<\/div>\n\t\t\t\t\t<\/div>\n\t\t<\/div>\n\t\t\t\t<div class=\"elementor-column elementor-col-50 elementor-top-column elementor-element elementor-element-287c8e5\" data-id=\"287c8e5\" data-element_type=\"column\" data-e-type=\"column\">\n\t\t\t<div class=\"elementor-widget-wrap elementor-element-populated\">\n\t\t\t\t\t\t<div class=\"elementor-element elementor-element-efc7ad2 elementor-widget elementor-widget-heading\" data-id=\"efc7ad2\" data-element_type=\"widget\" data-e-type=\"widget\" data-widget_type=\"heading.default\">\n\t\t\t\t<div class=\"elementor-widget-container\">\n\t\t\t\t\t<h2 class=\"elementor-heading-title elementor-size-default\">Mihin SELFIE PTKta k\u00e4ytet\u00e4\u00e4n?<\/h2>\t\t\t\t<\/div>\n\t\t\t\t<\/div>\n\t\t\t\t<div class=\"elementor-element elementor-element-4884ec8 elementor-widget elementor-widget-text-editor\" data-id=\"4884ec8\" data-element_type=\"widget\" data-e-type=\"widget\" data-widget_type=\"text-editor.default\">\n\t\t\t\t<div class=\"elementor-widget-container\">\n\t\t\t\t\t\t\t\t\t<p class=\"translation-block\">Koulut k\u00e4ytt\u00e4v\u00e4t SELFIEn kaltaisia ty\u00f6kaluja saadakseen selke\u00e4mm\u00e4n kuvan oppimisyhteis\u00f6ns\u00e4 n\u00e4kemyksist\u00e4  ja tuntemuksista digitaalisen teknologian hy\u00f6dynt\u00e4misest\u00e4 oppimisessa  ja miten sen j\u00e4senet kokevat oman osaamisensa ja kykyns\u00e4 vaikuttaa. T\u00e4llaisen itsearviointiprosessin tuotos on runsaasti tietoa sis\u00e4lt\u00e4v\u00e4 <strong> SELFIE-kouluraportti <\/strong>,  jonka muodostaman \"kuvan\" tulkitseminen koulun digitaalisten oppimisprosessin kehitystarpeiden ymm\u00e4rt\u00e4miseksi ja konkreettisten toimenpiteiden suunnittelemiseksi voi olla melkoisen vaativa teht\u00e4v\u00e4.<\/p><p class=\"translation-block\">T\u00e4h\u00e4n tarkoitukseen on kehitetty SELFIE PTK :  se auttaa sinua tulkitsemaan koulusi SELFIE-raportin tuloksia, tunnistamaan digitaalisen koulutuksen kehitystarpeet, tuottamaan  n\u00e4ihin keskittyv\u00e4n <a href=\"#SELFIE_based_Action_Plan\" target=\"_self\" rel=\"noopener\">SELFIE-pohjaisen toimenpidesuunnitelman <\/a>(katso kohta  <strong>\"<em>Mik\u00e4 on SELFIE-toimenpidesuunnitelma? <\/em>\" <\/strong>), toimeenpanemaan suunnitelman  ja arvioimaan prosessia ja tuloksia. T\u00e4m\u00e4n pit\u00e4isi tehostaa digiteknologian k\u00e4ytt\u00f6\u00e4 opetuksessa ja oppimisessa ja my\u00f6s edist\u00e4\u00e4 digiosaamisen kehitt\u00e4mist\u00e4 koko oppimisyhteis\u00f6ss\u00e4. T\u00e4m\u00e4 voi toteutua yhteisten k\u00e4yt\u00e4nt\u00f6jen avulla sek\u00e4 tunnistamalla koulusi todellisiin tarpeisiin keskittyv\u00e4t ammatillisen kehitt\u00e4misen  mahdollisuudet.<\/p><p>Yleisemmm\u00e4ll\u00e4 tasolla SELFIE PTK pyrkii my\u00f6s edist\u00e4m\u00e4\u00e4n  erilaisten koulujen ja koulutusyhteis\u00f6jen v\u00e4list\u00e4 osaamisen ja kokemusten vaihtoa digitaalisen koulutuksen alueella.  Se tarjoaa my\u00f6s opetusviranomaisille ja sidosryhmille (paikallisesti, alueellisesti, kansallisesti ja Euroopan tasolla) k\u00e4yt\u00e4nn\u00f6llisen ty\u00f6v\u00e4lineen, joka voi auttaa niit\u00e4 pyrkimyksiss\u00e4 laajempaan koulupohjaiseen digitaalisten koulutusk\u00e4yt\u00e4nt\u00f6jen k\u00e4ytt\u00f6\u00f6nottoon.<\/p>\t\t\t\t\t\t\t\t<\/div>\n\t\t\t\t<\/div>\n\t\t\t\t<div class=\"elementor-element elementor-element-25e5bd2 elementor-align-left elementor-widget elementor-widget-button\" data-id=\"25e5bd2\" data-element_type=\"widget\" data-e-type=\"widget\" data-widget_type=\"button.default\">\n\t\t\t\t<div class=\"elementor-widget-container\">\n\t\t\t\t\t\t\t\t\t<div class=\"elementor-button-wrapper\">\n\t\t\t\t\t<a class=\"elementor-button elementor-button-link elementor-size-sm\" href=\"\/fi\/who-is-the-selfie-ptk-for\/\">\n\t\t\t\t\t\t<span class=\"elementor-button-content-wrapper\">\n\t\t\t\t\t\t<span class=\"elementor-button-icon\">\n\t\t\t\t<i aria-hidden=\"true\" class=\"fas fa-long-arrow-alt-right\"><\/i>\t\t\t<\/span>\n\t\t\t\t\t\t\t\t\t<span class=\"elementor-button-text\">Kenelle SELFIE PTK on tarkoitettu?<\/span>\n\t\t\t\t\t<\/span>\n\t\t\t\t\t<\/a>\n\t\t\t\t<\/div>\n\t\t\t\t\t\t\t\t<\/div>\n\t\t\t\t<\/div>\n\t\t\t\t\t<\/div>\n\t\t<\/div>\n\t\t\t\t\t<\/div>\n\t\t<\/section>\n\t\t\t\t<section class=\"elementor-section elementor-top-section elementor-element elementor-element-0185a99 elementor-section-boxed elementor-section-height-default elementor-section-height-default\" data-id=\"0185a99\" data-element_type=\"section\" data-e-type=\"section\" data-settings=\"{&quot;jet_parallax_layout_list&quot;:[{&quot;jet_parallax_layout_image&quot;:{&quot;url&quot;:&quot;&quot;,&quot;id&quot;:&quot;&quot;,&quot;size&quot;:&quot;&quot;},&quot;_id&quot;:&quot;defa003&quot;,&quot;jet_parallax_layout_image_tablet&quot;:{&quot;url&quot;:&quot;&quot;,&quot;id&quot;:&quot;&quot;,&quot;size&quot;:&quot;&quot;},&quot;jet_parallax_layout_image_mobile&quot;:{&quot;url&quot;:&quot;&quot;,&quot;id&quot;:&quot;&quot;,&quot;size&quot;:&quot;&quot;},&quot;jet_parallax_layout_speed&quot;:{&quot;unit&quot;:&quot;%&quot;,&quot;size&quot;:50,&quot;sizes&quot;:[]},&quot;jet_parallax_layout_type&quot;:&quot;scroll&quot;,&quot;jet_parallax_layout_direction&quot;:&quot;1&quot;,&quot;jet_parallax_layout_fx_direction&quot;:null,&quot;jet_parallax_layout_z_index&quot;:&quot;&quot;,&quot;jet_parallax_layout_bg_x&quot;:50,&quot;jet_parallax_layout_bg_x_tablet&quot;:&quot;&quot;,&quot;jet_parallax_layout_bg_x_mobile&quot;:&quot;&quot;,&quot;jet_parallax_layout_bg_y&quot;:50,&quot;jet_parallax_layout_bg_y_tablet&quot;:&quot;&quot;,&quot;jet_parallax_layout_bg_y_mobile&quot;:&quot;&quot;,&quot;jet_parallax_layout_bg_size&quot;:&quot;auto&quot;,&quot;jet_parallax_layout_bg_size_tablet&quot;:&quot;&quot;,&quot;jet_parallax_layout_bg_size_mobile&quot;:&quot;&quot;,&quot;jet_parallax_layout_animation_prop&quot;:&quot;transform&quot;,&quot;jet_parallax_layout_on&quot;:[&quot;desktop&quot;,&quot;tablet&quot;]}]}\">\n\t\t\t\t\t\t<div class=\"elementor-container elementor-column-gap-default\">\n\t\t\t\t\t\t<\/div>\n\t\t<\/section>\n\t\t\t\t<section class=\"elementor-section elementor-top-section elementor-element elementor-element-2ab2b3b elementor-section-boxed elementor-section-height-default elementor-section-height-default\" data-id=\"2ab2b3b\" data-element_type=\"section\" data-e-type=\"section\" data-settings=\"{&quot;jet_parallax_layout_list&quot;:[{&quot;jet_parallax_layout_image&quot;:{&quot;url&quot;:&quot;&quot;,&quot;id&quot;:&quot;&quot;,&quot;size&quot;:&quot;&quot;},&quot;_id&quot;:&quot;95626eb&quot;,&quot;jet_parallax_layout_image_tablet&quot;:{&quot;url&quot;:&quot;&quot;,&quot;id&quot;:&quot;&quot;,&quot;size&quot;:&quot;&quot;},&quot;jet_parallax_layout_image_mobile&quot;:{&quot;url&quot;:&quot;&quot;,&quot;id&quot;:&quot;&quot;,&quot;size&quot;:&quot;&quot;},&quot;jet_parallax_layout_speed&quot;:{&quot;unit&quot;:&quot;%&quot;,&quot;size&quot;:50,&quot;sizes&quot;:[]},&quot;jet_parallax_layout_type&quot;:&quot;scroll&quot;,&quot;jet_parallax_layout_direction&quot;:&quot;1&quot;,&quot;jet_parallax_layout_fx_direction&quot;:null,&quot;jet_parallax_layout_z_index&quot;:&quot;&quot;,&quot;jet_parallax_layout_bg_x&quot;:50,&quot;jet_parallax_layout_bg_x_tablet&quot;:&quot;&quot;,&quot;jet_parallax_layout_bg_x_mobile&quot;:&quot;&quot;,&quot;jet_parallax_layout_bg_y&quot;:50,&quot;jet_parallax_layout_bg_y_tablet&quot;:&quot;&quot;,&quot;jet_parallax_layout_bg_y_mobile&quot;:&quot;&quot;,&quot;jet_parallax_layout_bg_size&quot;:&quot;auto&quot;,&quot;jet_parallax_layout_bg_size_tablet&quot;:&quot;&quot;,&quot;jet_parallax_layout_bg_size_mobile&quot;:&quot;&quot;,&quot;jet_parallax_layout_animation_prop&quot;:&quot;transform&quot;,&quot;jet_parallax_layout_on&quot;:[&quot;desktop&quot;,&quot;tablet&quot;]}]}\">\n\t\t\t\t\t\t<div class=\"elementor-container elementor-column-gap-default\">\n\t\t\t\t\t\t<\/div>\n\t\t<\/section>\n\t\t\t\t<\/div>","protected":false},"excerpt":{"rendered":"<p>What Is The SELFIE PTK For? Schools use tools like SELFIE to get a clearer picture of how their learning community sees and feels about digital education in the school: how its members see to what extend digital technologies are embedded in the school&#8217;s educational context and how they feel about their own competence and [&hellip;]<\/p>","protected":false},"author":1,"featured_media":0,"parent":134,"menu_order":1,"comment_status":"closed","ping_status":"closed","template":"","meta":{"site-sidebar-layout":"no-sidebar","site-content-layout":"page-builder","ast-site-content-layout":"default","site-content-style":"default","site-sidebar-style":"default","ast-global-header-display":"","ast-banner-title-visibility":"","ast-main-header-display":"","ast-hfb-above-header-display":"","ast-hfb-below-header-display":"","ast-hfb-mobile-header-display":"","site-post-title":"disabled","ast-breadcrumbs-content":"","ast-featured-img":"disabled","footer-sml-layout":"","theme-transparent-header-meta":"default","adv-header-id-meta":"","stick-header-meta":"","header-above-stick-meta":"","header-main-stick-meta":"","header-below-stick-meta":"","astra-migrate-meta-layouts":"default","ast-page-background-enabled":"default","ast-page-background-meta":{"desktop":{"background-color":"","background-image":"","background-repeat":"repeat","background-position":"center center","background-size":"auto","background-attachment":"scroll","background-type":"","background-media":"","overlay-type":"","overlay-color":"","overlay-opacity":"","overlay-gradient":""},"tablet":{"background-color":"","background-image":"","background-repeat":"repeat","background-position":"center center","background-size":"auto","background-attachment":"scroll","background-type":"","background-media":"","overlay-type":"","overlay-color":"","overlay-opacity":"","overlay-gradient":""},"mobile":{"background-color":"","background-image":"","background-repeat":"repeat","background-position":"center center","background-size":"auto","background-attachment":"scroll","background-type":"","background-media":"","overlay-type":"","overlay-color":"","overlay-opacity":"","overlay-gradient":""}},"ast-content-background-meta":{"desktop":{"background-color":"var(--ast-global-color-5)","background-image":"","background-repeat":"repeat","background-position":"center center","background-size":"auto","background-attachment":"scroll","background-type":"","background-media":"","overlay-type":"","overlay-color":"","overlay-opacity":"","overlay-gradient":""},"tablet":{"background-color":"var(--ast-global-color-5)","background-image":"","background-repeat":"repeat","background-position":"center center","background-size":"auto","background-attachment":"scroll","background-type":"","background-media":"","overlay-type":"","overlay-color":"","overlay-opacity":"","overlay-gradient":""},"mobile":{"background-color":"var(--ast-global-color-5)","background-image":"","background-repeat":"repeat","background-position":"center center","background-size":"auto","background-attachment":"scroll","background-type":"","background-media":"","overlay-type":"","overlay-color":"","overlay-opacity":"","overlay-gradient":""}},"footnotes":""},"class_list":["post-851","page","type-page","status-publish","hentry"],"_links":{"self":[{"href":"https:\/\/selfie-ptk.eu\/fi\/wp-json\/wp\/v2\/pages\/851","targetHints":{"allow":["GET"]}}],"collection":[{"href":"https:\/\/selfie-ptk.eu\/fi\/wp-json\/wp\/v2\/pages"}],"about":[{"href":"https:\/\/selfie-ptk.eu\/fi\/wp-json\/wp\/v2\/types\/page"}],"author":[{"embeddable":true,"href":"https:\/\/selfie-ptk.eu\/fi\/wp-json\/wp\/v2\/users\/1"}],"replies":[{"embeddable":true,"href":"https:\/\/selfie-ptk.eu\/fi\/wp-json\/wp\/v2\/comments?post=851"}],"version-history":[{"count":5,"href":"https:\/\/selfie-ptk.eu\/fi\/wp-json\/wp\/v2\/pages\/851\/revisions"}],"predecessor-version":[{"id":4839,"href":"https:\/\/selfie-ptk.eu\/fi\/wp-json\/wp\/v2\/pages\/851\/revisions\/4839"}],"up":[{"embeddable":true,"href":"https:\/\/selfie-ptk.eu\/fi\/wp-json\/wp\/v2\/pages\/134"}],"wp:attachment":[{"href":"https:\/\/selfie-ptk.eu\/fi\/wp-json\/wp\/v2\/media?parent=851"}],"curies":[{"name":"wp","href":"https:\/\/api.w.org\/{rel}","templated":true}]}}