{"id":4064,"date":"2021-10-09T12:09:46","date_gmt":"2021-10-09T09:09:46","guid":{"rendered":"https:\/\/selfie-ptk.eu\/?page_id=4064"},"modified":"2022-07-14T10:44:45","modified_gmt":"2022-07-14T07:44:45","slug":"use-selfie-ptk","status":"publish","type":"page","link":"https:\/\/selfie-ptk.eu\/pt\/use-selfie-ptk\/","title":{"rendered":"Use o SELFIE PTK"},"content":{"rendered":"<div data-elementor-type=\"wp-page\" data-elementor-id=\"4064\" class=\"elementor elementor-4064\" data-elementor-post-type=\"page\">\n\t\t\t\t\t\t<section class=\"elementor-section elementor-top-section elementor-element elementor-element-zzhlpee elementor-section-boxed elementor-section-height-default elementor-section-height-default\" data-id=\"zzhlpee\" data-element_type=\"section\" data-e-type=\"section\" data-settings=\"{&quot;background_background&quot;:&quot;classic&quot;,&quot;jet_parallax_layout_list&quot;:[{&quot;_id&quot;:&quot;153e0ee&quot;,&quot;jet_parallax_layout_image&quot;:{&quot;url&quot;:&quot;&quot;,&quot;id&quot;:&quot;&quot;,&quot;size&quot;:&quot;&quot;},&quot;jet_parallax_layout_image_tablet&quot;:{&quot;url&quot;:&quot;&quot;,&quot;id&quot;:&quot;&quot;,&quot;size&quot;:&quot;&quot;},&quot;jet_parallax_layout_image_mobile&quot;:{&quot;url&quot;:&quot;&quot;,&quot;id&quot;:&quot;&quot;,&quot;size&quot;:&quot;&quot;},&quot;jet_parallax_layout_speed&quot;:{&quot;unit&quot;:&quot;%&quot;,&quot;size&quot;:50,&quot;sizes&quot;:[]},&quot;jet_parallax_layout_type&quot;:&quot;scroll&quot;,&quot;jet_parallax_layout_direction&quot;:&quot;1&quot;,&quot;jet_parallax_layout_fx_direction&quot;:null,&quot;jet_parallax_layout_z_index&quot;:&quot;&quot;,&quot;jet_parallax_layout_bg_x&quot;:50,&quot;jet_parallax_layout_bg_x_tablet&quot;:&quot;&quot;,&quot;jet_parallax_layout_bg_x_mobile&quot;:&quot;&quot;,&quot;jet_parallax_layout_bg_y&quot;:50,&quot;jet_parallax_layout_bg_y_tablet&quot;:&quot;&quot;,&quot;jet_parallax_layout_bg_y_mobile&quot;:&quot;&quot;,&quot;jet_parallax_layout_bg_size&quot;:&quot;auto&quot;,&quot;jet_parallax_layout_bg_size_tablet&quot;:&quot;&quot;,&quot;jet_parallax_layout_bg_size_mobile&quot;:&quot;&quot;,&quot;jet_parallax_layout_animation_prop&quot;:&quot;transform&quot;,&quot;jet_parallax_layout_on&quot;:[&quot;desktop&quot;,&quot;tablet&quot;]}]}\">\n\t\t\t\t\t\t<div class=\"elementor-container elementor-column-gap-no\">\n\t\t\t\t\t<div class=\"elementor-column elementor-col-100 elementor-top-column elementor-element elementor-element-5392e4d\" data-id=\"5392e4d\" data-element_type=\"column\" data-e-type=\"column\">\n\t\t\t<div class=\"elementor-widget-wrap elementor-element-populated\">\n\t\t\t\t\t\t<div class=\"elementor-element elementor-element-950ab56 elementor-widget elementor-widget-heading\" data-id=\"950ab56\" data-element_type=\"widget\" data-e-type=\"widget\" data-widget_type=\"heading.default\">\n\t\t\t\t<div class=\"elementor-widget-container\">\n\t\t\t\t\t<h1 class=\"elementor-heading-title elementor-size-default\">Usar o SELFIE PTK<\/h1>\t\t\t\t<\/div>\n\t\t\t\t<\/div>\n\t\t\t\t<div class=\"elementor-element elementor-element-8063b88 elementor-widget elementor-widget-text-editor\" data-id=\"8063b88\" data-element_type=\"widget\" data-e-type=\"widget\" data-widget_type=\"text-editor.default\">\n\t\t\t\t<div class=\"elementor-widget-container\">\n\t\t\t\t\t\t\t\t\t<p>Esta p\u00e1gina descreve, detalhadamente, de que modo a SELFIE PTK pode ser posta em pr\u00e1tica pelas escolas, fornecendo orienta\u00e7\u00f5es detalhadas passo-a-passo de modo a facilitar o seu uso. As orienta\u00e7\u00f5es fornecidas pela SELFIE PTK consistem em 7 Etapa primordiais.<\/p>\t\t\t\t\t\t\t\t<\/div>\n\t\t\t\t<\/div>\n\t\t\t\t\t<\/div>\n\t\t<\/div>\n\t\t\t\t\t<\/div>\n\t\t<\/section>\n\t\t\t\t<section class=\"elementor-section elementor-top-section elementor-element elementor-element-az41cug elementor-section-boxed elementor-section-height-default elementor-section-height-default\" data-id=\"az41cug\" data-element_type=\"section\" data-e-type=\"section\" data-settings=\"{&quot;jet_parallax_layout_list&quot;:[{&quot;_id&quot;:&quot;565455b&quot;,&quot;jet_parallax_layout_image&quot;:{&quot;url&quot;:&quot;&quot;,&quot;id&quot;:&quot;&quot;,&quot;size&quot;:&quot;&quot;},&quot;jet_parallax_layout_image_tablet&quot;:{&quot;url&quot;:&quot;&quot;,&quot;id&quot;:&quot;&quot;,&quot;size&quot;:&quot;&quot;},&quot;jet_parallax_layout_image_mobile&quot;:{&quot;url&quot;:&quot;&quot;,&quot;id&quot;:&quot;&quot;,&quot;size&quot;:&quot;&quot;},&quot;jet_parallax_layout_speed&quot;:{&quot;unit&quot;:&quot;%&quot;,&quot;size&quot;:50,&quot;sizes&quot;:[]},&quot;jet_parallax_layout_type&quot;:&quot;scroll&quot;,&quot;jet_parallax_layout_direction&quot;:&quot;1&quot;,&quot;jet_parallax_layout_fx_direction&quot;:null,&quot;jet_parallax_layout_z_index&quot;:&quot;&quot;,&quot;jet_parallax_layout_bg_x&quot;:50,&quot;jet_parallax_layout_bg_x_tablet&quot;:&quot;&quot;,&quot;jet_parallax_layout_bg_x_mobile&quot;:&quot;&quot;,&quot;jet_parallax_layout_bg_y&quot;:50,&quot;jet_parallax_layout_bg_y_tablet&quot;:&quot;&quot;,&quot;jet_parallax_layout_bg_y_mobile&quot;:&quot;&quot;,&quot;jet_parallax_layout_bg_size&quot;:&quot;auto&quot;,&quot;jet_parallax_layout_bg_size_tablet&quot;:&quot;&quot;,&quot;jet_parallax_layout_bg_size_mobile&quot;:&quot;&quot;,&quot;jet_parallax_layout_animation_prop&quot;:&quot;transform&quot;,&quot;jet_parallax_layout_on&quot;:[&quot;desktop&quot;,&quot;tablet&quot;]}],&quot;background_background&quot;:&quot;classic&quot;}\">\n\t\t\t\t\t\t<div class=\"elementor-container elementor-column-gap-no\">\n\t\t\t\t\t<div class=\"elementor-column elementor-col-100 elementor-top-column elementor-element elementor-element-d778cc8\" data-id=\"d778cc8\" data-element_type=\"column\" data-e-type=\"column\" data-settings=\"{&quot;background_background&quot;:&quot;classic&quot;}\">\n\t\t\t<div class=\"elementor-widget-wrap elementor-element-populated\">\n\t\t\t\t\t\t<div class=\"elementor-element elementor-element-5ea13ce elementor-widget elementor-widget-uael-hotspot\" data-id=\"5ea13ce\" data-element_type=\"widget\" data-e-type=\"widget\" data-settings=\"{&quot;position&quot;:&quot;top&quot;,&quot;trigger&quot;:&quot;hover&quot;}\" data-widget_type=\"uael-hotspot.default\">\n\t\t\t\t<div class=\"elementor-widget-container\">\n\t\t\t\t\t\n\t\t<div class=\"uael-hotspot  uael-hotspot-tooltip-yes\">\n\t\t\t<img fetchpriority=\"high\" decoding=\"async\" width=\"2322\" height=\"1108\" src=\"https:\/\/selfie-ptk.eu\/wp-content\/uploads\/2023\/02\/chart_n.png\" class=\"attachment-full size-full wp-image-4924\" alt=\"\" srcset=\"https:\/\/selfie-ptk.eu\/wp-content\/uploads\/2023\/02\/chart_n.png 2471w, https:\/\/selfie-ptk.eu\/wp-content\/uploads\/2023\/02\/chart_n-300x152.png 300w, https:\/\/selfie-ptk.eu\/wp-content\/uploads\/2023\/02\/chart_n-1024x519.png 1024w, https:\/\/selfie-ptk.eu\/wp-content\/uploads\/2023\/02\/chart_n-768x389.png 768w, https:\/\/selfie-ptk.eu\/wp-content\/uploads\/2023\/02\/chart_n-1536x778.png 1536w, https:\/\/selfie-ptk.eu\/wp-content\/uploads\/2023\/02\/chart_n-2048x1038.png 2048w, https:\/\/selfie-ptk.eu\/wp-content\/uploads\/2023\/02\/chart_n-18x9.png 18w\" sizes=\"(max-width: 2322px) 100vw, 2322px\" \/>\t\t\t\n\t\t\t<div class=\"uael-hotspot-container\" data-side=\"top\" data-hotspottrigger=\"hover\" data-arrow=\"true\" data-distance=\"6\" data-delay=\"300\" data-animation=\"fade\" data-animduration=\"350\" data-zindex=\"99\" data-length=\"8\" data-autoplay=\"\" data-repeat=\"\" data-tourinterval=\"4000\" data-overlay=\"\" data-autoaction=\"\" data-hotspotviewport=\"90\" data-tooltip-maxwidth=\"250\" data-tooltip-minwidth=\"0\" >\n\n\t\t\t\t\t\t\t\t\t\t\t\t\t\t\t\t\t\t\t\t\t\t\t\t\t\t\t\t\t\t<a href=\"\/pt\/starting-point\/\" > \t\t\t\t\t\t\t\t\t\t\t\t\t\t\t\t\t\t\t\t\t\t\t<span class=\"uael-tooltip elementor-repeater-item-d3f7adf\">\n\t\t\t\t\t\t<span class=\"uael-hotspot-main-5ea13ce uael-hotspot-content uael-hotspot-anim\" id=\"uael-tooltip-id-5ea13ce-1\" data-uaeltour=\"1\" data-tooltip-content=\"#uael-tooltip-content-5ea13ce-d3f7adf\">\n\t\t\t\t\t\t\t<i aria-hidden=\"true\" class=\"fa fa-dot-circle-o\"><\/i>\t\t\t\t\t\t<\/span>\n\t\t\t\t\t<\/span>\n\t\t\t\t\t\t\t\t\t\t\t\t\t\t\t\t\t\t\t\t\t\t\t\t\t\t<\/a>\n\t\t\t\t\t\t\t\t\t\t\t\t\t\t\t\t\t\t\n\t\t\t\t\t\t\t\t\t\t\t\t\t\t\t\t<span class=\"uael-tooltip-container\">\n\t\t\t\t\t\t\t<span class=\"uael-tooltip-text uael-tour-inactive\" id=\"uael-tooltip-content-5ea13ce-d3f7adf\"><p>Comece por fazer uma autorreflex\u00e3o sobre a capacidade digital da sua escola recorrendo \u00e0 SELFIE e crie uma equipa de coordena\u00e7\u00e3o<\/p>\t\t\t\t\t\t\t\t<span class=\"uael-tour\"><span class=\"uael-actual-step\">1 of 8<\/span><ul><li><a href=\"#0\" class=\"uael-prev-5ea13ce\" data-tooltipid=\"1\">&#171; Previous<\/a><\/li><li><a href=\"#0\" class=\"uael-next-5ea13ce\" data-tooltipid=\"1\">Next &#187;<\/a><\/li><\/ul><\/span>\n\t\t\t\t\t\t\t\t\t\t\t\t\t\t\t<\/span>\n\t\t\t\t\t\t<\/span>\n\t\t\t\t\t\t\t\t\t\t\t\t\t\t\t\t\t\t\t\t\t\t\t\t\t\t\t\t\t\t\t\t\t\t\t\t<a href=\"\/pt\/step-1\/\" > \t\t\t\t\t\t\t\t\t\t\t\t\t\t\t\t\t\t\t\t\t\t\t<span class=\"uael-tooltip elementor-repeater-item-14b2fa1\">\n\t\t\t\t\t\t<span class=\"uael-hotspot-main-5ea13ce uael-hotspot-content uael-hotspot-anim\" id=\"uael-tooltip-id-5ea13ce-2\" data-uaeltour=\"2\" data-tooltip-content=\"#uael-tooltip-content-5ea13ce-14b2fa1\">\n\t\t\t\t\t\t\t<i aria-hidden=\"true\" class=\"fa fa-dot-circle-o\"><\/i>\t\t\t\t\t\t<\/span>\n\t\t\t\t\t<\/span>\n\t\t\t\t\t\t\t\t\t\t\t\t\t\t\t\t\t\t\t\t\t\t\t\t\t\t<\/a>\n\t\t\t\t\t\t\t\t\t\t\t\t\t\t\t\t\t\t\n\t\t\t\t\t\t\t\t\t\t\t\t\t\t\t\t<span class=\"uael-tooltip-container\">\n\t\t\t\t\t\t\t<span class=\"uael-tooltip-text uael-tour-inactive\" id=\"uael-tooltip-content-5ea13ce-14b2fa1\"><p>Compreender de uma forma geral os resultados do relat\u00f3rio Selfie, identificando informa\u00e7\u00e3o-chave (por exemplo: converg\u00eancia ou diverg\u00eancia de opini\u00f5es, entre os diferentes grupos de inquiridos; resposta a itens personalizados); comparar resultados dentro da mesma \u00e1rea (por exemplo, \u00e1reas principais vs \u00e1reas adicionais); seleccionar 2-3 quest\u00f5es- foco para o PADDE<\/p>\t\t\t\t\t\t\t\t<span class=\"uael-tour\"><span class=\"uael-actual-step\">2 of 8<\/span><ul><li><a href=\"#0\" class=\"uael-prev-5ea13ce\" data-tooltipid=\"2\">&#171; Previous<\/a><\/li><li><a href=\"#0\" class=\"uael-next-5ea13ce\" data-tooltipid=\"2\">Next &#187;<\/a><\/li><\/ul><\/span>\n\t\t\t\t\t\t\t\t\t\t\t\t\t\t\t<\/span>\n\t\t\t\t\t\t<\/span>\n\t\t\t\t\t\t\t\t\t\t\t\t\t\t\t\t\t\t\t\t\t\t\t\t\t\t\t\t\t\t\t\t\t\t\t\t<a href=\"\/pt\/step-2\/\" > \t\t\t\t\t\t\t\t\t\t\t\t\t\t\t\t\t\t\t\t\t\t\t<span class=\"uael-tooltip elementor-repeater-item-9135a3e\">\n\t\t\t\t\t\t<span class=\"uael-hotspot-main-5ea13ce uael-hotspot-content uael-hotspot-anim\" id=\"uael-tooltip-id-5ea13ce-3\" data-uaeltour=\"3\" data-tooltip-content=\"#uael-tooltip-content-5ea13ce-9135a3e\">\n\t\t\t\t\t\t\t<i aria-hidden=\"true\" class=\"fa fa-dot-circle-o\"><\/i>\t\t\t\t\t\t<\/span>\n\t\t\t\t\t<\/span>\n\t\t\t\t\t\t\t\t\t\t\t\t\t\t\t\t\t\t\t\t\t\t\t\t\t\t<\/a>\n\t\t\t\t\t\t\t\t\t\t\t\t\t\t\t\t\t\t\n\t\t\t\t\t\t\t\t\t\t\t\t\t\t\t\t<span class=\"uael-tooltip-container\">\n\t\t\t\t\t\t\t<span class=\"uael-tooltip-text uael-tour-inactive\" id=\"uael-tooltip-content-5ea13ce-9135a3e\"><p>Analisar e construir uma vis\u00e3o partilhada relativamente \u00e0s quest\u00f5es e pontos selecionados (por exemplo, atrav\u00e9s de grupo focal, painel, question\u00e1rio, caixa de ideias, etc.)<\/p>\t\t\t\t\t\t\t\t<span class=\"uael-tour\"><span class=\"uael-actual-step\">3 of 8<\/span><ul><li><a href=\"#0\" class=\"uael-prev-5ea13ce\" data-tooltipid=\"3\">&#171; Previous<\/a><\/li><li><a href=\"#0\" class=\"uael-next-5ea13ce\" data-tooltipid=\"3\">Next &#187;<\/a><\/li><\/ul><\/span>\n\t\t\t\t\t\t\t\t\t\t\t\t\t\t\t<\/span>\n\t\t\t\t\t\t<\/span>\n\t\t\t\t\t\t\t\t\t\t\t\t\t\t\t\t\t\t\t\t\t\t\t\t\t\t\t\t\t\t\t\t\t\t\t\t<a href=\"\/pt\/step-3\/\" > \t\t\t\t\t\t\t\t\t\t\t\t\t\t\t\t\t\t\t\t\t\t\t<span class=\"uael-tooltip elementor-repeater-item-216fe7d\">\n\t\t\t\t\t\t<span class=\"uael-hotspot-main-5ea13ce uael-hotspot-content uael-hotspot-anim\" id=\"uael-tooltip-id-5ea13ce-4\" data-uaeltour=\"4\" data-tooltip-content=\"#uael-tooltip-content-5ea13ce-216fe7d\">\n\t\t\t\t\t\t\t<i aria-hidden=\"true\" class=\"fa fa-dot-circle-o\"><\/i>\t\t\t\t\t\t<\/span>\n\t\t\t\t\t<\/span>\n\t\t\t\t\t\t\t\t\t\t\t\t\t\t\t\t\t\t\t\t\t\t\t\t\t\t<\/a>\n\t\t\t\t\t\t\t\t\t\t\t\t\t\t\t\t\t\t\n\t\t\t\t\t\t\t\t\t\t\t\t\t\t\t\t<span class=\"uael-tooltip-container\">\n\t\t\t\t\t\t\t<span class=\"uael-tooltip-text uael-tour-inactive\" id=\"uael-tooltip-content-5ea13ce-216fe7d\"><p>Priorizar as \u00e1reas\/itens SELFIE que requerem uma a\u00e7\u00e3o, e definir objectivos para alcan\u00e7ar melhorias alinhadas com estas prioridades (eventuais objetivos da Fase 2)<\/p>\t\t\t\t\t\t\t\t<span class=\"uael-tour\"><span class=\"uael-actual-step\">4 of 8<\/span><ul><li><a href=\"#0\" class=\"uael-prev-5ea13ce\" data-tooltipid=\"4\">&#171; Previous<\/a><\/li><li><a href=\"#0\" class=\"uael-next-5ea13ce\" data-tooltipid=\"4\">Next &#187;<\/a><\/li><\/ul><\/span>\n\t\t\t\t\t\t\t\t\t\t\t\t\t\t\t<\/span>\n\t\t\t\t\t\t<\/span>\n\t\t\t\t\t\t\t\t\t\t\t\t\t\t\t\t\t\t\t\t\t\t\t\t\t\t\t\t\t\t\t\t\t\t\t\t<a href=\"\/pt\/step-4\/\" > \t\t\t\t\t\t\t\t\t\t\t\t\t\t\t\t\t\t\t\t\t\t\t<span class=\"uael-tooltip elementor-repeater-item-1499939\">\n\t\t\t\t\t\t<span class=\"uael-hotspot-main-5ea13ce uael-hotspot-content uael-hotspot-anim\" id=\"uael-tooltip-id-5ea13ce-5\" data-uaeltour=\"5\" data-tooltip-content=\"#uael-tooltip-content-5ea13ce-1499939\">\n\t\t\t\t\t\t\t<i aria-hidden=\"true\" class=\"fa fa-dot-circle-o\"><\/i>\t\t\t\t\t\t<\/span>\n\t\t\t\t\t<\/span>\n\t\t\t\t\t\t\t\t\t\t\t\t\t\t\t\t\t\t\t\t\t\t\t\t\t\t<\/a>\n\t\t\t\t\t\t\t\t\t\t\t\t\t\t\t\t\t\t\n\t\t\t\t\t\t\t\t\t\t\t\t\t\t\t\t<span class=\"uael-tooltip-container\">\n\t\t\t\t\t\t\t<span class=\"uael-tooltip-text uael-tour-inactive\" id=\"uael-tooltip-content-5ea13ce-1499939\"><p>Para cada objetivo estabelecido, definir uma ou mais a\u00e7\u00f5es\/objetivos \"S.M.A.R.T.\", ou seja, Espec\u00edficos, Mensur\u00e1veis [resultados], Alcan\u00e7\u00e1veis, Relevantes, Temporais.<\/p>\t\t\t\t\t\t\t\t<span class=\"uael-tour\"><span class=\"uael-actual-step\">5 of 8<\/span><ul><li><a href=\"#0\" class=\"uael-prev-5ea13ce\" data-tooltipid=\"5\">&#171; Previous<\/a><\/li><li><a href=\"#0\" class=\"uael-next-5ea13ce\" data-tooltipid=\"5\">Next &#187;<\/a><\/li><\/ul><\/span>\n\t\t\t\t\t\t\t\t\t\t\t\t\t\t\t<\/span>\n\t\t\t\t\t\t<\/span>\n\t\t\t\t\t\t\t\t\t\t\t\t\t\t\t\t\t\t\t\t\t\t\t\t\t\t\t\t\t\t\t\t\t\t\t\t<a href=\"\/pt\/step-5\/\" > \t\t\t\t\t\t\t\t\t\t\t\t\t\t\t\t\t\t\t\t\t\t\t<span class=\"uael-tooltip elementor-repeater-item-3835e0d\">\n\t\t\t\t\t\t<span class=\"uael-hotspot-main-5ea13ce uael-hotspot-content uael-hotspot-anim\" id=\"uael-tooltip-id-5ea13ce-6\" data-uaeltour=\"6\" data-tooltip-content=\"#uael-tooltip-content-5ea13ce-3835e0d\">\n\t\t\t\t\t\t\t<i aria-hidden=\"true\" class=\"fa fa-dot-circle-o\"><\/i>\t\t\t\t\t\t<\/span>\n\t\t\t\t\t<\/span>\n\t\t\t\t\t\t\t\t\t\t\t\t\t\t\t\t\t\t\t\t\t\t\t\t\t\t<\/a>\n\t\t\t\t\t\t\t\t\t\t\t\t\t\t\t\t\t\t\n\t\t\t\t\t\t\t\t\t\t\t\t\t\t\t\t<span class=\"uael-tooltip-container\">\n\t\t\t\t\t\t\t<span class=\"uael-tooltip-text uael-tour-inactive\" id=\"uael-tooltip-content-5ea13ce-3835e0d\"><p>Definir as a\u00e7\u00f5es, determinando prazos, pap\u00e9is\/responsabilidades, recursos, crit\u00e9rios de sucesso, meios de monitoriza\u00e7\u00e3o e avalia\u00e7\u00e3o das atividades.<\/p>\t\t\t\t\t\t\t\t<span class=\"uael-tour\"><span class=\"uael-actual-step\">6 of 8<\/span><ul><li><a href=\"#0\" class=\"uael-prev-5ea13ce\" data-tooltipid=\"6\">&#171; Previous<\/a><\/li><li><a href=\"#0\" class=\"uael-next-5ea13ce\" data-tooltipid=\"6\">Next &#187;<\/a><\/li><\/ul><\/span>\n\t\t\t\t\t\t\t\t\t\t\t\t\t\t\t<\/span>\n\t\t\t\t\t\t<\/span>\n\t\t\t\t\t\t\t\t\t\t\t\t\t\t\t\t\t\t\t\t\t\t\t\t\t\t\t\t\t\t\t\t\t\t\t\t<a href=\"\/pt\/step-6\/\" > \t\t\t\t\t\t\t\t\t\t\t\t\t\t\t\t\t\t\t\t\t\t\t<span class=\"uael-tooltip elementor-repeater-item-727502a\">\n\t\t\t\t\t\t<span class=\"uael-hotspot-main-5ea13ce uael-hotspot-content uael-hotspot-anim\" id=\"uael-tooltip-id-5ea13ce-7\" data-uaeltour=\"7\" data-tooltip-content=\"#uael-tooltip-content-5ea13ce-727502a\">\n\t\t\t\t\t\t\t<i aria-hidden=\"true\" class=\"fa fa-dot-circle-o\"><\/i>\t\t\t\t\t\t<\/span>\n\t\t\t\t\t<\/span>\n\t\t\t\t\t\t\t\t\t\t\t\t\t\t\t\t\t\t\t\t\t\t\t\t\t\t<\/a>\n\t\t\t\t\t\t\t\t\t\t\t\t\t\t\t\t\t\t\n\t\t\t\t\t\t\t\t\t\t\t\t\t\t\t\t<span class=\"uael-tooltip-container\">\n\t\t\t\t\t\t\t<span class=\"uael-tooltip-text uael-tour-inactive\" id=\"uael-tooltip-content-5ea13ce-727502a\"><table id=\"uael-table-id-5f40550\" class=\"uael-text-break uael-column-rules uael-table\" data-sort-table=\"no\" data-show-entry=\"no\" data-searchable=\"no\"><tbody><tr class=\"uael-table-row\" data-entry=\"6\"><td class=\"uael-table-col elementor-repeater-item-1c60b74\" data-title=\"Description\"><span class=\"uael-table__text\"><span class=\"uael-table__text-inner\">Envolver os participantes, criar 'equipas de implementa\u00e7\u00e3o', organizar, reunir materiais, manter o empenho ativo de todos, e iniciar a implementa\u00e7\u00e3o do PADDE.<\/span><\/span><\/td><\/tr><\/tbody><\/table>\t\t\t\t\t\t\t\t<span class=\"uael-tour\"><span class=\"uael-actual-step\">7 of 8<\/span><ul><li><a href=\"#0\" class=\"uael-prev-5ea13ce\" data-tooltipid=\"7\">&#171; Previous<\/a><\/li><li><a href=\"#0\" class=\"uael-next-5ea13ce\" data-tooltipid=\"7\">Next &#187;<\/a><\/li><\/ul><\/span>\n\t\t\t\t\t\t\t\t\t\t\t\t\t\t\t<\/span>\n\t\t\t\t\t\t<\/span>\n\t\t\t\t\t\t\t\t\t\t\t\t\t\t\t\t\t\t\t\t\t\t\t\t\t\t\t\t\t\t\t\t\t\t\t\t<a href=\"\/pt\/step-7\/\" > \t\t\t\t\t\t\t\t\t\t\t\t\t\t\t\t\t\t\t\t\t\t\t<span class=\"uael-tooltip elementor-repeater-item-19363a0\">\n\t\t\t\t\t\t<span class=\"uael-hotspot-main-5ea13ce uael-hotspot-content uael-hotspot-anim\" id=\"uael-tooltip-id-5ea13ce-8\" data-uaeltour=\"8\" data-tooltip-content=\"#uael-tooltip-content-5ea13ce-19363a0\">\n\t\t\t\t\t\t\t<i aria-hidden=\"true\" class=\"fa fa-dot-circle-o\"><\/i>\t\t\t\t\t\t<\/span>\n\t\t\t\t\t<\/span>\n\t\t\t\t\t\t\t\t\t\t\t\t\t\t\t\t\t\t\t\t\t\t\t\t\t\t<\/a>\n\t\t\t\t\t\t\t\t\t\t\t\t\t\t\t\t\t\t\n\t\t\t\t\t\t\t\t\t\t\t\t\t\t\t\t<span class=\"uael-tooltip-container\">\n\t\t\t\t\t\t\t<span class=\"uael-tooltip-text uael-tour-inactive\" id=\"uael-tooltip-content-5ea13ce-19363a0\"><p>Avaliar o progresso das a\u00e7\u00f5es, utilizando os meios de avalia\u00e7\u00e3o da Etapa 5. Se necess\u00e1rio, fazer ajustes aos resultados das Etapa 4 &amp; 5. Registar os resultados das a\u00e7\u00f5es relativamente aos objetivos, desempenho dos participantes, pontos fortes e fracos, poss\u00edveis melhorias futuras.<\/p>\t\t\t\t\t\t\t\t<span class=\"uael-tour\"><span class=\"uael-actual-step\">8 of 8<\/span><ul><li><a href=\"#0\" class=\"uael-prev-5ea13ce\" data-tooltipid=\"8\">&#171; Previous<\/a><\/li><li><a href=\"#0\" class=\"uael-next-5ea13ce\" data-tooltipid=\"8\">Next &#187;<\/a><\/li><\/ul><\/span>\n\t\t\t\t\t\t\t\t\t\t\t\t\t\t\t<\/span>\n\t\t\t\t\t\t<\/span>\n\t\t\t\t\t\t\t\t\t\t\t\t\t\t<\/div>\n\t\t\t\n\t\t\t\t\t<\/div>\n\t\t\t\t\t\t<\/div>\n\t\t\t\t<\/div>\n\t\t\t\t<div class=\"elementor-element elementor-element-cb03e67 elementor-widget elementor-widget-text-editor\" data-id=\"cb03e67\" data-element_type=\"widget\" data-e-type=\"widget\" data-widget_type=\"text-editor.default\">\n\t\t\t\t<div class=\"elementor-widget-container\">\n\t\t\t\t\t\t\t\t\t<p><span style=\"font-size: 16px; font-style: normal; font-weight: 400; text-align: center;\">Estas etapas s\u00e3o parte de uma abordagem c\u00edclica. Embora as orienta\u00e7\u00f5es apresentadas abaixo estejam formuladas num formato linear, as diferentes etapas n\u00e3o precisam de ser executadas numa sequ\u00eancia r\u00edgida. Em qualquer altura \u00e9 poss\u00edvel retroceder \u00e0 etapa anterior e come\u00e7ar de novo. Durante a monitoriza\u00e7\u00e3o do progresso das atividades implementadas, que decorre na Fase 3, pode tornar-se evidente que as atividades que foram planeadas na Fase 2 precisam de ser ajustadas. Este tipo de ciclo de andar para tr\u00e1s e para a frente, desde o momento da conce\u00e7\u00e3o, passando pela execu\u00e7\u00e3o, a avalia\u00e7\u00e3o, a reelabora\u00e7\u00e3o, etc., \u00e9 comum, e - como todos os professores sabem - \u00e9 tamb\u00e9m uma indica\u00e7\u00e3o de uma pr\u00e1tica saud\u00e1vel e criticamente consciente. Quando este ciclo se estende \u00e0s tr\u00eas fases gerais, pode realmente ajudar a escola a otimizar o planeamento de inova\u00e7\u00e3o pedag\u00f3gica e, desta forma, consolidar a melhoria do ensino e da aprendizagem digitais.<\/span><\/p>\t\t\t\t\t\t\t\t<\/div>\n\t\t\t\t<\/div>\n\t\t\t\t\t<\/div>\n\t\t<\/div>\n\t\t\t\t\t<\/div>\n\t\t<\/section>\n\t\t\t\t<\/div>","protected":false},"excerpt":{"rendered":"<p>Using the SELFIE PTK This page describes in greater detail how the SELFIE PTK might be put into action by schools, by providing detailed step-by-step guidelines for schools to follow. SELFIE PTK guidelines consists of 7 main steps. Start by self-reflecting on your school\u2019s digital capacity with SELFIE and setting up a coordinating team 1 [&hellip;]<\/p>","protected":false},"author":5,"featured_media":0,"parent":0,"menu_order":0,"comment_status":"closed","ping_status":"closed","template":"","meta":{"site-sidebar-layout":"no-sidebar","site-content-layout":"page-builder","ast-site-content-layout":"default","site-content-style":"default","site-sidebar-style":"default","ast-global-header-display":"","ast-banner-title-visibility":"","ast-main-header-display":"","ast-hfb-above-header-display":"","ast-hfb-below-header-display":"","ast-hfb-mobile-header-display":"","site-post-title":"disabled","ast-breadcrumbs-content":"","ast-featured-img":"disabled","footer-sml-layout":"","theme-transparent-header-meta":"default","adv-header-id-meta":"","stick-header-meta":"","header-above-stick-meta":"","header-main-stick-meta":"","header-below-stick-meta":"","astra-migrate-meta-layouts":"default","ast-page-background-enabled":"default","ast-page-background-meta":{"desktop":{"background-color":"","background-image":"","background-repeat":"repeat","background-position":"center center","background-size":"auto","background-attachment":"scroll","background-type":"","background-media":"","overlay-type":"","overlay-color":"","overlay-opacity":"","overlay-gradient":""},"tablet":{"background-color":"","background-image":"","background-repeat":"repeat","background-position":"center center","background-size":"auto","background-attachment":"scroll","background-type":"","background-media":"","overlay-type":"","overlay-color":"","overlay-opacity":"","overlay-gradient":""},"mobile":{"background-color":"","background-image":"","background-repeat":"repeat","background-position":"center center","background-size":"auto","background-attachment":"scroll","background-type":"","background-media":"","overlay-type":"","overlay-color":"","overlay-opacity":"","overlay-gradient":""}},"ast-content-background-meta":{"desktop":{"background-color":"var(--ast-global-color-5)","background-image":"","background-repeat":"repeat","background-position":"center center","background-size":"auto","background-attachment":"scroll","background-type":"","background-media":"","overlay-type":"","overlay-color":"","overlay-opacity":"","overlay-gradient":""},"tablet":{"background-color":"var(--ast-global-color-5)","background-image":"","background-repeat":"repeat","background-position":"center center","background-size":"auto","background-attachment":"scroll","background-type":"","background-media":"","overlay-type":"","overlay-color":"","overlay-opacity":"","overlay-gradient":""},"mobile":{"background-color":"var(--ast-global-color-5)","background-image":"","background-repeat":"repeat","background-position":"center center","background-size":"auto","background-attachment":"scroll","background-type":"","background-media":"","overlay-type":"","overlay-color":"","overlay-opacity":"","overlay-gradient":""}},"footnotes":""},"class_list":["post-4064","page","type-page","status-publish","hentry"],"_links":{"self":[{"href":"https:\/\/selfie-ptk.eu\/pt\/wp-json\/wp\/v2\/pages\/4064","targetHints":{"allow":["GET"]}}],"collection":[{"href":"https:\/\/selfie-ptk.eu\/pt\/wp-json\/wp\/v2\/pages"}],"about":[{"href":"https:\/\/selfie-ptk.eu\/pt\/wp-json\/wp\/v2\/types\/page"}],"author":[{"embeddable":true,"href":"https:\/\/selfie-ptk.eu\/pt\/wp-json\/wp\/v2\/users\/5"}],"replies":[{"embeddable":true,"href":"https:\/\/selfie-ptk.eu\/pt\/wp-json\/wp\/v2\/comments?post=4064"}],"version-history":[{"count":5,"href":"https:\/\/selfie-ptk.eu\/pt\/wp-json\/wp\/v2\/pages\/4064\/revisions"}],"predecessor-version":[{"id":4972,"href":"https:\/\/selfie-ptk.eu\/pt\/wp-json\/wp\/v2\/pages\/4064\/revisions\/4972"}],"wp:attachment":[{"href":"https:\/\/selfie-ptk.eu\/pt\/wp-json\/wp\/v2\/media?parent=4064"}],"curies":[{"name":"wp","href":"https:\/\/api.w.org\/{rel}","templated":true}]}}