{"id":867,"date":"2021-06-30T09:56:23","date_gmt":"2021-06-30T06:56:23","guid":{"rendered":"http:\/\/selfie-ptk.eu\/?page_id=867"},"modified":"2021-10-11T15:55:19","modified_gmt":"2021-10-11T12:55:19","slug":"who-is-the-selfie-ptk-for","status":"publish","type":"page","link":"https:\/\/selfie-ptk.eu\/pt\/about\/who-is-the-selfie-ptk-for\/","title":{"rendered":"Quem s\u00e3o os destinat\u00e1rios do SELFIE PTK?"},"content":{"rendered":"<div data-elementor-type=\"wp-page\" data-elementor-id=\"867\" class=\"elementor elementor-867\" data-elementor-post-type=\"page\">\n\t\t\t\t\t\t<section class=\"elementor-section elementor-top-section elementor-element elementor-element-5de1299 elementor-section-height-min-height elementor-section-boxed elementor-section-height-default elementor-section-items-middle\" data-id=\"5de1299\" data-element_type=\"section\" data-e-type=\"section\" data-settings=\"{&quot;background_background&quot;:&quot;classic&quot;,&quot;jet_parallax_layout_list&quot;:[{&quot;jet_parallax_layout_image&quot;:{&quot;url&quot;:&quot;&quot;,&quot;id&quot;:&quot;&quot;,&quot;size&quot;:&quot;&quot;},&quot;_id&quot;:&quot;b02d9d9&quot;,&quot;jet_parallax_layout_image_tablet&quot;:{&quot;url&quot;:&quot;&quot;,&quot;id&quot;:&quot;&quot;,&quot;size&quot;:&quot;&quot;},&quot;jet_parallax_layout_image_mobile&quot;:{&quot;url&quot;:&quot;&quot;,&quot;id&quot;:&quot;&quot;,&quot;size&quot;:&quot;&quot;},&quot;jet_parallax_layout_speed&quot;:{&quot;unit&quot;:&quot;%&quot;,&quot;size&quot;:50,&quot;sizes&quot;:[]},&quot;jet_parallax_layout_type&quot;:&quot;scroll&quot;,&quot;jet_parallax_layout_direction&quot;:&quot;1&quot;,&quot;jet_parallax_layout_fx_direction&quot;:null,&quot;jet_parallax_layout_z_index&quot;:&quot;&quot;,&quot;jet_parallax_layout_bg_x&quot;:50,&quot;jet_parallax_layout_bg_x_tablet&quot;:&quot;&quot;,&quot;jet_parallax_layout_bg_x_mobile&quot;:&quot;&quot;,&quot;jet_parallax_layout_bg_y&quot;:50,&quot;jet_parallax_layout_bg_y_tablet&quot;:&quot;&quot;,&quot;jet_parallax_layout_bg_y_mobile&quot;:&quot;&quot;,&quot;jet_parallax_layout_bg_size&quot;:&quot;auto&quot;,&quot;jet_parallax_layout_bg_size_tablet&quot;:&quot;&quot;,&quot;jet_parallax_layout_bg_size_mobile&quot;:&quot;&quot;,&quot;jet_parallax_layout_animation_prop&quot;:&quot;transform&quot;,&quot;jet_parallax_layout_on&quot;:[&quot;desktop&quot;,&quot;tablet&quot;]}]}\">\n\t\t\t\t\t\t\t<div class=\"elementor-background-overlay\"><\/div>\n\t\t\t\t\t\t\t<div class=\"elementor-container elementor-column-gap-no\">\n\t\t\t\t\t<div class=\"elementor-column elementor-col-100 elementor-top-column elementor-element elementor-element-d0f5bf2\" data-id=\"d0f5bf2\" data-element_type=\"column\" data-e-type=\"column\">\n\t\t\t<div class=\"elementor-widget-wrap elementor-element-populated\">\n\t\t\t\t\t\t\t<\/div>\n\t\t<\/div>\n\t\t\t\t\t<\/div>\n\t\t<\/section>\n\t\t\t\t<section class=\"elementor-section elementor-top-section elementor-element elementor-element-13d0281 elementor-section-content-bottom elementor-section-boxed elementor-section-height-default elementor-section-height-default\" data-id=\"13d0281\" data-element_type=\"section\" data-e-type=\"section\" data-settings=\"{&quot;jet_parallax_layout_list&quot;:[{&quot;jet_parallax_layout_image&quot;:{&quot;url&quot;:&quot;&quot;,&quot;id&quot;:&quot;&quot;,&quot;size&quot;:&quot;&quot;},&quot;_id&quot;:&quot;5e465fa&quot;,&quot;jet_parallax_layout_image_tablet&quot;:{&quot;url&quot;:&quot;&quot;,&quot;id&quot;:&quot;&quot;,&quot;size&quot;:&quot;&quot;},&quot;jet_parallax_layout_image_mobile&quot;:{&quot;url&quot;:&quot;&quot;,&quot;id&quot;:&quot;&quot;,&quot;size&quot;:&quot;&quot;},&quot;jet_parallax_layout_speed&quot;:{&quot;unit&quot;:&quot;%&quot;,&quot;size&quot;:50,&quot;sizes&quot;:[]},&quot;jet_parallax_layout_type&quot;:&quot;scroll&quot;,&quot;jet_parallax_layout_direction&quot;:&quot;1&quot;,&quot;jet_parallax_layout_fx_direction&quot;:null,&quot;jet_parallax_layout_z_index&quot;:&quot;&quot;,&quot;jet_parallax_layout_bg_x&quot;:50,&quot;jet_parallax_layout_bg_x_tablet&quot;:&quot;&quot;,&quot;jet_parallax_layout_bg_x_mobile&quot;:&quot;&quot;,&quot;jet_parallax_layout_bg_y&quot;:50,&quot;jet_parallax_layout_bg_y_tablet&quot;:&quot;&quot;,&quot;jet_parallax_layout_bg_y_mobile&quot;:&quot;&quot;,&quot;jet_parallax_layout_bg_size&quot;:&quot;auto&quot;,&quot;jet_parallax_layout_bg_size_tablet&quot;:&quot;&quot;,&quot;jet_parallax_layout_bg_size_mobile&quot;:&quot;&quot;,&quot;jet_parallax_layout_animation_prop&quot;:&quot;transform&quot;,&quot;jet_parallax_layout_on&quot;:[&quot;desktop&quot;,&quot;tablet&quot;]}],&quot;background_background&quot;:&quot;classic&quot;}\">\n\t\t\t\t\t\t<div class=\"elementor-container elementor-column-gap-no\">\n\t\t\t\t\t<div class=\"elementor-column elementor-col-50 elementor-top-column elementor-element elementor-element-bc48508\" data-id=\"bc48508\" data-element_type=\"column\" data-e-type=\"column\" data-settings=\"{&quot;background_background&quot;:&quot;classic&quot;}\">\n\t\t\t<div class=\"elementor-widget-wrap elementor-element-populated\">\n\t\t\t\t\t\t<div class=\"elementor-element elementor-element-2c2c7e5 elementor-nav-menu__align-justify elementor-nav-menu--dropdown-none elementor-widget elementor-widget-global elementor-global-952 elementor-widget-nav-menu\" data-id=\"2c2c7e5\" data-element_type=\"widget\" data-e-type=\"widget\" id=\"about-menu\" data-settings=\"{&quot;layout&quot;:&quot;vertical&quot;,&quot;submenu_icon&quot;:{&quot;value&quot;:&quot;fas fa-caret-down&quot;,&quot;library&quot;:&quot;fa-solid&quot;}}\" data-widget_type=\"nav-menu.default\">\n\t\t\t\t<div class=\"elementor-widget-container\">\n\t\t\t\t\t\t\t\t<nav aria-label=\"Menu\" class=\"elementor-nav-menu--main elementor-nav-menu__container elementor-nav-menu--layout-vertical e--pointer-none\">\n\t\t\t\t<ul id=\"menu-1-2c2c7e5\" class=\"elementor-nav-menu sm-vertical\"><li class=\"menu-item menu-item-type-post_type menu-item-object-page menu-item-2972\"><a href=\"https:\/\/selfie-ptk.eu\/pt\/about\/\" class=\"elementor-item menu-link\">Sobre o SELFIE PTK<\/a><\/li>\n<li class=\"menu-item menu-item-type-post_type menu-item-object-page menu-item-912\"><a href=\"https:\/\/selfie-ptk.eu\/pt\/about\/what-is-the-selfie-ptk-for\/\" class=\"elementor-item menu-link\">Para que serve o SELFIE PTK?<\/a><\/li>\n<li class=\"menu-item menu-item-type-post_type menu-item-object-page menu-item-911\"><a href=\"https:\/\/selfie-ptk.eu\/pt\/about\/who-is-the-selfie-ptk-for\/\" class=\"elementor-item menu-link\">Quem s\u00e3o os destinat\u00e1rios do SELFIE PTK?<\/a><\/li>\n<li class=\"menu-item menu-item-type-post_type menu-item-object-page menu-item-910\"><a href=\"https:\/\/selfie-ptk.eu\/pt\/about\/who-has-produced-the-selfie-ptk\/\" class=\"elementor-item menu-link\">Quem produziu o SELFIE PTK?<\/a><\/li>\n<li class=\"menu-item menu-item-type-post_type menu-item-object-page menu-item-909\"><a href=\"https:\/\/selfie-ptk.eu\/pt\/about\/how-does-the-selfie-ptk-work\/\" class=\"elementor-item menu-link\">Como funciona o SELFIE PTK?<\/a><\/li>\n<li class=\"menu-item menu-item-type-post_type menu-item-object-page menu-item-908\"><a href=\"https:\/\/selfie-ptk.eu\/pt\/about\/what-is-a-selfie-based-action-plan\/\" class=\"elementor-item menu-link\">O que \u00e9 o Plano de A\u00e7\u00e3o para o Desenvolvimento Digital da Escola (PADDE) baseado na SELFIE?<\/a><\/li>\n<li class=\"menu-item menu-item-type-post_type menu-item-object-page menu-item-4244\"><a href=\"https:\/\/selfie-ptk.eu\/pt\/about\/selfie-tool-and-selfie-school-report\/\" class=\"elementor-item menu-link\">Ferramenta SELFIE e Relat\u00f3rio SELFIE<\/a><\/li>\n<\/ul>\t\t\t<\/nav>\n\t\t\t\t\t\t<nav class=\"elementor-nav-menu--dropdown elementor-nav-menu__container\" aria-hidden=\"true\">\n\t\t\t\t<ul id=\"menu-2-2c2c7e5\" class=\"elementor-nav-menu sm-vertical\"><li class=\"menu-item menu-item-type-post_type menu-item-object-page menu-item-2972\"><a href=\"https:\/\/selfie-ptk.eu\/pt\/about\/\" class=\"elementor-item menu-link\" tabindex=\"-1\">Sobre o SELFIE PTK<\/a><\/li>\n<li class=\"menu-item menu-item-type-post_type menu-item-object-page menu-item-912\"><a href=\"https:\/\/selfie-ptk.eu\/pt\/about\/what-is-the-selfie-ptk-for\/\" class=\"elementor-item menu-link\" tabindex=\"-1\">Para que serve o SELFIE PTK?<\/a><\/li>\n<li class=\"menu-item menu-item-type-post_type menu-item-object-page menu-item-911\"><a href=\"https:\/\/selfie-ptk.eu\/pt\/about\/who-is-the-selfie-ptk-for\/\" class=\"elementor-item menu-link\" tabindex=\"-1\">Quem s\u00e3o os destinat\u00e1rios do SELFIE PTK?<\/a><\/li>\n<li class=\"menu-item menu-item-type-post_type menu-item-object-page menu-item-910\"><a href=\"https:\/\/selfie-ptk.eu\/pt\/about\/who-has-produced-the-selfie-ptk\/\" class=\"elementor-item menu-link\" tabindex=\"-1\">Quem produziu o SELFIE PTK?<\/a><\/li>\n<li class=\"menu-item menu-item-type-post_type menu-item-object-page menu-item-909\"><a href=\"https:\/\/selfie-ptk.eu\/pt\/about\/how-does-the-selfie-ptk-work\/\" class=\"elementor-item menu-link\" tabindex=\"-1\">Como funciona o SELFIE PTK?<\/a><\/li>\n<li class=\"menu-item menu-item-type-post_type menu-item-object-page menu-item-908\"><a href=\"https:\/\/selfie-ptk.eu\/pt\/about\/what-is-a-selfie-based-action-plan\/\" class=\"elementor-item menu-link\" tabindex=\"-1\">O que \u00e9 o Plano de A\u00e7\u00e3o para o Desenvolvimento Digital da Escola (PADDE) baseado na SELFIE?<\/a><\/li>\n<li class=\"menu-item menu-item-type-post_type menu-item-object-page menu-item-4244\"><a href=\"https:\/\/selfie-ptk.eu\/pt\/about\/selfie-tool-and-selfie-school-report\/\" class=\"elementor-item menu-link\" tabindex=\"-1\">Ferramenta SELFIE e Relat\u00f3rio SELFIE<\/a><\/li>\n<\/ul>\t\t\t<\/nav>\n\t\t\t\t\t\t<\/div>\n\t\t\t\t<\/div>\n\t\t\t\t\t<\/div>\n\t\t<\/div>\n\t\t\t\t<div class=\"elementor-column elementor-col-50 elementor-top-column elementor-element elementor-element-0f6c6b3\" data-id=\"0f6c6b3\" data-element_type=\"column\" data-e-type=\"column\">\n\t\t\t<div class=\"elementor-widget-wrap elementor-element-populated\">\n\t\t\t\t\t\t<div class=\"elementor-element elementor-element-aa7dd78 elementor-widget elementor-widget-heading\" data-id=\"aa7dd78\" data-element_type=\"widget\" data-e-type=\"widget\" data-widget_type=\"heading.default\">\n\t\t\t\t<div class=\"elementor-widget-container\">\n\t\t\t\t\t<h2 class=\"elementor-heading-title elementor-size-default\">Quem s\u00e3o os destinat\u00e1rios do SELFIE PTK?<\/h2>\t\t\t\t<\/div>\n\t\t\t\t<\/div>\n\t\t\t\t<div class=\"elementor-element elementor-element-966b4b6 elementor-widget elementor-widget-text-editor\" data-id=\"966b4b6\" data-element_type=\"widget\" data-e-type=\"widget\" data-widget_type=\"text-editor.default\">\n\t\t\t\t<div class=\"elementor-widget-container\">\n\t\t\t\t\t\t\t\t\t<p class=\"translation-block\">A SELFIE PTK destina-se a apoiar <strong>individualmente cada escola (1.\u00ba, 2.\u00ba, 3.\u00ba ciclos e secund\u00e1ria)<\/strong> quer  tenha j\u00e1 aplicado ou tenha inten\u00e7\u00e3o de aplicar a ferramenta SELFIE, para fazer uma autorreflex\u00e3o sobre a sua profici\u00eancia digital.  Este processo permite-lhe alcan\u00e7ar benef\u00edcios pr\u00e1ticos, ao n\u00edvel da educa\u00e7\u00e3o digital, criando e pondo em pr\u00e1tica um PADDE. Toda a comunidade educativa ir\u00e1 desempenhar um papel nas a\u00e7\u00f5es estabelecidas no Plano. No entanto, esbo\u00e7ar este mesmo Plano, envolver os dirigentes escolares e os professores (partilhar objetivos e assegurar o seu compromisso para operacionalizar as atividades propostas), e, de seguida, monitorizar as  a\u00e7\u00f5es e o modo como s\u00e3o postas em pr\u00e1tica (e com que resultados) \u00e9 a principal responsabilidade de uma pequena equipa, a Equipa de Desenvolvimento Digital (EDD). Trata-se de um de grupo de trabalho que \u00e9, normalmente, constitu\u00eddo pelo coordenador da SELFIE na escola, o diretor e outros elementos com conhecimento hol\u00edstico sobre a integra\u00e7\u00e3o do digital em contexto educativo (coordenador de departamento disciplinar, Coordenador TIC, professor de inform\u00e1tica, professor respons\u00e1vel pela avalia\u00e7\u00e3o da escola, coordenador do plano de forma\u00e7\u00e3o e desenvolvimento profissional, ou outro) bem como qualquer outro membro da comunidade educativa com responsabilidade na gest\u00e3o ou organiza\u00e7\u00e3o da escola.<\/p><p>Os elementos das equipas EDD ser\u00e3o os principais utilizadores do SELFIE PTK, no entanto, outros elementos podem beneficiar da sua utiliza\u00e7\u00e3o, tais como as escolas que usam quadros de refer\u00eancia e ferramentas diferentes da fam\u00edlia DigCompOrg-SELFIE. Podem ainda tirar partido do SELFIE PTK autoridades educativas locais, regionais, Centros de Compet\u00eancia TIC, Minist\u00e9rio da Educa\u00e7\u00e3o, entre outros.<\/p>\t\t\t\t\t\t\t\t<\/div>\n\t\t\t\t<\/div>\n\t\t\t\t<div class=\"elementor-element elementor-element-1ad72b4 elementor-align-left elementor-widget elementor-widget-button\" data-id=\"1ad72b4\" data-element_type=\"widget\" data-e-type=\"widget\" data-widget_type=\"button.default\">\n\t\t\t\t<div class=\"elementor-widget-container\">\n\t\t\t\t\t\t\t\t\t<div class=\"elementor-button-wrapper\">\n\t\t\t\t\t<a class=\"elementor-button elementor-button-link elementor-size-sm\" href=\"\/pt\/who-has-produced-the-selfie-ptk\/\">\n\t\t\t\t\t\t<span class=\"elementor-button-content-wrapper\">\n\t\t\t\t\t\t<span class=\"elementor-button-icon\">\n\t\t\t\t<i aria-hidden=\"true\" class=\"fas fa-long-arrow-alt-right\"><\/i>\t\t\t<\/span>\n\t\t\t\t\t\t\t\t\t<span class=\"elementor-button-text\">Quem produziu o SELFIE PTK?<\/span>\n\t\t\t\t\t<\/span>\n\t\t\t\t\t<\/a>\n\t\t\t\t<\/div>\n\t\t\t\t\t\t\t\t<\/div>\n\t\t\t\t<\/div>\n\t\t\t\t\t<\/div>\n\t\t<\/div>\n\t\t\t\t\t<\/div>\n\t\t<\/section>\n\t\t\t\t<\/div>","protected":false},"excerpt":{"rendered":"<p>Who is the SELFIE PTK for? The SELFIE PTK is intended for individual primary and secondary schools, who have either used or would like to use the SELFIE tool to self-reflect about their digital competence and want to gain practical digital education benefits from that process by drawing up and enacting a personalised SELFIE-based Action [&hellip;]<\/p>","protected":false},"author":1,"featured_media":0,"parent":134,"menu_order":2,"comment_status":"closed","ping_status":"closed","template":"","meta":{"site-sidebar-layout":"no-sidebar","site-content-layout":"page-builder","ast-site-content-layout":"default","site-content-style":"default","site-sidebar-style":"default","ast-global-header-display":"","ast-banner-title-visibility":"","ast-main-header-display":"","ast-hfb-above-header-display":"","ast-hfb-below-header-display":"","ast-hfb-mobile-header-display":"","site-post-title":"disabled","ast-breadcrumbs-content":"","ast-featured-img":"disabled","footer-sml-layout":"","theme-transparent-header-meta":"default","adv-header-id-meta":"","stick-header-meta":"","header-above-stick-meta":"","header-main-stick-meta":"","header-below-stick-meta":"","astra-migrate-meta-layouts":"default","ast-page-background-enabled":"default","ast-page-background-meta":{"desktop":{"background-color":"","background-image":"","background-repeat":"repeat","background-position":"center center","background-size":"auto","background-attachment":"scroll","background-type":"","background-media":"","overlay-type":"","overlay-color":"","overlay-opacity":"","overlay-gradient":""},"tablet":{"background-color":"","background-image":"","background-repeat":"repeat","background-position":"center center","background-size":"auto","background-attachment":"scroll","background-type":"","background-media":"","overlay-type":"","overlay-color":"","overlay-opacity":"","overlay-gradient":""},"mobile":{"background-color":"","background-image":"","background-repeat":"repeat","background-position":"center center","background-size":"auto","background-attachment":"scroll","background-type":"","background-media":"","overlay-type":"","overlay-color":"","overlay-opacity":"","overlay-gradient":""}},"ast-content-background-meta":{"desktop":{"background-color":"var(--ast-global-color-5)","background-image":"","background-repeat":"repeat","background-position":"center center","background-size":"auto","background-attachment":"scroll","background-type":"","background-media":"","overlay-type":"","overlay-color":"","overlay-opacity":"","overlay-gradient":""},"tablet":{"background-color":"var(--ast-global-color-5)","background-image":"","background-repeat":"repeat","background-position":"center center","background-size":"auto","background-attachment":"scroll","background-type":"","background-media":"","overlay-type":"","overlay-color":"","overlay-opacity":"","overlay-gradient":""},"mobile":{"background-color":"var(--ast-global-color-5)","background-image":"","background-repeat":"repeat","background-position":"center center","background-size":"auto","background-attachment":"scroll","background-type":"","background-media":"","overlay-type":"","overlay-color":"","overlay-opacity":"","overlay-gradient":""}},"footnotes":""},"class_list":["post-867","page","type-page","status-publish","hentry"],"_links":{"self":[{"href":"https:\/\/selfie-ptk.eu\/pt\/wp-json\/wp\/v2\/pages\/867","targetHints":{"allow":["GET"]}}],"collection":[{"href":"https:\/\/selfie-ptk.eu\/pt\/wp-json\/wp\/v2\/pages"}],"about":[{"href":"https:\/\/selfie-ptk.eu\/pt\/wp-json\/wp\/v2\/types\/page"}],"author":[{"embeddable":true,"href":"https:\/\/selfie-ptk.eu\/pt\/wp-json\/wp\/v2\/users\/1"}],"replies":[{"embeddable":true,"href":"https:\/\/selfie-ptk.eu\/pt\/wp-json\/wp\/v2\/comments?post=867"}],"version-history":[{"count":5,"href":"https:\/\/selfie-ptk.eu\/pt\/wp-json\/wp\/v2\/pages\/867\/revisions"}],"predecessor-version":[{"id":4311,"href":"https:\/\/selfie-ptk.eu\/pt\/wp-json\/wp\/v2\/pages\/867\/revisions\/4311"}],"up":[{"embeddable":true,"href":"https:\/\/selfie-ptk.eu\/pt\/wp-json\/wp\/v2\/pages\/134"}],"wp:attachment":[{"href":"https:\/\/selfie-ptk.eu\/pt\/wp-json\/wp\/v2\/media?parent=867"}],"curies":[{"name":"wp","href":"https:\/\/api.w.org\/{rel}","templated":true}]}}