{"id":903,"date":"2021-06-30T10:35:21","date_gmt":"2021-06-30T07:35:21","guid":{"rendered":"http:\/\/selfie-ptk.eu\/?page_id=903"},"modified":"2023-11-22T12:47:16","modified_gmt":"2023-11-22T10:47:16","slug":"what-is-a-selfie-based-action-plan","status":"publish","type":"page","link":"https:\/\/selfie-ptk.eu\/pt\/about\/what-is-a-selfie-based-action-plan\/","title":{"rendered":"O que \u00e9 o Plano de A\u00e7\u00e3o para o Desenvolvimento Digital da Escola (PADDE) baseado na SELFIE?"},"content":{"rendered":"<div data-elementor-type=\"wp-page\" data-elementor-id=\"903\" class=\"elementor elementor-903\" data-elementor-post-type=\"page\">\n\t\t\t\t\t\t<section class=\"elementor-section elementor-top-section elementor-element elementor-element-f22398a elementor-section-height-min-height elementor-section-content-middle elementor-section-boxed elementor-section-height-default elementor-section-items-middle\" data-id=\"f22398a\" data-element_type=\"section\" data-e-type=\"section\" data-settings=\"{&quot;background_background&quot;:&quot;classic&quot;,&quot;jet_parallax_layout_list&quot;:[{&quot;jet_parallax_layout_image&quot;:{&quot;url&quot;:&quot;&quot;,&quot;id&quot;:&quot;&quot;,&quot;size&quot;:&quot;&quot;},&quot;_id&quot;:&quot;b02d9d9&quot;,&quot;jet_parallax_layout_image_tablet&quot;:{&quot;url&quot;:&quot;&quot;,&quot;id&quot;:&quot;&quot;,&quot;size&quot;:&quot;&quot;},&quot;jet_parallax_layout_image_mobile&quot;:{&quot;url&quot;:&quot;&quot;,&quot;id&quot;:&quot;&quot;,&quot;size&quot;:&quot;&quot;},&quot;jet_parallax_layout_speed&quot;:{&quot;unit&quot;:&quot;%&quot;,&quot;size&quot;:50,&quot;sizes&quot;:[]},&quot;jet_parallax_layout_type&quot;:&quot;scroll&quot;,&quot;jet_parallax_layout_direction&quot;:&quot;1&quot;,&quot;jet_parallax_layout_fx_direction&quot;:null,&quot;jet_parallax_layout_z_index&quot;:&quot;&quot;,&quot;jet_parallax_layout_bg_x&quot;:50,&quot;jet_parallax_layout_bg_x_tablet&quot;:&quot;&quot;,&quot;jet_parallax_layout_bg_x_mobile&quot;:&quot;&quot;,&quot;jet_parallax_layout_bg_y&quot;:50,&quot;jet_parallax_layout_bg_y_tablet&quot;:&quot;&quot;,&quot;jet_parallax_layout_bg_y_mobile&quot;:&quot;&quot;,&quot;jet_parallax_layout_bg_size&quot;:&quot;auto&quot;,&quot;jet_parallax_layout_bg_size_tablet&quot;:&quot;&quot;,&quot;jet_parallax_layout_bg_size_mobile&quot;:&quot;&quot;,&quot;jet_parallax_layout_animation_prop&quot;:&quot;transform&quot;,&quot;jet_parallax_layout_on&quot;:[&quot;desktop&quot;,&quot;tablet&quot;]}]}\">\n\t\t\t\t\t\t\t<div class=\"elementor-background-overlay\"><\/div>\n\t\t\t\t\t\t\t<div class=\"elementor-container elementor-column-gap-no\">\n\t\t\t\t\t<div class=\"elementor-column elementor-col-100 elementor-top-column elementor-element elementor-element-23e460f\" data-id=\"23e460f\" data-element_type=\"column\" data-e-type=\"column\">\n\t\t\t<div class=\"elementor-widget-wrap elementor-element-populated\">\n\t\t\t\t\t\t\t<\/div>\n\t\t<\/div>\n\t\t\t\t\t<\/div>\n\t\t<\/section>\n\t\t\t\t<section class=\"elementor-section elementor-top-section elementor-element elementor-element-c2f96a3 elementor-section-content-bottom elementor-section-boxed elementor-section-height-default elementor-section-height-default\" data-id=\"c2f96a3\" data-element_type=\"section\" data-e-type=\"section\" data-settings=\"{&quot;jet_parallax_layout_list&quot;:[{&quot;jet_parallax_layout_image&quot;:{&quot;url&quot;:&quot;&quot;,&quot;id&quot;:&quot;&quot;,&quot;size&quot;:&quot;&quot;},&quot;_id&quot;:&quot;5e465fa&quot;,&quot;jet_parallax_layout_image_tablet&quot;:{&quot;url&quot;:&quot;&quot;,&quot;id&quot;:&quot;&quot;,&quot;size&quot;:&quot;&quot;},&quot;jet_parallax_layout_image_mobile&quot;:{&quot;url&quot;:&quot;&quot;,&quot;id&quot;:&quot;&quot;,&quot;size&quot;:&quot;&quot;},&quot;jet_parallax_layout_speed&quot;:{&quot;unit&quot;:&quot;%&quot;,&quot;size&quot;:50,&quot;sizes&quot;:[]},&quot;jet_parallax_layout_type&quot;:&quot;scroll&quot;,&quot;jet_parallax_layout_direction&quot;:&quot;1&quot;,&quot;jet_parallax_layout_fx_direction&quot;:null,&quot;jet_parallax_layout_z_index&quot;:&quot;&quot;,&quot;jet_parallax_layout_bg_x&quot;:50,&quot;jet_parallax_layout_bg_x_tablet&quot;:&quot;&quot;,&quot;jet_parallax_layout_bg_x_mobile&quot;:&quot;&quot;,&quot;jet_parallax_layout_bg_y&quot;:50,&quot;jet_parallax_layout_bg_y_tablet&quot;:&quot;&quot;,&quot;jet_parallax_layout_bg_y_mobile&quot;:&quot;&quot;,&quot;jet_parallax_layout_bg_size&quot;:&quot;auto&quot;,&quot;jet_parallax_layout_bg_size_tablet&quot;:&quot;&quot;,&quot;jet_parallax_layout_bg_size_mobile&quot;:&quot;&quot;,&quot;jet_parallax_layout_animation_prop&quot;:&quot;transform&quot;,&quot;jet_parallax_layout_on&quot;:[&quot;desktop&quot;,&quot;tablet&quot;]}],&quot;background_background&quot;:&quot;classic&quot;}\">\n\t\t\t\t\t\t<div class=\"elementor-container elementor-column-gap-no\">\n\t\t\t\t\t<div class=\"elementor-column elementor-col-50 elementor-top-column elementor-element elementor-element-410864d\" data-id=\"410864d\" data-element_type=\"column\" data-e-type=\"column\" data-settings=\"{&quot;background_background&quot;:&quot;classic&quot;}\">\n\t\t\t<div class=\"elementor-widget-wrap elementor-element-populated\">\n\t\t\t\t\t\t<div class=\"elementor-element elementor-element-8eb039d elementor-nav-menu__align-justify elementor-nav-menu--dropdown-none elementor-widget elementor-widget-global elementor-global-952 elementor-widget-nav-menu\" data-id=\"8eb039d\" data-element_type=\"widget\" data-e-type=\"widget\" id=\"about-menu\" data-settings=\"{&quot;layout&quot;:&quot;vertical&quot;,&quot;submenu_icon&quot;:{&quot;value&quot;:&quot;fas fa-caret-down&quot;,&quot;library&quot;:&quot;fa-solid&quot;}}\" data-widget_type=\"nav-menu.default\">\n\t\t\t\t<div class=\"elementor-widget-container\">\n\t\t\t\t\t\t\t\t<nav aria-label=\"Menu\" class=\"elementor-nav-menu--main elementor-nav-menu__container elementor-nav-menu--layout-vertical e--pointer-none\">\n\t\t\t\t<ul id=\"menu-1-8eb039d\" class=\"elementor-nav-menu sm-vertical\"><li class=\"menu-item menu-item-type-post_type menu-item-object-page menu-item-2972\"><a href=\"https:\/\/selfie-ptk.eu\/pt\/about\/\" class=\"elementor-item menu-link\">Sobre o SELFIE PTK<\/a><\/li>\n<li class=\"menu-item menu-item-type-post_type menu-item-object-page menu-item-912\"><a href=\"https:\/\/selfie-ptk.eu\/pt\/about\/what-is-the-selfie-ptk-for\/\" class=\"elementor-item menu-link\">Para que serve o SELFIE PTK?<\/a><\/li>\n<li class=\"menu-item menu-item-type-post_type menu-item-object-page menu-item-911\"><a href=\"https:\/\/selfie-ptk.eu\/pt\/about\/who-is-the-selfie-ptk-for\/\" class=\"elementor-item menu-link\">Quem s\u00e3o os destinat\u00e1rios do SELFIE PTK?<\/a><\/li>\n<li class=\"menu-item menu-item-type-post_type menu-item-object-page menu-item-910\"><a href=\"https:\/\/selfie-ptk.eu\/pt\/about\/who-has-produced-the-selfie-ptk\/\" class=\"elementor-item menu-link\">Quem produziu o SELFIE PTK?<\/a><\/li>\n<li class=\"menu-item menu-item-type-post_type menu-item-object-page menu-item-909\"><a href=\"https:\/\/selfie-ptk.eu\/pt\/about\/how-does-the-selfie-ptk-work\/\" class=\"elementor-item menu-link\">Como funciona o SELFIE PTK?<\/a><\/li>\n<li class=\"menu-item menu-item-type-post_type menu-item-object-page menu-item-908\"><a href=\"https:\/\/selfie-ptk.eu\/pt\/about\/what-is-a-selfie-based-action-plan\/\" class=\"elementor-item menu-link\">O que \u00e9 o Plano de A\u00e7\u00e3o para o Desenvolvimento Digital da Escola (PADDE) baseado na SELFIE?<\/a><\/li>\n<li class=\"menu-item menu-item-type-post_type menu-item-object-page menu-item-4244\"><a href=\"https:\/\/selfie-ptk.eu\/pt\/about\/selfie-tool-and-selfie-school-report\/\" class=\"elementor-item menu-link\">Ferramenta SELFIE e Relat\u00f3rio SELFIE<\/a><\/li>\n<\/ul>\t\t\t<\/nav>\n\t\t\t\t\t\t<nav class=\"elementor-nav-menu--dropdown elementor-nav-menu__container\" aria-hidden=\"true\">\n\t\t\t\t<ul id=\"menu-2-8eb039d\" class=\"elementor-nav-menu sm-vertical\"><li class=\"menu-item menu-item-type-post_type menu-item-object-page menu-item-2972\"><a href=\"https:\/\/selfie-ptk.eu\/pt\/about\/\" class=\"elementor-item menu-link\" tabindex=\"-1\">Sobre o SELFIE PTK<\/a><\/li>\n<li class=\"menu-item menu-item-type-post_type menu-item-object-page menu-item-912\"><a href=\"https:\/\/selfie-ptk.eu\/pt\/about\/what-is-the-selfie-ptk-for\/\" class=\"elementor-item menu-link\" tabindex=\"-1\">Para que serve o SELFIE PTK?<\/a><\/li>\n<li class=\"menu-item menu-item-type-post_type menu-item-object-page menu-item-911\"><a href=\"https:\/\/selfie-ptk.eu\/pt\/about\/who-is-the-selfie-ptk-for\/\" class=\"elementor-item menu-link\" tabindex=\"-1\">Quem s\u00e3o os destinat\u00e1rios do SELFIE PTK?<\/a><\/li>\n<li class=\"menu-item menu-item-type-post_type menu-item-object-page menu-item-910\"><a href=\"https:\/\/selfie-ptk.eu\/pt\/about\/who-has-produced-the-selfie-ptk\/\" class=\"elementor-item menu-link\" tabindex=\"-1\">Quem produziu o SELFIE PTK?<\/a><\/li>\n<li class=\"menu-item menu-item-type-post_type menu-item-object-page menu-item-909\"><a href=\"https:\/\/selfie-ptk.eu\/pt\/about\/how-does-the-selfie-ptk-work\/\" class=\"elementor-item menu-link\" tabindex=\"-1\">Como funciona o SELFIE PTK?<\/a><\/li>\n<li class=\"menu-item menu-item-type-post_type menu-item-object-page menu-item-908\"><a href=\"https:\/\/selfie-ptk.eu\/pt\/about\/what-is-a-selfie-based-action-plan\/\" class=\"elementor-item menu-link\" tabindex=\"-1\">O que \u00e9 o Plano de A\u00e7\u00e3o para o Desenvolvimento Digital da Escola (PADDE) baseado na SELFIE?<\/a><\/li>\n<li class=\"menu-item menu-item-type-post_type menu-item-object-page menu-item-4244\"><a href=\"https:\/\/selfie-ptk.eu\/pt\/about\/selfie-tool-and-selfie-school-report\/\" class=\"elementor-item menu-link\" tabindex=\"-1\">Ferramenta SELFIE e Relat\u00f3rio SELFIE<\/a><\/li>\n<\/ul>\t\t\t<\/nav>\n\t\t\t\t\t\t<\/div>\n\t\t\t\t<\/div>\n\t\t\t\t\t<\/div>\n\t\t<\/div>\n\t\t\t\t<div class=\"elementor-column elementor-col-50 elementor-top-column elementor-element elementor-element-e1ccd29\" data-id=\"e1ccd29\" data-element_type=\"column\" data-e-type=\"column\">\n\t\t\t<div class=\"elementor-widget-wrap elementor-element-populated\">\n\t\t\t\t\t\t<div class=\"elementor-element elementor-element-dbd9e71 elementor-widget elementor-widget-heading\" data-id=\"dbd9e71\" data-element_type=\"widget\" data-e-type=\"widget\" data-widget_type=\"heading.default\">\n\t\t\t\t<div class=\"elementor-widget-container\">\n\t\t\t\t\t<h2 class=\"elementor-heading-title elementor-size-default\">O que \u00e9 o Plano de A\u00e7\u00e3o para o Desenvolvimento Digital da Escola (PADDE) baseado na SELFIE?<\/h2>\t\t\t\t<\/div>\n\t\t\t\t<\/div>\n\t\t\t\t<div class=\"elementor-element elementor-element-0cfe66c elementor-widget elementor-widget-text-editor\" data-id=\"0cfe66c\" data-element_type=\"widget\" data-e-type=\"widget\" data-widget_type=\"text-editor.default\">\n\t\t\t\t<div class=\"elementor-widget-container\">\n\t\t\t\t\t\t\t\t\t<p class=\"translation-block\">Tal como anteriormente mencionado, a SELFIE PTK foi concebido para  apoiar na interpreta\u00e7\u00e3o do Relat\u00f3rio SELFIE da escola e, de seguida, para  ajudar a usar as perce\u00e7\u00f5es obtidas como base para produzir um plano bem estruturado e baseado em evid\u00eancias (que intitulamos de <strong>Plano de A\u00e7\u00e3o para o Desenvolvimento Digital da Escola (PADDE)<\/strong> com vista uso eficiente das tecnologias digitais no \u00e2mbito do ensino e da aprendizagem. Este plano produzido pela Equipa de Desenvolvimento Digital da escola (EDD) \u00e9 um documento aut\u00f3nomo que sugere atividades que, tipicamente, conseguem ser implementadas ao longo de um ano letivo (ou, em alguns casos, durante um per\u00edodo de tempo mais alargado). Estas atividades ser\u00e3o geridas, monitorizadas, e ajustadas sempre que for necess\u00e1rio. O impacto no desenvolvimento da profici\u00eancia digital da escola nas \u00e1reas\/itens selecionadas da SELFIE ser\u00e1 avaliado. A an\u00e1lise desses resultados de impacto dever\u00e1 ajud\u00e1-lo a aperfei\u00e7oar e desenvolver ainda mais o PADDE da sua escola, abrindo espa\u00e7o a uma an\u00e1lise c\u00edclica do desenvolvimento da profici\u00eancia digital da escola. Assim, o objetivo \u00e9 estimular e manter um processo cont\u00ednuo e sistem\u00e1tico em que todos os membros da comunidade escolar estejam ativamente envolvidos.<\/p><p>\u00c9 poss\u00edvel que o PADDE fa\u00e7a parte de um Plano de Melhoria Escolar ou que possa estar ligado a outras pol\u00edticas educativas, ou at\u00e9 mesmo a quadros de refer\u00eancia estabelecidos para as escolas da sua regi\u00e3o e\/ou pa\u00eds. Este pode conter a seguinte informa\u00e7\u00e3o:<\/p><ol><li class=\"translation-block\">Uma descri\u00e7\u00e3o do estado atual das estrat\u00e9gias digitais da  escola bem como das suas pr\u00e1ticas baseadas nos resultados obtidos atrav\u00e9s da aplica\u00e7\u00e3o da SELFIE. <em>(Etapas <a href=\"http:\/\/selfie-ptk.eu\/pt\/use-selfie-ptk\/step-1\/\" target=\"_blank\" rel=\"noopener\">1<\/a> &amp; <a href=\"http:\/\/selfie-ptk.eu\/pt\/use-selfie-ptk\/step-2\/\" target=\"_blank\" rel=\"noopener\">2<\/a> da SELFIE PTK)<\/em><\/li><li class=\"translation-block\">Lista priorit\u00e1ria de \u00e1reas SELFIE e itens selecionados identificados como requerendo a\u00e7\u00e3o, juntamente com objetivos definidos para a prossecu\u00e7\u00e3o de melhorias alinhadas com estas prioridades. <em>(<a href=\"http:\/\/selfie-ptk.eu\/pt\/use-selfie-ptk\/step-3\/\" target=\"_blank\" rel=\"noopener\">Etapa 3<\/a> da SELFIE PTK)<\/em><\/li><li class=\"translation-block\">Uma descri\u00e7\u00e3o geral do conjunto de atividades que devem ser realizadas de modo a alcan\u00e7ar os objetivos e atender \u00e0s prioridades definidas. <em>(<a href=\"http:\/\/selfie-ptk.eu\/pt\/use-selfie-ptk\/step-4\/\" target=\"_blank\" rel=\"noopener\">Etapa 4<\/a> da SELFIE PTK)<\/em><\/li><li class=\"translation-block\">Descri\u00e7\u00e3o anal\u00edtica detalhada de cada atividade, especificando aspetos como quem ser\u00e1 respons\u00e1vel, o cronograma de execu\u00e7\u00e3o e conclus\u00e3o da atividade, os resultados esperados, como a atividade ser\u00e1 monitorizada e avaliada. <em>(<a href=\"http:\/\/selfie-ptk.eu\/pt\/use-selfie-ptk\/step-5\/\" target=\"_blank\" rel=\"noopener\">Etapa 5<\/a> da SELFIE PTK)<\/em><\/li><li class=\"translation-block\">Algum tipo de an\u00e1lise cr\u00edtica para cada atividade implementada, a acrescentar ao plano quando a revis\u00e3o do mesmo for realizada. <em>(<a href=\"http:\/\/selfie-ptk.eu\/pt\/use-selfie-ptk\/step-7\/\" target=\"_blank\" rel=\"noopener\">Etapa 7<\/a> da SELFIE PTK)<\/em><\/li><li class=\"translation-block\">Reflex\u00f5es gerais sobre o modo como foi implementado o PADDE e como foram obtidos os resultados logo que este fique conclu\u00eddo, de modo a servir de base para a pr\u00f3xima fase do ciclo de planeamento. <em>(<a href=\"http:\/\/selfie-ptk.eu\/pt\/use-selfie-ptk\/step-7\/\" target=\"_blank\" rel=\"noopener\">Etapa 7<\/a> da SELFIE PTK)<\/em><\/li><\/ol><p class=\"translation-block\">Pode descarregar um modelo de documento a utilizar para o seu PADDE no formato <a href=\"https:\/\/selfie-ptk.eu\/wp-content\/uploads\/2023\/02\/PTK_SupportTool_STEP4_5_7_-PT-Proposta-de-Modelo-de-PADDE.docx\" target=\"_blank\" rel=\"noopener\">Microsoft Word<\/a> ou <a href=\"https:\/\/selfie-ptk.eu\/wp-content\/uploads\/2023\/02\/PTK_SupportTool_STEP4_5_7_-PT-Proposta-de-Modelo-de-PADDE.pdf\" target=\"_blank\" rel=\"noopener\">PDF<\/a>. As escolas podem criar um modelo novo, adoptar o proposto ou adequ\u00e1-lo \u00e0s suas necessidades espec\u00edficas.<\/p>\t\t\t\t\t\t\t\t<\/div>\n\t\t\t\t<\/div>\n\t\t\t\t\t<\/div>\n\t\t<\/div>\n\t\t\t\t\t<\/div>\n\t\t<\/section>\n\t\t\t\t<\/div>","protected":false},"excerpt":{"rendered":"<p>What is a SELFIE-Based Action Plan? As mentioned, the SELFIE PTK is designed to assist you in interpreting the data contained in your school\u2019s SELFIE Report, and then in using the insights you gain as a basis for producing a soundly structured, evidence-based plan (what we refer to as a SELFIE-based Action Plan) for better [&hellip;]<\/p>","protected":false},"author":1,"featured_media":0,"parent":134,"menu_order":5,"comment_status":"closed","ping_status":"closed","template":"","meta":{"site-sidebar-layout":"no-sidebar","site-content-layout":"page-builder","ast-site-content-layout":"default","site-content-style":"default","site-sidebar-style":"default","ast-global-header-display":"","ast-banner-title-visibility":"","ast-main-header-display":"","ast-hfb-above-header-display":"","ast-hfb-below-header-display":"","ast-hfb-mobile-header-display":"","site-post-title":"disabled","ast-breadcrumbs-content":"","ast-featured-img":"disabled","footer-sml-layout":"","theme-transparent-header-meta":"default","adv-header-id-meta":"","stick-header-meta":"","header-above-stick-meta":"","header-main-stick-meta":"","header-below-stick-meta":"","astra-migrate-meta-layouts":"default","ast-page-background-enabled":"default","ast-page-background-meta":{"desktop":{"background-color":"","background-image":"","background-repeat":"repeat","background-position":"center center","background-size":"auto","background-attachment":"scroll","background-type":"","background-media":"","overlay-type":"","overlay-color":"","overlay-opacity":"","overlay-gradient":""},"tablet":{"background-color":"","background-image":"","background-repeat":"repeat","background-position":"center center","background-size":"auto","background-attachment":"scroll","background-type":"","background-media":"","overlay-type":"","overlay-color":"","overlay-opacity":"","overlay-gradient":""},"mobile":{"background-color":"","background-image":"","background-repeat":"repeat","background-position":"center center","background-size":"auto","background-attachment":"scroll","background-type":"","background-media":"","overlay-type":"","overlay-color":"","overlay-opacity":"","overlay-gradient":""}},"ast-content-background-meta":{"desktop":{"background-color":"var(--ast-global-color-5)","background-image":"","background-repeat":"repeat","background-position":"center center","background-size":"auto","background-attachment":"scroll","background-type":"","background-media":"","overlay-type":"","overlay-color":"","overlay-opacity":"","overlay-gradient":""},"tablet":{"background-color":"var(--ast-global-color-5)","background-image":"","background-repeat":"repeat","background-position":"center center","background-size":"auto","background-attachment":"scroll","background-type":"","background-media":"","overlay-type":"","overlay-color":"","overlay-opacity":"","overlay-gradient":""},"mobile":{"background-color":"var(--ast-global-color-5)","background-image":"","background-repeat":"repeat","background-position":"center center","background-size":"auto","background-attachment":"scroll","background-type":"","background-media":"","overlay-type":"","overlay-color":"","overlay-opacity":"","overlay-gradient":""}},"footnotes":""},"class_list":["post-903","page","type-page","status-publish","hentry"],"_links":{"self":[{"href":"https:\/\/selfie-ptk.eu\/pt\/wp-json\/wp\/v2\/pages\/903","targetHints":{"allow":["GET"]}}],"collection":[{"href":"https:\/\/selfie-ptk.eu\/pt\/wp-json\/wp\/v2\/pages"}],"about":[{"href":"https:\/\/selfie-ptk.eu\/pt\/wp-json\/wp\/v2\/types\/page"}],"author":[{"embeddable":true,"href":"https:\/\/selfie-ptk.eu\/pt\/wp-json\/wp\/v2\/users\/1"}],"replies":[{"embeddable":true,"href":"https:\/\/selfie-ptk.eu\/pt\/wp-json\/wp\/v2\/comments?post=903"}],"version-history":[{"count":5,"href":"https:\/\/selfie-ptk.eu\/pt\/wp-json\/wp\/v2\/pages\/903\/revisions"}],"predecessor-version":[{"id":5460,"href":"https:\/\/selfie-ptk.eu\/pt\/wp-json\/wp\/v2\/pages\/903\/revisions\/5460"}],"up":[{"embeddable":true,"href":"https:\/\/selfie-ptk.eu\/pt\/wp-json\/wp\/v2\/pages\/134"}],"wp:attachment":[{"href":"https:\/\/selfie-ptk.eu\/pt\/wp-json\/wp\/v2\/media?parent=903"}],"curies":[{"name":"wp","href":"https:\/\/api.w.org\/{rel}","templated":true}]}}